{"id":2516,"date":"2024-12-19T21:47:00","date_gmt":"2024-12-19T19:47:00","guid":{"rendered":"https:\/\/cosmoflag.com\/?post_type=product&#038;p=2516"},"modified":"2025-08-12T21:20:27","modified_gmt":"2025-08-12T19:20:27","slug":"bandera-de-fiji","status":"publish","type":"product","link":"https:\/\/cosmoflag.com\/es\/producto\/bandera-de-fiji\/","title":{"rendered":"Bandera de Fiyi"},"content":{"rendered":"<h3><strong>Bandera de Fiyi Caracter\u00edsticas<\/strong><\/h3>\n<p>Nuestra bandera de Fiyi est\u00e1 fabricada en poli\u00e9ster de primera calidad, lo que garantiza una excelente durabilidad para un uso prolongado tanto en interiores como en exteriores. Incluye ojales met\u00e1licos para una instalaci\u00f3n sencilla y una sujeci\u00f3n segura, incluso en condiciones meteorol\u00f3gicas adversas. Con unas medidas de 90 x 150 cm, esta bandera ofrece una visibilidad excepcional en m\u00e1stiles, paredes o durante celebraciones nacionales.<\/p>\n<h3><strong>S\u00edmbolo de unidad e identidad<\/strong><\/h3>\n<p>La bandera de Fiyi, adoptada oficialmente en 1970, presenta un campo azul claro que simboliza el oc\u00e9ano Pac\u00edfico que rodea las islas. La Union Jack en la esquina superior izquierda representa los lazos hist\u00f3ricos de Fiyi con Gran Breta\u00f1a, mientras que el escudo de la derecha contiene im\u00e1genes de un le\u00f3n que sostiene una vaina de cacao, ca\u00f1a de az\u00facar, un cocotero y una paloma de la paz. Juntos, estos elementos reflejan la riqueza agr\u00edcola de Fiyi, su conexi\u00f3n con Gran Breta\u00f1a y sus aspiraciones de paz y unidad.<\/p>\n<h3><strong>Versatilidad de uso<\/strong><\/h3>\n<p>Perfecta para celebraciones nacionales, actos culturales, fines educativos o colecciones personales, la bandera de Fiyi es una representaci\u00f3n significativa de la identidad y el orgullo del pa\u00eds. Sus colores resistentes a la decoloraci\u00f3n y su dise\u00f1o robusto garantizan que siga siendo vibrante e impactante con el paso del tiempo.<\/p>","protected":false},"excerpt":{"rendered":"<p>Bandera de 150 x 90 cm con 2 resistentes ojales met\u00e1licos para colgarla con seguridad.<\/p>","protected":false},"featured_media":1567,"comment_status":"open","ping_status":"closed","template":"","meta":{"_gspb_post_css":"","iawp_total_views":2},"product_brand":[],"product_cat":[67,58],"product_tag":[],"class_list":{"0":"post-2516","1":"product","2":"type-product","3":"status-publish","4":"has-post-thumbnail","6":"product_cat-oceania-flag","7":"product_cat-country-flags","9":"first","10":"instock","11":"sale","12":"shipping-taxable","13":"purchasable","14":"product-type-simple"},"_links":{"self":[{"href":"https:\/\/cosmoflag.com\/es\/wp-json\/wp\/v2\/product\/2516","targetHints":{"allow":["GET"]}}],"collection":[{"href":"https:\/\/cosmoflag.com\/es\/wp-json\/wp\/v2\/product"}],"about":[{"href":"https:\/\/cosmoflag.com\/es\/wp-json\/wp\/v2\/types\/product"}],"replies":[{"embeddable":true,"href":"https:\/\/cosmoflag.com\/es\/wp-json\/wp\/v2\/comments?post=2516"}],"wp:featuredmedia":[{"embeddable":true,"href":"https:\/\/cosmoflag.com\/es\/wp-json\/wp\/v2\/media\/1567"}],"wp:attachment":[{"href":"https:\/\/cosmoflag.com\/es\/wp-json\/wp\/v2\/media?parent=2516"}],"wp:term":[{"taxonomy":"product_brand","embeddable":true,"href":"https:\/\/cosmoflag.com\/es\/wp-json\/wp\/v2\/product_brand?post=2516"},{"taxonomy":"product_cat","embeddable":true,"href":"https:\/\/cosmoflag.com\/es\/wp-json\/wp\/v2\/product_cat?post=2516"},{"taxonomy":"product_tag","embeddable":true,"href":"https:\/\/cosmoflag.com\/es\/wp-json\/wp\/v2\/product_tag?post=2516"}],"curies":[{"name":"wp","href":"https:\/\/api.w.org\/{rel}","templated":true}]}}