{"id":2513,"date":"2024-12-19T21:01:00","date_gmt":"2024-12-19T19:01:00","guid":{"rendered":"https:\/\/cosmoflag.com\/?post_type=product&#038;p=2513"},"modified":"2026-01-19T19:08:33","modified_gmt":"2026-01-19T17:08:33","slug":"bandera-de-guerra-imperial-alemana-reichskriegsflagge","status":"publish","type":"product","link":"https:\/\/cosmoflag.com\/es\/producto\/bandera-de-guerra-imperial-alemana-reichskriegsflagge\/","title":{"rendered":"Bandera de guerra imperial alemana Reichskriegsflagge"},"content":{"rendered":"<h3><strong>Bandera de guerra imperial alemana Caracter\u00edsticas<\/strong><\/h3>\n<p>Nuestra bandera de guerra imperial alemana Reichskriegsflagge est\u00e1 fabricada en poli\u00e9ster de primera calidad, lo que garantiza una durabilidad excepcional para un uso prolongado en interiores y exteriores. Incluye ojales met\u00e1licos para una instalaci\u00f3n sencilla y una sujeci\u00f3n segura, incluso en condiciones meteorol\u00f3gicas adversas. Con unas medidas de 90 x 150 cm, esta bandera garantiza una visibilidad excepcional para su exhibici\u00f3n en m\u00e1stiles, paredes o durante recreaciones hist\u00f3ricas.<\/p>\n<h3><strong>Un s\u00edmbolo del patrimonio militar<\/strong><\/h3>\n<p>La Bandera Imperial Alemana de Guerra, tambi\u00e9n conocida como Reichskriegsflagge, fue un emblema clave del Imperio Alem\u00e1n a finales del siglo XIX y principios del XX. Con un campo blanco con una cruz negra y la emblem\u00e1tica \u00e1guila en el centro, el dise\u00f1o refleja la tradici\u00f3n militar y el orgullo nacional. Los acentos rojos simbolizan el valor y la unidad de los estados alemanes. Esta bandera es un recuerdo de un importante periodo de la historia europea.<\/p>\n<h3><strong>Versatilidad de uso<\/strong><\/h3>\n<p>Perfecta para recreaciones hist\u00f3ricas, exposiciones educativas, eventos culturales o como parte de una colecci\u00f3n personal, la bandera de guerra imperial alemana Reichskriegsflagge es una representaci\u00f3n significativa del legado militar y cultural de Alemania. Sus colores resistentes a la decoloraci\u00f3n y su robusto dise\u00f1o garantizan que se mantenga vibrante e impactante con el paso del tiempo.<\/p>","protected":false},"excerpt":{"rendered":"<p>Bandera de 150 x 90 cm con 2 resistentes ojales met\u00e1licos para colgarla con seguridad.<\/p>","protected":false},"featured_media":1593,"comment_status":"open","ping_status":"closed","template":"","meta":{"_gspb_post_css":"","iawp_total_views":113},"product_brand":[],"product_cat":[69],"product_tag":[],"class_list":{"0":"post-2513","1":"product","2":"type-product","3":"status-publish","4":"has-post-thumbnail","6":"product_cat-historical-flags","8":"first","9":"instock","10":"sale","11":"shipping-taxable","12":"purchasable","13":"product-type-simple"},"_links":{"self":[{"href":"https:\/\/cosmoflag.com\/es\/wp-json\/wp\/v2\/product\/2513","targetHints":{"allow":["GET"]}}],"collection":[{"href":"https:\/\/cosmoflag.com\/es\/wp-json\/wp\/v2\/product"}],"about":[{"href":"https:\/\/cosmoflag.com\/es\/wp-json\/wp\/v2\/types\/product"}],"replies":[{"embeddable":true,"href":"https:\/\/cosmoflag.com\/es\/wp-json\/wp\/v2\/comments?post=2513"}],"wp:featuredmedia":[{"embeddable":true,"href":"https:\/\/cosmoflag.com\/es\/wp-json\/wp\/v2\/media\/1593"}],"wp:attachment":[{"href":"https:\/\/cosmoflag.com\/es\/wp-json\/wp\/v2\/media?parent=2513"}],"wp:term":[{"taxonomy":"product_brand","embeddable":true,"href":"https:\/\/cosmoflag.com\/es\/wp-json\/wp\/v2\/product_brand?post=2513"},{"taxonomy":"product_cat","embeddable":true,"href":"https:\/\/cosmoflag.com\/es\/wp-json\/wp\/v2\/product_cat?post=2513"},{"taxonomy":"product_tag","embeddable":true,"href":"https:\/\/cosmoflag.com\/es\/wp-json\/wp\/v2\/product_tag?post=2513"}],"curies":[{"name":"wp","href":"https:\/\/api.w.org\/{rel}","templated":true}]}}