{"id":2508,"date":"2024-12-19T17:22:00","date_gmt":"2024-12-19T15:22:00","guid":{"rendered":"https:\/\/cosmoflag.com\/?post_type=product&#038;p=2508"},"modified":"2025-08-12T21:20:29","modified_gmt":"2025-08-12T19:20:29","slug":"bandera-de-arabia-saudi","status":"publish","type":"product","link":"https:\/\/cosmoflag.com\/es\/producto\/bandera-de-arabia-saudi\/","title":{"rendered":"Bandera de Arabia Saud\u00ed"},"content":{"rendered":"<h3><strong>Bandera de Arabia Saud\u00ed Caracter\u00edsticas<\/strong><\/h3>\n<p>Nuestra bandera de Arabia Saud\u00ed est\u00e1 fabricada en poli\u00e9ster de primera calidad, lo que garantiza su durabilidad tanto en interiores como en exteriores. Incorpora ojales met\u00e1licos para facilitar la instalaci\u00f3n y asegurar la sujeci\u00f3n, incluso en condiciones clim\u00e1ticas adversas. Con unas medidas de 90 x 150 cm, esta bandera garantiza una excelente visibilidad en m\u00e1stiles, paredes o durante eventos culturales.<\/p>\n<h3><strong>S\u00edmbolo de fe e identidad<\/strong><\/h3>\n<p>La bandera de Arabia Saud\u00ed, adoptada oficialmente en 1973, presenta un campo verde que simboliza el Islam, con la declaraci\u00f3n isl\u00e1mica de fe (Shahada) inscrita en letra \u00e1rabe blanca. Debajo, una espada blanca simboliza la justicia y la fuerza de la naci\u00f3n. Juntos, estos elementos reflejan la profunda herencia religiosa de Arabia Saud\u00ed y su compromiso con la unidad y la justicia bajo los principios isl\u00e1micos.<\/p>\n<h3><strong>Versatilidad de uso<\/strong><\/h3>\n<p>Perfecta para celebraciones nacionales, actos religiosos, fines educativos o como parte de una colecci\u00f3n personal, la bandera de Arabia Saud\u00ed es una representaci\u00f3n significativa de la identidad y los valores de la naci\u00f3n. Sus colores resistentes a la decoloraci\u00f3n y su dise\u00f1o robusto garantizan que siga siendo vibrante e impactante con el paso del tiempo.<\/p>","protected":false},"excerpt":{"rendered":"<p>Bandera de 150 x 90 cm con 2 resistentes ojales met\u00e1licos para colgarla con seguridad.<\/p>","protected":false},"featured_media":1652,"comment_status":"open","ping_status":"closed","template":"","meta":{"_gspb_post_css":"","iawp_total_views":8},"product_brand":[],"product_cat":[66,58],"product_tag":[],"class_list":{"0":"post-2508","1":"product","2":"type-product","3":"status-publish","4":"has-post-thumbnail","6":"product_cat-middle-east-flags","7":"product_cat-country-flags","9":"first","10":"instock","11":"sale","12":"shipping-taxable","13":"purchasable","14":"product-type-simple"},"_links":{"self":[{"href":"https:\/\/cosmoflag.com\/es\/wp-json\/wp\/v2\/product\/2508","targetHints":{"allow":["GET"]}}],"collection":[{"href":"https:\/\/cosmoflag.com\/es\/wp-json\/wp\/v2\/product"}],"about":[{"href":"https:\/\/cosmoflag.com\/es\/wp-json\/wp\/v2\/types\/product"}],"replies":[{"embeddable":true,"href":"https:\/\/cosmoflag.com\/es\/wp-json\/wp\/v2\/comments?post=2508"}],"wp:featuredmedia":[{"embeddable":true,"href":"https:\/\/cosmoflag.com\/es\/wp-json\/wp\/v2\/media\/1652"}],"wp:attachment":[{"href":"https:\/\/cosmoflag.com\/es\/wp-json\/wp\/v2\/media?parent=2508"}],"wp:term":[{"taxonomy":"product_brand","embeddable":true,"href":"https:\/\/cosmoflag.com\/es\/wp-json\/wp\/v2\/product_brand?post=2508"},{"taxonomy":"product_cat","embeddable":true,"href":"https:\/\/cosmoflag.com\/es\/wp-json\/wp\/v2\/product_cat?post=2508"},{"taxonomy":"product_tag","embeddable":true,"href":"https:\/\/cosmoflag.com\/es\/wp-json\/wp\/v2\/product_tag?post=2508"}],"curies":[{"name":"wp","href":"https:\/\/api.w.org\/{rel}","templated":true}]}}