{"id":2506,"date":"2024-12-19T16:09:00","date_gmt":"2024-12-19T14:09:00","guid":{"rendered":"https:\/\/cosmoflag.com\/?post_type=product&#038;p=2506"},"modified":"2025-08-12T21:20:30","modified_gmt":"2025-08-12T19:20:30","slug":"bandera-de-sri-lanka","status":"publish","type":"product","link":"https:\/\/cosmoflag.com\/es\/producto\/bandera-de-sri-lanka\/","title":{"rendered":"Bandera de Sri Lanka"},"content":{"rendered":"<h3><strong>Caracter\u00edsticas de la bandera de Sri Lanka<\/strong><\/h3>\n<p>Nuestra bandera de Sri Lanka est\u00e1 fabricada en poli\u00e9ster de primera calidad, lo que garantiza su durabilidad tanto en interiores como en exteriores. Incorpora ojales met\u00e1licos que facilitan su instalaci\u00f3n y aseguran su sujeci\u00f3n, incluso en condiciones clim\u00e1ticas adversas. Con unas medidas de 90 x 150 cm, esta bandera garantiza una excelente visibilidad en m\u00e1stiles, paredes o durante celebraciones culturales.<\/p>\n<h3><strong>S\u00edmbolo de diversidad y unidad<\/strong><\/h3>\n<p>La bandera de Sri Lanka, tambi\u00e9n conocida como la \"Bandera del Le\u00f3n\", es una poderosa representaci\u00f3n de la diversidad cultural y la historia de la naci\u00f3n. El le\u00f3n dorado que sostiene una espada simboliza la fuerza y la valent\u00eda, mientras que las cuatro hojas del \u00e1rbol Bo en cada esquina representan el budismo y su influencia en el pa\u00eds. Las franjas verticales verdes y naranjas significan la armon\u00eda entre las comunidades tamil y musulmana de la isla, mientras que el borde amarillo simboliza la unidad. Adoptada en 1951, la bandera refleja las aspiraciones de paz y unidad de Sri Lanka.<\/p>\n<h3><strong>Versatilidad de uso<\/strong><\/h3>\n<p>Perfecta para celebraciones nacionales, actos religiosos, fines educativos o como parte de una colecci\u00f3n personal, la bandera de Sri Lanka es una representaci\u00f3n significativa de la historia y los valores del pa\u00eds. Sus colores resistentes a la decoloraci\u00f3n y su robusto dise\u00f1o garantizan que siga siendo vibrante e impactante con el paso del tiempo.<\/p>","protected":false},"excerpt":{"rendered":"<p>Bandera de 150 x 90 cm con 2 resistentes ojales met\u00e1licos para colgarla con seguridad.<\/p>","protected":false},"featured_media":1676,"comment_status":"open","ping_status":"closed","template":"","meta":{"_gspb_post_css":"","iawp_total_views":33},"product_brand":[],"product_cat":[64,58],"product_tag":[],"class_list":{"0":"post-2506","1":"product","2":"type-product","3":"status-publish","4":"has-post-thumbnail","6":"product_cat-asia-flags","7":"product_cat-country-flags","9":"first","10":"instock","11":"sale","12":"shipping-taxable","13":"purchasable","14":"product-type-simple"},"_links":{"self":[{"href":"https:\/\/cosmoflag.com\/es\/wp-json\/wp\/v2\/product\/2506","targetHints":{"allow":["GET"]}}],"collection":[{"href":"https:\/\/cosmoflag.com\/es\/wp-json\/wp\/v2\/product"}],"about":[{"href":"https:\/\/cosmoflag.com\/es\/wp-json\/wp\/v2\/types\/product"}],"replies":[{"embeddable":true,"href":"https:\/\/cosmoflag.com\/es\/wp-json\/wp\/v2\/comments?post=2506"}],"wp:featuredmedia":[{"embeddable":true,"href":"https:\/\/cosmoflag.com\/es\/wp-json\/wp\/v2\/media\/1676"}],"wp:attachment":[{"href":"https:\/\/cosmoflag.com\/es\/wp-json\/wp\/v2\/media?parent=2506"}],"wp:term":[{"taxonomy":"product_brand","embeddable":true,"href":"https:\/\/cosmoflag.com\/es\/wp-json\/wp\/v2\/product_brand?post=2506"},{"taxonomy":"product_cat","embeddable":true,"href":"https:\/\/cosmoflag.com\/es\/wp-json\/wp\/v2\/product_cat?post=2506"},{"taxonomy":"product_tag","embeddable":true,"href":"https:\/\/cosmoflag.com\/es\/wp-json\/wp\/v2\/product_tag?post=2506"}],"curies":[{"name":"wp","href":"https:\/\/api.w.org\/{rel}","templated":true}]}}