{"id":2505,"date":"2024-12-19T16:07:00","date_gmt":"2024-12-19T14:07:00","guid":{"rendered":"https:\/\/cosmoflag.com\/?post_type=product&#038;p=2505"},"modified":"2025-08-12T21:20:31","modified_gmt":"2025-08-12T19:20:31","slug":"bandera-de-la-independencia-de-siria","status":"publish","type":"product","link":"https:\/\/cosmoflag.com\/es\/producto\/bandera-de-la-independencia-de-siria\/","title":{"rendered":"Bandera de la Independencia de Siria"},"content":{"rendered":"<h3><strong>Bandera de la Independencia de Siria Caracter\u00edsticas<\/strong><\/h3>\n<p>Nuestra Bandera de la Independencia de Siria est\u00e1 fabricada en poli\u00e9ster de primera calidad, lo que garantiza su durabilidad tanto en interiores como en exteriores. Incluye ojales met\u00e1licos para una instalaci\u00f3n sencilla y una sujeci\u00f3n segura, incluso en condiciones meteorol\u00f3gicas adversas. Con unas medidas de 90 x 150 cm, esta bandera garantiza una excelente visibilidad, tanto si se despliega en m\u00e1stiles como en paredes o durante reuniones p\u00fablicas.<\/p>\n<h3><strong>S\u00edmbolo de libertad y resistencia<\/strong><\/h3>\n<p>La bandera de la independencia siria, tambi\u00e9n conocida como \"bandera de la Siria libre\", presenta tres franjas horizontales de color verde, blanco y negro, con tres estrellas rojas en el centro. Utilizada originalmente durante la independencia de Siria en 1932, esta bandera se ha convertido en un s\u00edmbolo de la oposici\u00f3n siria y la lucha por la libertad. La franja verde representa la tierra, la blanca simboliza la paz y la negra refleja las luchas pasadas, mientras que las estrellas rojas significan sacrificio y esperanza por una Siria libre.<\/p>\n<h3><strong>Versatilidad de uso<\/strong><\/h3>\n<p>Perfecta para manifestaciones, actos culturales, exposiciones educativas o colecciones personales, la Bandera de la Independencia de Siria es una representaci\u00f3n significativa de la lucha constante por la libertad y la unidad. Sus colores resistentes a la decoloraci\u00f3n y su dise\u00f1o robusto garantizan que siga siendo vibrante e impactante con el paso del tiempo.<\/p>","protected":false},"excerpt":{"rendered":"<p>Bandera de 150 x 90 cm con 2 resistentes ojales met\u00e1licos para colgarla con seguridad.<\/p>","protected":false},"featured_media":1696,"comment_status":"open","ping_status":"closed","template":"","meta":{"_gspb_post_css":"","iawp_total_views":7},"product_brand":[],"product_cat":[60,58],"product_tag":[],"class_list":{"0":"post-2505","1":"product","2":"type-product","3":"status-publish","4":"has-post-thumbnail","6":"product_cat-africa-flags","7":"product_cat-country-flags","9":"first","10":"instock","11":"sale","12":"shipping-taxable","13":"purchasable","14":"product-type-simple"},"_links":{"self":[{"href":"https:\/\/cosmoflag.com\/es\/wp-json\/wp\/v2\/product\/2505","targetHints":{"allow":["GET"]}}],"collection":[{"href":"https:\/\/cosmoflag.com\/es\/wp-json\/wp\/v2\/product"}],"about":[{"href":"https:\/\/cosmoflag.com\/es\/wp-json\/wp\/v2\/types\/product"}],"replies":[{"embeddable":true,"href":"https:\/\/cosmoflag.com\/es\/wp-json\/wp\/v2\/comments?post=2505"}],"wp:featuredmedia":[{"embeddable":true,"href":"https:\/\/cosmoflag.com\/es\/wp-json\/wp\/v2\/media\/1696"}],"wp:attachment":[{"href":"https:\/\/cosmoflag.com\/es\/wp-json\/wp\/v2\/media?parent=2505"}],"wp:term":[{"taxonomy":"product_brand","embeddable":true,"href":"https:\/\/cosmoflag.com\/es\/wp-json\/wp\/v2\/product_brand?post=2505"},{"taxonomy":"product_cat","embeddable":true,"href":"https:\/\/cosmoflag.com\/es\/wp-json\/wp\/v2\/product_cat?post=2505"},{"taxonomy":"product_tag","embeddable":true,"href":"https:\/\/cosmoflag.com\/es\/wp-json\/wp\/v2\/product_tag?post=2505"}],"curies":[{"name":"wp","href":"https:\/\/api.w.org\/{rel}","templated":true}]}}