{"id":2501,"date":"2024-12-19T15:30:00","date_gmt":"2024-12-19T13:30:00","guid":{"rendered":"https:\/\/cosmoflag.com\/?post_type=product&#038;p=2501"},"modified":"2025-08-12T21:20:32","modified_gmt":"2025-08-12T19:20:32","slug":"bandera-de-tailandia","status":"publish","type":"product","link":"https:\/\/cosmoflag.com\/es\/producto\/bandera-de-tailandia\/","title":{"rendered":"Bandera de Tailandia"},"content":{"rendered":"<h3><strong>Bandera de Tailandia Caracter\u00edsticas<\/strong><\/h3>\n<p>Nuestra bandera de Tailandia est\u00e1 fabricada en poli\u00e9ster de primera calidad, lo que garantiza su durabilidad tanto en interiores como en exteriores. Incorpora ojales met\u00e1licos para facilitar la instalaci\u00f3n y una sujeci\u00f3n segura, incluso en condiciones meteorol\u00f3gicas adversas. Con unas medidas de 90 x 150 cm, esta bandera garantiza una excelente visibilidad para su exhibici\u00f3n en m\u00e1stiles, paredes o durante celebraciones nacionales.<\/p>\n<h3><strong>S\u00edmbolo de orgullo y unidad<\/strong><\/h3>\n<p>La bandera de Tailandia, tambi\u00e9n conocida como \"bandera tricolor\" o \"Thong Trairong\", se adopt\u00f3 oficialmente en 1917. Presenta cinco franjas horizontales: roja para la naci\u00f3n, blanca para la religi\u00f3n y azul para la monarqu\u00eda. La franja azul central es m\u00e1s grande que las dem\u00e1s, simbolizando la unidad del pueblo tailand\u00e9s bajo su amado rey. Juntos, los colores representan los pilares b\u00e1sicos del pa\u00eds: la naci\u00f3n, la religi\u00f3n y la monarqu\u00eda.<\/p>\n<h3><strong>Versatilidad de uso<\/strong><\/h3>\n<p>Perfecta para celebraciones nacionales, actos culturales, fines educativos o colecciones personales, la bandera de Tailandia es una representaci\u00f3n significativa de la identidad y los valores del pa\u00eds. Sus colores resistentes a la decoloraci\u00f3n y su dise\u00f1o robusto garantizan que siga siendo vibrante e impactante con el paso del tiempo.<\/p>\n<p>&nbsp;<\/p>","protected":false},"excerpt":{"rendered":"<p>Bandera de 150 x 90 cm con 2 resistentes ojales met\u00e1licos para colgarla con seguridad.<\/p>","protected":false},"featured_media":1720,"comment_status":"open","ping_status":"closed","template":"","meta":{"_gspb_post_css":"","iawp_total_views":8},"product_brand":[],"product_cat":[64,58],"product_tag":[],"class_list":{"0":"post-2501","1":"product","2":"type-product","3":"status-publish","4":"has-post-thumbnail","6":"product_cat-asia-flags","7":"product_cat-country-flags","9":"first","10":"instock","11":"sale","12":"shipping-taxable","13":"purchasable","14":"product-type-simple"},"_links":{"self":[{"href":"https:\/\/cosmoflag.com\/es\/wp-json\/wp\/v2\/product\/2501","targetHints":{"allow":["GET"]}}],"collection":[{"href":"https:\/\/cosmoflag.com\/es\/wp-json\/wp\/v2\/product"}],"about":[{"href":"https:\/\/cosmoflag.com\/es\/wp-json\/wp\/v2\/types\/product"}],"replies":[{"embeddable":true,"href":"https:\/\/cosmoflag.com\/es\/wp-json\/wp\/v2\/comments?post=2501"}],"wp:featuredmedia":[{"embeddable":true,"href":"https:\/\/cosmoflag.com\/es\/wp-json\/wp\/v2\/media\/1720"}],"wp:attachment":[{"href":"https:\/\/cosmoflag.com\/es\/wp-json\/wp\/v2\/media?parent=2501"}],"wp:term":[{"taxonomy":"product_brand","embeddable":true,"href":"https:\/\/cosmoflag.com\/es\/wp-json\/wp\/v2\/product_brand?post=2501"},{"taxonomy":"product_cat","embeddable":true,"href":"https:\/\/cosmoflag.com\/es\/wp-json\/wp\/v2\/product_cat?post=2501"},{"taxonomy":"product_tag","embeddable":true,"href":"https:\/\/cosmoflag.com\/es\/wp-json\/wp\/v2\/product_tag?post=2501"}],"curies":[{"name":"wp","href":"https:\/\/api.w.org\/{rel}","templated":true}]}}