{"id":2499,"date":"2024-12-19T14:48:00","date_gmt":"2024-12-19T12:48:00","guid":{"rendered":"https:\/\/cosmoflag.com\/?post_type=product&#038;p=2499"},"modified":"2025-08-12T21:20:35","modified_gmt":"2025-08-12T19:20:35","slug":"bandera-de-turkmenistan","status":"publish","type":"product","link":"https:\/\/cosmoflag.com\/es\/producto\/bandera-de-turkmenistan\/","title":{"rendered":"Bandera de Turkmenist\u00e1n"},"content":{"rendered":"<h3><strong>Caracter\u00edsticas de la bandera de Turkmenist\u00e1n<\/strong><\/h3>\n<p>Nuestra bandera de Turkmenist\u00e1n est\u00e1 fabricada en poli\u00e9ster de primera calidad, lo que garantiza una excelente durabilidad para un uso prolongado en interiores y exteriores. Incorpora ojales met\u00e1licos que facilitan su instalaci\u00f3n y garantizan una sujeci\u00f3n segura, incluso en condiciones meteorol\u00f3gicas adversas. Con unas medidas de 90 x 150 cm, esta bandera garantiza una visibilidad excepcional para su exhibici\u00f3n en m\u00e1stiles, paredes o durante eventos nacionales.<\/p>\n<h3><strong>Un s\u00edmbolo \u00fanico de cultura e identidad<\/strong><\/h3>\n<p>La bandera de Turkmenist\u00e1n, adoptada oficialmente en 1992, es una de las banderas nacionales m\u00e1s intrincadas del mundo. El campo verde representa el Islam y el patrimonio de la naci\u00f3n, mientras que la franja roja vertical cerca del izado contiene cinco motivos de alfombras tradicionales que simbolizan las cinco tribus principales de Turkmenist\u00e1n. La luna creciente y las cinco estrellas blancas representan la esperanza y la unidad de sus regiones. Juntos, estos elementos reflejan la rica historia y el orgullo cultural de Turkmenist\u00e1n.<\/p>\n<h3><strong>Versatilidad de uso<\/strong><\/h3>\n<p>Perfecta para celebraciones nacionales, eventos culturales, fines educativos o como parte de una colecci\u00f3n personal, la bandera de Turkmenist\u00e1n es una representaci\u00f3n significativa de la identidad del pa\u00eds. Su dise\u00f1o robusto y sus colores resistentes a la decoloraci\u00f3n garantizan que siga siendo vibrante e impactante con el paso del tiempo.<\/p>","protected":false},"excerpt":{"rendered":"<p>Bandera de 150 x 90 cm con 2 resistentes ojales met\u00e1licos para colgarla con seguridad.<\/p>","protected":false},"featured_media":1742,"comment_status":"open","ping_status":"closed","template":"","meta":{"_gspb_post_css":"","iawp_total_views":3},"product_brand":[],"product_cat":[64,58],"product_tag":[],"class_list":{"0":"post-2499","1":"product","2":"type-product","3":"status-publish","4":"has-post-thumbnail","6":"product_cat-asia-flags","7":"product_cat-country-flags","9":"first","10":"instock","11":"sale","12":"shipping-taxable","13":"purchasable","14":"product-type-simple"},"_links":{"self":[{"href":"https:\/\/cosmoflag.com\/es\/wp-json\/wp\/v2\/product\/2499","targetHints":{"allow":["GET"]}}],"collection":[{"href":"https:\/\/cosmoflag.com\/es\/wp-json\/wp\/v2\/product"}],"about":[{"href":"https:\/\/cosmoflag.com\/es\/wp-json\/wp\/v2\/types\/product"}],"replies":[{"embeddable":true,"href":"https:\/\/cosmoflag.com\/es\/wp-json\/wp\/v2\/comments?post=2499"}],"wp:featuredmedia":[{"embeddable":true,"href":"https:\/\/cosmoflag.com\/es\/wp-json\/wp\/v2\/media\/1742"}],"wp:attachment":[{"href":"https:\/\/cosmoflag.com\/es\/wp-json\/wp\/v2\/media?parent=2499"}],"wp:term":[{"taxonomy":"product_brand","embeddable":true,"href":"https:\/\/cosmoflag.com\/es\/wp-json\/wp\/v2\/product_brand?post=2499"},{"taxonomy":"product_cat","embeddable":true,"href":"https:\/\/cosmoflag.com\/es\/wp-json\/wp\/v2\/product_cat?post=2499"},{"taxonomy":"product_tag","embeddable":true,"href":"https:\/\/cosmoflag.com\/es\/wp-json\/wp\/v2\/product_tag?post=2499"}],"curies":[{"name":"wp","href":"https:\/\/api.w.org\/{rel}","templated":true}]}}