{"id":2489,"date":"2024-12-19T14:09:00","date_gmt":"2024-12-19T12:09:00","guid":{"rendered":"https:\/\/cosmoflag.com\/?post_type=product&#038;p=2489"},"modified":"2025-08-12T21:20:38","modified_gmt":"2025-08-12T19:20:38","slug":"bandera-de-gabon","status":"publish","type":"product","link":"https:\/\/cosmoflag.com\/es\/producto\/bandera-de-gabon\/","title":{"rendered":"Bandera de Gab\u00f3n"},"content":{"rendered":"<h3><strong>Bandera de Gab\u00f3n Caracter\u00edsticas<\/strong><\/h3>\n<p>Nuestra bandera de Gab\u00f3n est\u00e1 fabricada en poli\u00e9ster de alta calidad, lo que garantiza su durabilidad tanto en interiores como en exteriores. Incluye ojales met\u00e1licos para una instalaci\u00f3n sencilla y una sujeci\u00f3n segura, incluso en condiciones meteorol\u00f3gicas adversas. Con unas medidas de 90 x 150 cm, esta bandera ofrece una excelente visibilidad, ya sea colocada en m\u00e1stiles, paredes o durante eventos nacionales.<\/p>\n<h3><strong>S\u00edmbolo de unidad y naturaleza<\/strong><\/h3>\n<p>La bandera de Gab\u00f3n, adoptada oficialmente en 1960, presenta tres franjas horizontales de color verde, amarillo y azul. El verde simboliza los frondosos bosques y los recursos naturales de Gab\u00f3n, el amarillo representa el sol y el ecuador, y el azul, el oc\u00e9ano Atl\u00e1ntico. Juntos, estos colores destacan la conexi\u00f3n de Gab\u00f3n con su medio ambiente y sus aspiraciones pac\u00edficas.<\/p>\n<h3><strong>Versatilidad de uso<\/strong><\/h3>\n<p>Perfecta para celebraciones nacionales, actos culturales, exposiciones educativas o colecciones personales, la bandera de Gab\u00f3n es una representaci\u00f3n significativa de la identidad y el patrimonio del pa\u00eds. Su dise\u00f1o robusto y sus colores resistentes a la decoloraci\u00f3n garantizan su impacto visual a lo largo del tiempo.<\/p>","protected":false},"excerpt":{"rendered":"<p>Bandera de 150 x 90 cm con 2 resistentes ojales met\u00e1licos para colgarla con seguridad.<\/p>","protected":false},"featured_media":1934,"comment_status":"open","ping_status":"closed","template":"","meta":{"_gspb_post_css":"","iawp_total_views":9},"product_brand":[],"product_cat":[60,58],"product_tag":[],"class_list":{"0":"post-2489","1":"product","2":"type-product","3":"status-publish","4":"has-post-thumbnail","6":"product_cat-africa-flags","7":"product_cat-country-flags","9":"first","10":"instock","11":"sale","12":"shipping-taxable","13":"purchasable","14":"product-type-simple"},"_links":{"self":[{"href":"https:\/\/cosmoflag.com\/es\/wp-json\/wp\/v2\/product\/2489","targetHints":{"allow":["GET"]}}],"collection":[{"href":"https:\/\/cosmoflag.com\/es\/wp-json\/wp\/v2\/product"}],"about":[{"href":"https:\/\/cosmoflag.com\/es\/wp-json\/wp\/v2\/types\/product"}],"replies":[{"embeddable":true,"href":"https:\/\/cosmoflag.com\/es\/wp-json\/wp\/v2\/comments?post=2489"}],"wp:featuredmedia":[{"embeddable":true,"href":"https:\/\/cosmoflag.com\/es\/wp-json\/wp\/v2\/media\/1934"}],"wp:attachment":[{"href":"https:\/\/cosmoflag.com\/es\/wp-json\/wp\/v2\/media?parent=2489"}],"wp:term":[{"taxonomy":"product_brand","embeddable":true,"href":"https:\/\/cosmoflag.com\/es\/wp-json\/wp\/v2\/product_brand?post=2489"},{"taxonomy":"product_cat","embeddable":true,"href":"https:\/\/cosmoflag.com\/es\/wp-json\/wp\/v2\/product_cat?post=2489"},{"taxonomy":"product_tag","embeddable":true,"href":"https:\/\/cosmoflag.com\/es\/wp-json\/wp\/v2\/product_tag?post=2489"}],"curies":[{"name":"wp","href":"https:\/\/api.w.org\/{rel}","templated":true}]}}