{"id":2487,"date":"2024-12-19T14:03:00","date_gmt":"2024-12-19T12:03:00","guid":{"rendered":"https:\/\/cosmoflag.com\/?post_type=product&#038;p=2487"},"modified":"2025-08-12T21:20:39","modified_gmt":"2025-08-12T19:20:39","slug":"bandera-de-haiti","status":"publish","type":"product","link":"https:\/\/cosmoflag.com\/es\/producto\/bandera-de-haiti\/","title":{"rendered":"Bandera de Hait\u00ed"},"content":{"rendered":"<h3><strong>Bandera de Hait\u00ed Caracter\u00edsticas<\/strong><\/h3>\n<p>Nuestra bandera de Hait\u00ed est\u00e1 fabricada en poli\u00e9ster de primera calidad, lo que garantiza su durabilidad tanto en interiores como en exteriores. Dispone de ojales met\u00e1licos para facilitar su instalaci\u00f3n y asegurar su sujeci\u00f3n, incluso en condiciones meteorol\u00f3gicas adversas. Con unas medidas de 90 x 150 cm, esta bandera ofrece una excelente visibilidad, tanto si se coloca en un m\u00e1stil como en una pared o durante celebraciones nacionales.<\/p>\n<h3><strong>S\u00edmbolo de orgullo y libertad<\/strong><\/h3>\n<p>La bandera de Hait\u00ed, adoptada oficialmente en 1986, presenta dos bandas horizontales azul y roja, s\u00edmbolo de unidad y fuerza. En el centro figura el escudo de armas del pa\u00eds en un panel blanco, con la famosa palmera coronada por el gorro frigio, s\u00edmbolo de la libertad. Ca\u00f1ones, banderas y otros s\u00edmbolos de independencia rodean el \u00e1rbol, conmemorando la lucha de Hait\u00ed por la libertad como primera rep\u00fablica negra independiente.<\/p>\n<h3><strong>Versatilidad de uso<\/strong><\/h3>\n<p>Perfecta para celebraciones nacionales, eventos culturales, fines educativos o como parte de una colecci\u00f3n personal, la bandera de Hait\u00ed es una representaci\u00f3n significativa de la historia y la identidad del pa\u00eds. Su dise\u00f1o robusto y sus colores resistentes a la decoloraci\u00f3n garantizan que conserve su significado simb\u00f3lico y su impacto visual con el paso del tiempo.<\/p>","protected":false},"excerpt":{"rendered":"<p>Bandera de 150 x 90 cm con 2 resistentes ojales met\u00e1licos para colgarla con seguridad.<\/p>","protected":false},"featured_media":1963,"comment_status":"open","ping_status":"closed","template":"","meta":{"_gspb_post_css":"","iawp_total_views":11},"product_brand":[],"product_cat":[62,58],"product_tag":[],"class_list":{"0":"post-2487","1":"product","2":"type-product","3":"status-publish","4":"has-post-thumbnail","6":"product_cat-north-america-flags","7":"product_cat-country-flags","9":"first","10":"instock","11":"sale","12":"shipping-taxable","13":"purchasable","14":"product-type-simple"},"_links":{"self":[{"href":"https:\/\/cosmoflag.com\/es\/wp-json\/wp\/v2\/product\/2487","targetHints":{"allow":["GET"]}}],"collection":[{"href":"https:\/\/cosmoflag.com\/es\/wp-json\/wp\/v2\/product"}],"about":[{"href":"https:\/\/cosmoflag.com\/es\/wp-json\/wp\/v2\/types\/product"}],"replies":[{"embeddable":true,"href":"https:\/\/cosmoflag.com\/es\/wp-json\/wp\/v2\/comments?post=2487"}],"wp:featuredmedia":[{"embeddable":true,"href":"https:\/\/cosmoflag.com\/es\/wp-json\/wp\/v2\/media\/1963"}],"wp:attachment":[{"href":"https:\/\/cosmoflag.com\/es\/wp-json\/wp\/v2\/media?parent=2487"}],"wp:term":[{"taxonomy":"product_brand","embeddable":true,"href":"https:\/\/cosmoflag.com\/es\/wp-json\/wp\/v2\/product_brand?post=2487"},{"taxonomy":"product_cat","embeddable":true,"href":"https:\/\/cosmoflag.com\/es\/wp-json\/wp\/v2\/product_cat?post=2487"},{"taxonomy":"product_tag","embeddable":true,"href":"https:\/\/cosmoflag.com\/es\/wp-json\/wp\/v2\/product_tag?post=2487"}],"curies":[{"name":"wp","href":"https:\/\/api.w.org\/{rel}","templated":true}]}}