{"id":2486,"date":"2024-12-19T14:01:00","date_gmt":"2024-12-19T12:01:00","guid":{"rendered":"https:\/\/cosmoflag.com\/?post_type=product&#038;p=2486"},"modified":"2025-08-12T21:20:39","modified_gmt":"2025-08-12T19:20:39","slug":"bandera-de-hawaii","status":"publish","type":"product","link":"https:\/\/cosmoflag.com\/es\/producto\/bandera-de-hawaii\/","title":{"rendered":"Bandera de Hawai"},"content":{"rendered":"<h3><strong>Caracter\u00edsticas de la bandera de Hawai<\/strong><\/h3>\n<p>Nuestra bandera de Hawaii est\u00e1 fabricada en poli\u00e9ster de primera calidad, lo que garantiza su durabilidad tanto en interiores como en exteriores. Incorpora ojales met\u00e1licos para facilitar su instalaci\u00f3n y una sujeci\u00f3n fiable, incluso en condiciones meteorol\u00f3gicas adversas. Con unas medidas de 90 x 150 cm, esta bandera ofrece una excelente visibilidad tanto si se coloca en m\u00e1stiles como en paredes o durante celebraciones culturales.<\/p>\n<h3><strong>Un s\u00edmbolo \u00fanico de la herencia hawaiana<\/strong><\/h3>\n<p>La bandera de Hawai, tambi\u00e9n conocida como \"Ka Hae Hawai'i\", combina de forma \u00fanica elementos de la historia hawaiana y sus lazos con Gran Breta\u00f1a. La bandera tiene ocho franjas horizontales blancas, rojas y azules, que representan las ocho islas principales de Hawai. La Union Jack en la esquina superior izquierda refleja la relaci\u00f3n hist\u00f3rica con Gran Breta\u00f1a. Adoptada en 1845, esta bandera sirve como s\u00edmbolo de la identidad cultural y la soberan\u00eda de Hawai.<\/p>\n<h3><strong>Versatilidad de uso<\/strong><\/h3>\n<p>Perfecta para eventos culturales, celebraciones estatales, fines educativos o como s\u00edmbolo de orgullo, la bandera de Hawai es un complemento vers\u00e1til para cualquier entorno. Su dise\u00f1o robusto y sus colores resistentes a la decoloraci\u00f3n garantizan que seguir\u00e1 siendo vibrante e impactante durante a\u00f1os.<\/p>","protected":false},"excerpt":{"rendered":"<p>Bandera de 150 x 90 cm con 2 resistentes ojales met\u00e1licos para colgarla con seguridad.<\/p>","protected":false},"featured_media":1970,"comment_status":"open","ping_status":"closed","template":"","meta":{"_gspb_post_css":"","iawp_total_views":1},"product_brand":[],"product_cat":[72,70],"product_tag":[],"class_list":{"0":"post-2486","1":"product","2":"type-product","3":"status-publish","4":"has-post-thumbnail","6":"product_cat-american-state-flags","7":"product_cat-regional-flags","9":"first","10":"instock","11":"sale","12":"shipping-taxable","13":"purchasable","14":"product-type-simple"},"_links":{"self":[{"href":"https:\/\/cosmoflag.com\/es\/wp-json\/wp\/v2\/product\/2486","targetHints":{"allow":["GET"]}}],"collection":[{"href":"https:\/\/cosmoflag.com\/es\/wp-json\/wp\/v2\/product"}],"about":[{"href":"https:\/\/cosmoflag.com\/es\/wp-json\/wp\/v2\/types\/product"}],"replies":[{"embeddable":true,"href":"https:\/\/cosmoflag.com\/es\/wp-json\/wp\/v2\/comments?post=2486"}],"wp:featuredmedia":[{"embeddable":true,"href":"https:\/\/cosmoflag.com\/es\/wp-json\/wp\/v2\/media\/1970"}],"wp:attachment":[{"href":"https:\/\/cosmoflag.com\/es\/wp-json\/wp\/v2\/media?parent=2486"}],"wp:term":[{"taxonomy":"product_brand","embeddable":true,"href":"https:\/\/cosmoflag.com\/es\/wp-json\/wp\/v2\/product_brand?post=2486"},{"taxonomy":"product_cat","embeddable":true,"href":"https:\/\/cosmoflag.com\/es\/wp-json\/wp\/v2\/product_cat?post=2486"},{"taxonomy":"product_tag","embeddable":true,"href":"https:\/\/cosmoflag.com\/es\/wp-json\/wp\/v2\/product_tag?post=2486"}],"curies":[{"name":"wp","href":"https:\/\/api.w.org\/{rel}","templated":true}]}}