{"id":2485,"date":"2024-12-19T13:56:00","date_gmt":"2024-12-19T11:56:00","guid":{"rendered":"https:\/\/cosmoflag.com\/?post_type=product&#038;p=2485"},"modified":"2025-08-12T21:20:40","modified_gmt":"2025-08-12T19:20:40","slug":"bandera-historica-de-belarus","status":"publish","type":"product","link":"https:\/\/cosmoflag.com\/es\/producto\/bandera-historica-de-belarus\/","title":{"rendered":"Bandera hist\u00f3rica de Bielorrusia"},"content":{"rendered":"<h3><strong>Bandera hist\u00f3rica de Bielorrusia Caracter\u00edsticas<\/strong><\/h3>\n<p>Nuestra bandera hist\u00f3rica de Bielorrusia est\u00e1 fabricada en poli\u00e9ster de primera calidad, lo que garantiza su durabilidad tanto en interiores como en exteriores. Incluye ojales met\u00e1licos para una instalaci\u00f3n sencilla y una sujeci\u00f3n segura, incluso en condiciones meteorol\u00f3gicas adversas. Con unas medidas de 90 x 150 cm, esta bandera garantiza una excelente visibilidad, ya sea en un m\u00e1stil, en la pared o durante eventos culturales.<\/p>\n<h3><strong>S\u00edmbolo de patrimonio e independencia<\/strong><\/h3>\n<p>La bandera hist\u00f3rica de Bielorrusia, con una franja horizontal roja bordeada de blanco y un emblema de un caballero montado, es un s\u00edmbolo significativo de la lucha de la naci\u00f3n por la independencia y de su identidad hist\u00f3rica. Conocido como la \u201cPahonia\u201d, el emblema representa la valent\u00eda y la protecci\u00f3n, mientras que el dise\u00f1o rojo y blanco de la bandera significa las tradiciones culturales e hist\u00f3ricas de Bielorrusia.<\/p>\n<h3><strong>Versatilidad de uso<\/strong><\/h3>\n<p>Perfecta para celebraciones culturales, recreaciones hist\u00f3ricas, exposiciones educativas o colecciones personales, la bandera hist\u00f3rica de Bielorrusia es un complemento significativo en cualquier entorno. Sus colores resistentes a la decoloraci\u00f3n y su robusto dise\u00f1o garantizan un impacto visual y simb\u00f3lico duradero.<\/p>","protected":false},"excerpt":{"rendered":"<p>Bandera de 150 x 90 cm con 2 resistentes ojales met\u00e1licos para colgarla con seguridad.<\/p>","protected":false},"featured_media":1978,"comment_status":"open","ping_status":"closed","template":"","meta":{"_gspb_post_css":"","iawp_total_views":14},"product_brand":[],"product_cat":[65,58],"product_tag":[],"class_list":{"0":"post-2485","1":"product","2":"type-product","3":"status-publish","4":"has-post-thumbnail","6":"product_cat-europe-flags","7":"product_cat-country-flags","9":"first","10":"instock","11":"sale","12":"shipping-taxable","13":"purchasable","14":"product-type-simple"},"_links":{"self":[{"href":"https:\/\/cosmoflag.com\/es\/wp-json\/wp\/v2\/product\/2485","targetHints":{"allow":["GET"]}}],"collection":[{"href":"https:\/\/cosmoflag.com\/es\/wp-json\/wp\/v2\/product"}],"about":[{"href":"https:\/\/cosmoflag.com\/es\/wp-json\/wp\/v2\/types\/product"}],"replies":[{"embeddable":true,"href":"https:\/\/cosmoflag.com\/es\/wp-json\/wp\/v2\/comments?post=2485"}],"wp:featuredmedia":[{"embeddable":true,"href":"https:\/\/cosmoflag.com\/es\/wp-json\/wp\/v2\/media\/1978"}],"wp:attachment":[{"href":"https:\/\/cosmoflag.com\/es\/wp-json\/wp\/v2\/media?parent=2485"}],"wp:term":[{"taxonomy":"product_brand","embeddable":true,"href":"https:\/\/cosmoflag.com\/es\/wp-json\/wp\/v2\/product_brand?post=2485"},{"taxonomy":"product_cat","embeddable":true,"href":"https:\/\/cosmoflag.com\/es\/wp-json\/wp\/v2\/product_cat?post=2485"},{"taxonomy":"product_tag","embeddable":true,"href":"https:\/\/cosmoflag.com\/es\/wp-json\/wp\/v2\/product_tag?post=2485"}],"curies":[{"name":"wp","href":"https:\/\/api.w.org\/{rel}","templated":true}]}}