{"id":2484,"date":"2024-12-19T13:53:00","date_gmt":"2024-12-19T11:53:00","guid":{"rendered":"https:\/\/cosmoflag.com\/?post_type=product&#038;p=2484"},"modified":"2025-08-12T21:20:40","modified_gmt":"2025-08-12T19:20:40","slug":"bandera-de-kosovo","status":"publish","type":"product","link":"https:\/\/cosmoflag.com\/es\/producto\/bandera-de-kosovo\/","title":{"rendered":"Bandera de Kosovo"},"content":{"rendered":"<h3><strong>Caracter\u00edsticas de la bandera de Kosovo<\/strong><\/h3>\n<p>Nuestra bandera de Kosovo est\u00e1 fabricada en poli\u00e9ster de primera calidad, lo que garantiza su durabilidad tanto en interiores como en exteriores. Incluye ojales met\u00e1licos para una instalaci\u00f3n sencilla y una sujeci\u00f3n segura, incluso en condiciones meteorol\u00f3gicas adversas. Con unas medidas de 90 x 150 cm, esta bandera ofrece una excelente visibilidad para su exhibici\u00f3n en m\u00e1stiles, paredes o durante celebraciones nacionales.<\/p>\n<h3><strong>S\u00edmbolo de independencia y unidad<\/strong><\/h3>\n<p>La bandera de Kosovo, adoptada oficialmente en 2008, es una representaci\u00f3n de la independencia y la identidad multicultural de la naci\u00f3n. La bandera tiene un fondo azul con el contorno dorado de Kosovo en el centro, rodeado de seis estrellas blancas. Cada estrella simboliza uno de los principales grupos \u00e9tnicos de Kosovo, reflejando la unidad y diversidad de su pueblo. Este dise\u00f1o encarna las aspiraciones de paz y reconocimiento de Kosovo.<\/p>\n<h3><strong>Versatilidad de uso<\/strong><\/h3>\n<p>Perfecta para eventos nacionales, celebraciones culturales, fines educativos o colecciones personales, la bandera de Kosovo es un complemento vers\u00e1til y significativo para cualquier entorno. Su dise\u00f1o robusto y sus colores resistentes a la decoloraci\u00f3n garantizan que conserve su significado simb\u00f3lico y su impacto visual con el paso del tiempo.<\/p>","protected":false},"excerpt":{"rendered":"<p>Bandera de 150 x 90 cm con 2 resistentes ojales met\u00e1licos para colgarla con seguridad.<\/p>","protected":false},"featured_media":2027,"comment_status":"open","ping_status":"closed","template":"","meta":{"_gspb_post_css":"","iawp_total_views":6},"product_brand":[],"product_cat":[65,58],"product_tag":[],"class_list":{"0":"post-2484","1":"product","2":"type-product","3":"status-publish","4":"has-post-thumbnail","6":"product_cat-europe-flags","7":"product_cat-country-flags","9":"first","10":"instock","11":"sale","12":"shipping-taxable","13":"purchasable","14":"product-type-simple"},"_links":{"self":[{"href":"https:\/\/cosmoflag.com\/es\/wp-json\/wp\/v2\/product\/2484","targetHints":{"allow":["GET"]}}],"collection":[{"href":"https:\/\/cosmoflag.com\/es\/wp-json\/wp\/v2\/product"}],"about":[{"href":"https:\/\/cosmoflag.com\/es\/wp-json\/wp\/v2\/types\/product"}],"replies":[{"embeddable":true,"href":"https:\/\/cosmoflag.com\/es\/wp-json\/wp\/v2\/comments?post=2484"}],"wp:featuredmedia":[{"embeddable":true,"href":"https:\/\/cosmoflag.com\/es\/wp-json\/wp\/v2\/media\/2027"}],"wp:attachment":[{"href":"https:\/\/cosmoflag.com\/es\/wp-json\/wp\/v2\/media?parent=2484"}],"wp:term":[{"taxonomy":"product_brand","embeddable":true,"href":"https:\/\/cosmoflag.com\/es\/wp-json\/wp\/v2\/product_brand?post=2484"},{"taxonomy":"product_cat","embeddable":true,"href":"https:\/\/cosmoflag.com\/es\/wp-json\/wp\/v2\/product_cat?post=2484"},{"taxonomy":"product_tag","embeddable":true,"href":"https:\/\/cosmoflag.com\/es\/wp-json\/wp\/v2\/product_tag?post=2484"}],"curies":[{"name":"wp","href":"https:\/\/api.w.org\/{rel}","templated":true}]}}