{"id":2483,"date":"2024-12-19T13:48:00","date_gmt":"2024-12-19T11:48:00","guid":{"rendered":"https:\/\/cosmoflag.com\/?post_type=product&#038;p=2483"},"modified":"2025-08-12T21:20:40","modified_gmt":"2025-08-12T19:20:40","slug":"bandera-de-kurdistan","status":"publish","type":"product","link":"https:\/\/cosmoflag.com\/es\/producto\/bandera-de-kurdistan\/","title":{"rendered":"Bandera del Kurdist\u00e1n"},"content":{"rendered":"<h3><strong>Caracter\u00edsticas de la bandera del Kurdist\u00e1n<\/strong><\/h3>\n<p>Nuestra bandera de Kurdist\u00e1n est\u00e1 fabricada en poli\u00e9ster de alta calidad, que ofrece una excelente durabilidad tanto en interiores como en exteriores. Incorpora ojales met\u00e1licos que facilitan su instalaci\u00f3n y aseguran su sujeci\u00f3n, incluso en condiciones meteorol\u00f3gicas adversas. Con unas medidas de 90 x 150 cm, esta bandera garantiza la m\u00e1xima visibilidad, tanto si se coloca en un m\u00e1stil o en la pared como en reuniones culturales.<\/p>\n<h3><strong>S\u00edmbolo de identidad y libertad<\/strong><\/h3>\n<p>La bandera del Kurdist\u00e1n, tambi\u00e9n conocida como \"Ala Reng\u00een\", se adopt\u00f3 oficialmente en 1927. Sus franjas horizontales rojas, blancas y verdes representan los sacrificios del pueblo kurdo, la paz y la fertilidad de la tierra, respectivamente. En el centro se encuentra el radiante sol dorado con 21 rayos, s\u00edmbolo de la luz, la libertad y la vida. Esta bandera es un poderoso emblema de la identidad kurda, la unidad y la aspiraci\u00f3n a la libertad.<\/p>\n<h3><strong>Versatilidad de uso<\/strong><\/h3>\n<p>Perfecta para celebraciones culturales, eventos nacionales, fines educativos o colecciones personales, la bandera del Kurdist\u00e1n sirve como representaci\u00f3n significativa del patrimonio y la esperanza. Su dise\u00f1o robusto y sus colores resistentes a la decoloraci\u00f3n garantizan que conserve su impacto visual y simb\u00f3lico con el paso del tiempo.<\/p>","protected":false},"excerpt":{"rendered":"<p>Bandera de 150 x 90 cm con 2 resistentes ojales met\u00e1licos para colgarla con seguridad.<\/p>","protected":false},"featured_media":2034,"comment_status":"open","ping_status":"closed","template":"","meta":{"_gspb_post_css":"","iawp_total_views":165},"product_brand":[],"product_cat":[58,66],"product_tag":[],"class_list":{"0":"post-2483","1":"product","2":"type-product","3":"status-publish","4":"has-post-thumbnail","6":"product_cat-country-flags","7":"product_cat-middle-east-flags","9":"first","10":"instock","11":"sale","12":"shipping-taxable","13":"purchasable","14":"product-type-simple"},"_links":{"self":[{"href":"https:\/\/cosmoflag.com\/es\/wp-json\/wp\/v2\/product\/2483","targetHints":{"allow":["GET"]}}],"collection":[{"href":"https:\/\/cosmoflag.com\/es\/wp-json\/wp\/v2\/product"}],"about":[{"href":"https:\/\/cosmoflag.com\/es\/wp-json\/wp\/v2\/types\/product"}],"replies":[{"embeddable":true,"href":"https:\/\/cosmoflag.com\/es\/wp-json\/wp\/v2\/comments?post=2483"}],"wp:featuredmedia":[{"embeddable":true,"href":"https:\/\/cosmoflag.com\/es\/wp-json\/wp\/v2\/media\/2034"}],"wp:attachment":[{"href":"https:\/\/cosmoflag.com\/es\/wp-json\/wp\/v2\/media?parent=2483"}],"wp:term":[{"taxonomy":"product_brand","embeddable":true,"href":"https:\/\/cosmoflag.com\/es\/wp-json\/wp\/v2\/product_brand?post=2483"},{"taxonomy":"product_cat","embeddable":true,"href":"https:\/\/cosmoflag.com\/es\/wp-json\/wp\/v2\/product_cat?post=2483"},{"taxonomy":"product_tag","embeddable":true,"href":"https:\/\/cosmoflag.com\/es\/wp-json\/wp\/v2\/product_tag?post=2483"}],"curies":[{"name":"wp","href":"https:\/\/api.w.org\/{rel}","templated":true}]}}