{"id":2479,"date":"2024-12-19T13:39:00","date_gmt":"2024-12-19T11:39:00","guid":{"rendered":"https:\/\/cosmoflag.com\/?post_type=product&#038;p=2479"},"modified":"2025-08-12T21:20:41","modified_gmt":"2025-08-12T19:20:41","slug":"bandera-de-paraguay","status":"publish","type":"product","link":"https:\/\/cosmoflag.com\/es\/producto\/bandera-de-paraguay\/","title":{"rendered":"Bandera de Paraguay"},"content":{"rendered":"<h3><strong>Caracter\u00edsticas de la bandera de Paraguay<\/strong><\/h3>\n<p>Nuestra bandera de Paraguay est\u00e1 fabricada en poli\u00e9ster de primera calidad, lo que garantiza su durabilidad para un uso prolongado tanto en interiores como en exteriores. Est\u00e1 equipada con ojales met\u00e1licos para una f\u00e1cil instalaci\u00f3n y una sujeci\u00f3n segura, incluso en condiciones meteorol\u00f3gicas adversas. Con unas medidas de 90 x 150 cm, esta bandera ofrece una excelente visibilidad para su exhibici\u00f3n en m\u00e1stiles, paredes o durante eventos nacionales.<\/p>\n<h3><strong>Un s\u00edmbolo nacional \u00fanico<\/strong><\/h3>\n<p>La bandera de Paraguay, adoptada oficialmente en 1842, es una de las pocas banderas del mundo con un dise\u00f1o \u00fanico en cada cara. En el anverso figura el escudo nacional, que simboliza la paz y la justicia, mientras que en el reverso aparece el sello del Tesoro, que representa la prosperidad. Las tres franjas horizontales rojas, blancas y azules representan el valor, la paz y la libertad, lo que la convierte en un emblema distintivo de los valores y el patrimonio del pa\u00eds.<\/p>\n<h3><strong>Versatilidad de uso<\/strong><\/h3>\n<p>Perfecta para celebraciones nacionales, eventos culturales, fines educativos o como objeto de colecci\u00f3n, la bandera de Paraguay es un complemento vers\u00e1til y significativo. Su dise\u00f1o robusto y sus colores resistentes a la decoloraci\u00f3n garantizan que conserve su impacto visual y su significado simb\u00f3lico con el paso del tiempo.<\/p>","protected":false},"excerpt":{"rendered":"<p>Bandera de 150 x 90 cm con 2 resistentes ojales met\u00e1licos para colgarla con seguridad.<\/p>","protected":false},"featured_media":2132,"comment_status":"open","ping_status":"closed","template":"","meta":{"_gspb_post_css":"","iawp_total_views":2},"product_brand":[],"product_cat":[58,63],"product_tag":[],"class_list":{"0":"post-2479","1":"product","2":"type-product","3":"status-publish","4":"has-post-thumbnail","6":"product_cat-country-flags","7":"product_cat-south-america-flag","9":"first","10":"instock","11":"sale","12":"shipping-taxable","13":"purchasable","14":"product-type-simple"},"_links":{"self":[{"href":"https:\/\/cosmoflag.com\/es\/wp-json\/wp\/v2\/product\/2479","targetHints":{"allow":["GET"]}}],"collection":[{"href":"https:\/\/cosmoflag.com\/es\/wp-json\/wp\/v2\/product"}],"about":[{"href":"https:\/\/cosmoflag.com\/es\/wp-json\/wp\/v2\/types\/product"}],"replies":[{"embeddable":true,"href":"https:\/\/cosmoflag.com\/es\/wp-json\/wp\/v2\/comments?post=2479"}],"wp:featuredmedia":[{"embeddable":true,"href":"https:\/\/cosmoflag.com\/es\/wp-json\/wp\/v2\/media\/2132"}],"wp:attachment":[{"href":"https:\/\/cosmoflag.com\/es\/wp-json\/wp\/v2\/media?parent=2479"}],"wp:term":[{"taxonomy":"product_brand","embeddable":true,"href":"https:\/\/cosmoflag.com\/es\/wp-json\/wp\/v2\/product_brand?post=2479"},{"taxonomy":"product_cat","embeddable":true,"href":"https:\/\/cosmoflag.com\/es\/wp-json\/wp\/v2\/product_cat?post=2479"},{"taxonomy":"product_tag","embeddable":true,"href":"https:\/\/cosmoflag.com\/es\/wp-json\/wp\/v2\/product_tag?post=2479"}],"curies":[{"name":"wp","href":"https:\/\/api.w.org\/{rel}","templated":true}]}}