{"id":2467,"date":"2024-12-17T13:55:00","date_gmt":"2024-12-17T11:55:00","guid":{"rendered":"https:\/\/cosmoflag.com\/?post_type=product&#038;p=2467"},"modified":"2025-12-18T18:41:15","modified_gmt":"2025-12-18T16:41:15","slug":"bandera-de-palestina","status":"publish","type":"product","link":"https:\/\/cosmoflag.com\/es\/producto\/bandera-de-palestina\/","title":{"rendered":"Bandera de Palestina"},"content":{"rendered":"<h3>Caracter\u00edsticas de la bandera de Palestina<\/h3>\n<p>Nuestra bandera de Palestina est\u00e1 fabricada en poli\u00e9ster de alta calidad, lo que la hace ideal para un uso duradero en interiores y exteriores. Incorpora ojales met\u00e1licos para facilitar su instalaci\u00f3n y una sujeci\u00f3n segura, incluso en condiciones meteorol\u00f3gicas adversas. Disponible en un tama\u00f1o de 90 x 150 cm\/35 x 59 pulgadas para una m\u00e1xima visibilidad, nuestra bandera satisface una gran variedad de necesidades, tanto si desea exhibirla en un m\u00e1stil como en una pared.<\/p>\n<h3>Un s\u00edmbolo nacional cargado de historia<\/h3>\n<p>La bandera palestina, con sus franjas negras, blancas y verdes y su tri\u00e1ngulo rojo, es mucho m\u00e1s que un estandarte nacional. Adoptada en 1964, simboliza las aspiraciones palestinas de independencia e identidad. El negro representa los desaf\u00edos soportados, el blanco simboliza la paz, el verde representa la fertilidad y prosperidad de la tierra, y el rojo simboliza el valor y el sacrificio. Esta bandera no es s\u00f3lo un elemento decorativo; encarna la historia y las aspiraciones del pueblo palestino.<\/p>\n<h3>Versatilidad de uso<\/h3>\n<p>Ya sea para celebraciones nacionales, actos comunitarios o fines educativos, la bandera palestina es adecuada para todas las ocasiones. Su dise\u00f1o robusto y sus colores resistentes a la decoloraci\u00f3n garantizan que la bandera conserve su significado y su impacto visual con el paso del tiempo.<\/p>","protected":false},"excerpt":{"rendered":"<p>Bandera de 150 x 90 cm con 2 resistentes ojales met\u00e1licos para colgarla con seguridad.<\/p>","protected":false},"featured_media":2117,"comment_status":"open","ping_status":"closed","template":"","meta":{"_gspb_post_css":"","iawp_total_views":237},"product_brand":[],"product_cat":[66,58],"product_tag":[],"class_list":{"0":"post-2467","1":"product","2":"type-product","3":"status-publish","4":"has-post-thumbnail","6":"product_cat-middle-east-flags","7":"product_cat-country-flags","9":"first","10":"instock","11":"sale","12":"shipping-taxable","13":"purchasable","14":"product-type-simple"},"_links":{"self":[{"href":"https:\/\/cosmoflag.com\/es\/wp-json\/wp\/v2\/product\/2467","targetHints":{"allow":["GET"]}}],"collection":[{"href":"https:\/\/cosmoflag.com\/es\/wp-json\/wp\/v2\/product"}],"about":[{"href":"https:\/\/cosmoflag.com\/es\/wp-json\/wp\/v2\/types\/product"}],"replies":[{"embeddable":true,"href":"https:\/\/cosmoflag.com\/es\/wp-json\/wp\/v2\/comments?post=2467"}],"wp:featuredmedia":[{"embeddable":true,"href":"https:\/\/cosmoflag.com\/es\/wp-json\/wp\/v2\/media\/2117"}],"wp:attachment":[{"href":"https:\/\/cosmoflag.com\/es\/wp-json\/wp\/v2\/media?parent=2467"}],"wp:term":[{"taxonomy":"product_brand","embeddable":true,"href":"https:\/\/cosmoflag.com\/es\/wp-json\/wp\/v2\/product_brand?post=2467"},{"taxonomy":"product_cat","embeddable":true,"href":"https:\/\/cosmoflag.com\/es\/wp-json\/wp\/v2\/product_cat?post=2467"},{"taxonomy":"product_tag","embeddable":true,"href":"https:\/\/cosmoflag.com\/es\/wp-json\/wp\/v2\/product_tag?post=2467"}],"curies":[{"name":"wp","href":"https:\/\/api.w.org\/{rel}","templated":true}]}}