{"id":2466,"date":"2024-12-17T13:51:00","date_gmt":"2024-12-17T11:51:00","guid":{"rendered":"https:\/\/cosmoflag.com\/?post_type=product&#038;p=2466"},"modified":"2025-08-12T21:20:47","modified_gmt":"2025-08-12T19:20:47","slug":"bandera-de-marruecos","status":"publish","type":"product","link":"https:\/\/cosmoflag.com\/es\/producto\/bandera-de-marruecos\/","title":{"rendered":"Bandera de Marruecos"},"content":{"rendered":"<h3>Caracter\u00edsticas de la bandera de Marruecos<\/h3>\n<p>Nuestra bandera de Marruecos est\u00e1 fabricada en poli\u00e9ster de alta calidad, por lo que es ideal para un uso duradero, tanto en interiores como en exteriores. Incorpora ojales met\u00e1licos para facilitar su instalaci\u00f3n y una sujeci\u00f3n segura, incluso en condiciones meteorol\u00f3gicas adversas. Disponible en 90 x 150 cm\/35 x 59 pulgadas para una m\u00e1xima visibilidad, nuestra bandera satisface una gran variedad de necesidades, tanto si desea exhibirla en un m\u00e1stil como en una pared.<\/p>\n<h3>Un s\u00edmbolo nacional cargado de historia<\/h3>\n<p>La bandera de Marruecos, con su fondo rojo y su estrella pentagrama verde en el centro, es mucho m\u00e1s que un estandarte nacional. Adoptada en 1915, simboliza la soberan\u00eda y la continuidad de la naci\u00f3n. El rojo representa el valor y la fuerza, mientras que el verde, color del Islam, evoca la fertilidad y la paz. Esta bandera no es s\u00f3lo un elemento decorativo; encarna la historia y los profundos valores del pueblo marroqu\u00ed.<\/p>\n<h3>Versatilidad de uso<\/h3>\n<p>Ya sea para celebraciones nacionales, actos culturales o fines educativos, la bandera de Marruecos es adecuada para todas las ocasiones. Su dise\u00f1o robusto y sus colores resistentes a la decoloraci\u00f3n garantizan que la bandera conserve su significado y su impacto visual con el paso del tiempo.<\/p>","protected":false},"excerpt":{"rendered":"<p>Bandera de 150 x 90 cm con 2 resistentes ojales met\u00e1licos para colgarla con seguridad.<\/p>","protected":false},"featured_media":2066,"comment_status":"open","ping_status":"closed","template":"","meta":{"_gspb_post_css":"","iawp_total_views":27},"product_brand":[],"product_cat":[60,58],"product_tag":[],"class_list":{"0":"post-2466","1":"product","2":"type-product","3":"status-publish","4":"has-post-thumbnail","6":"product_cat-africa-flags","7":"product_cat-country-flags","9":"first","10":"instock","11":"sale","12":"shipping-taxable","13":"purchasable","14":"product-type-simple"},"_links":{"self":[{"href":"https:\/\/cosmoflag.com\/es\/wp-json\/wp\/v2\/product\/2466","targetHints":{"allow":["GET"]}}],"collection":[{"href":"https:\/\/cosmoflag.com\/es\/wp-json\/wp\/v2\/product"}],"about":[{"href":"https:\/\/cosmoflag.com\/es\/wp-json\/wp\/v2\/types\/product"}],"replies":[{"embeddable":true,"href":"https:\/\/cosmoflag.com\/es\/wp-json\/wp\/v2\/comments?post=2466"}],"wp:featuredmedia":[{"embeddable":true,"href":"https:\/\/cosmoflag.com\/es\/wp-json\/wp\/v2\/media\/2066"}],"wp:attachment":[{"href":"https:\/\/cosmoflag.com\/es\/wp-json\/wp\/v2\/media?parent=2466"}],"wp:term":[{"taxonomy":"product_brand","embeddable":true,"href":"https:\/\/cosmoflag.com\/es\/wp-json\/wp\/v2\/product_brand?post=2466"},{"taxonomy":"product_cat","embeddable":true,"href":"https:\/\/cosmoflag.com\/es\/wp-json\/wp\/v2\/product_cat?post=2466"},{"taxonomy":"product_tag","embeddable":true,"href":"https:\/\/cosmoflag.com\/es\/wp-json\/wp\/v2\/product_tag?post=2466"}],"curies":[{"name":"wp","href":"https:\/\/api.w.org\/{rel}","templated":true}]}}