{"id":2463,"date":"2024-12-17T13:35:00","date_gmt":"2024-12-17T11:35:00","guid":{"rendered":"https:\/\/cosmoflag.com\/?post_type=product&#038;p=2463"},"modified":"2025-10-29T20:26:47","modified_gmt":"2025-10-29T18:26:47","slug":"bandera-de-normandia-baja","status":"publish","type":"product","link":"https:\/\/cosmoflag.com\/es\/producto\/bandera-de-normandia-baja\/","title":{"rendered":"Bandera de Baja Normand\u00eda"},"content":{"rendered":"<h3>Caracter\u00edsticas de la bandera de Baja Normand\u00eda<\/h3>\n<p>Nuestra bandera de la Baja Normand\u00eda est\u00e1 fabricada en poli\u00e9ster de alta calidad, por lo que es ideal para un uso duradero, tanto en interiores como en exteriores. Incorpora ojales met\u00e1licos para facilitar su instalaci\u00f3n, lo que garantiza que se mantenga en su sitio, incluso en condiciones meteorol\u00f3gicas adversas. Disponible en 90 x 150 cm para una m\u00e1xima visibilidad, nuestra bandera satisface una gran variedad de necesidades, tanto si desea exhibirla en un m\u00e1stil como en una pared.<\/p>\n<h3>Un s\u00edmbolo regional cargado de historia<\/h3>\n<p>La bandera de Baja Normand\u00eda, con sus dos leopardos rojos pasantes sobre fondo amarillo, es mucho m\u00e1s que un estandarte regional. Inspirado en el escudo hist\u00f3rico de Normand\u00eda, que se remonta al ducado de Normand\u00eda durante el reinado de Ricardo Coraz\u00f3n de Le\u00f3n, este motivo simboliza la fuerza y la audacia. Los leopardos, a menudo interpretados como leones en la her\u00e1ldica inglesa, atestiguan los profundos lazos hist\u00f3ricos entre Normand\u00eda e Inglaterra.<\/p>\n<h3>Versatilidad de uso<\/h3>\n<p>Ya sea para celebraciones regionales, recreaciones hist\u00f3ricas o fines educativos, la bandera de Baja Normand\u00eda es adecuada para todas las ocasiones. Su dise\u00f1o robusto y sus colores resistentes a la decoloraci\u00f3n garantizan que la bandera conserve su significado y su impacto visual con el paso del tiempo.<\/p>","protected":false},"excerpt":{"rendered":"<p>Bandera de 150 x 90 cm con 2 resistentes ojales met\u00e1licos para colgarla con seguridad.<\/p>","protected":false},"featured_media":1233,"comment_status":"open","ping_status":"closed","template":"","meta":{"_gspb_post_css":"","iawp_total_views":8},"product_brand":[],"product_cat":[75,70],"product_tag":[],"class_list":{"0":"post-2463","1":"product","2":"type-product","3":"status-publish","4":"has-post-thumbnail","6":"product_cat-france-regional-flags","7":"product_cat-regional-flags","9":"first","10":"instock","11":"sale","12":"shipping-taxable","13":"purchasable","14":"product-type-simple"},"_links":{"self":[{"href":"https:\/\/cosmoflag.com\/es\/wp-json\/wp\/v2\/product\/2463","targetHints":{"allow":["GET"]}}],"collection":[{"href":"https:\/\/cosmoflag.com\/es\/wp-json\/wp\/v2\/product"}],"about":[{"href":"https:\/\/cosmoflag.com\/es\/wp-json\/wp\/v2\/types\/product"}],"replies":[{"embeddable":true,"href":"https:\/\/cosmoflag.com\/es\/wp-json\/wp\/v2\/comments?post=2463"}],"wp:featuredmedia":[{"embeddable":true,"href":"https:\/\/cosmoflag.com\/es\/wp-json\/wp\/v2\/media\/1233"}],"wp:attachment":[{"href":"https:\/\/cosmoflag.com\/es\/wp-json\/wp\/v2\/media?parent=2463"}],"wp:term":[{"taxonomy":"product_brand","embeddable":true,"href":"https:\/\/cosmoflag.com\/es\/wp-json\/wp\/v2\/product_brand?post=2463"},{"taxonomy":"product_cat","embeddable":true,"href":"https:\/\/cosmoflag.com\/es\/wp-json\/wp\/v2\/product_cat?post=2463"},{"taxonomy":"product_tag","embeddable":true,"href":"https:\/\/cosmoflag.com\/es\/wp-json\/wp\/v2\/product_tag?post=2463"}],"curies":[{"name":"wp","href":"https:\/\/api.w.org\/{rel}","templated":true}]}}