{"id":2459,"date":"2024-12-16T14:49:00","date_gmt":"2024-12-16T12:49:00","guid":{"rendered":"https:\/\/cosmoflag.com\/?post_type=product&#038;p=2459"},"modified":"2025-08-12T21:20:48","modified_gmt":"2025-08-12T19:20:48","slug":"bandera-de-la-urss","status":"publish","type":"product","link":"https:\/\/cosmoflag.com\/es\/producto\/bandera-de-la-urss\/","title":{"rendered":"Bandera de la URSS"},"content":{"rendered":"<h3><strong>Caracter\u00edsticas de la bandera de la URSS<\/strong><\/h3>\n<p>Nuestra bandera de la Uni\u00f3n de Rep\u00fablicas Socialistas Sovi\u00e9ticas est\u00e1 fabricada en poli\u00e9ster de alta calidad, por lo que es ideal para un uso duradero, tanto en interiores como en exteriores. Incorpora ojales met\u00e1licos para facilitar su instalaci\u00f3n y garantizar su sujeci\u00f3n, incluso en condiciones meteorol\u00f3gicas adversas. Disponible en un tama\u00f1o de 90 x 150 cm\/35 x 59 pulgadas para una visibilidad m\u00e1xima, nuestra bandera satisface una gran variedad de necesidades, tanto si desea exhibirla en un m\u00e1stil como en una pared.<\/p>\n<h3><strong>Un s\u00edmbolo del legado hist\u00f3rico<\/strong><\/h3>\n<p>La bandera de la Uni\u00f3n de Rep\u00fablicas Socialistas Sovi\u00e9ticas, con su ic\u00f3nico fondo rojo y el emblema dorado de la hoz y el martillo coronado por una estrella, representa un poderoso s\u00edmbolo de la Uni\u00f3n Sovi\u00e9tica. Adoptada oficialmente en 1923, resume la unidad de obreros y campesinos, encarnando los ideales del socialismo. El rojo simboliza la revoluci\u00f3n, mientras que la hoz y el martillo representan la industria y la agricultura, que forman los cimientos de la sociedad sovi\u00e9tica.<\/p>\n<h3><strong>Versatilidad de uso<\/strong><\/h3>\n<p>Ya sea para recreaciones hist\u00f3ricas, eventos tem\u00e1ticos, exposiciones educativas o colecciones personales, la bandera de la URSS sirve como una pieza significativa de la historia. Su dise\u00f1o robusto y sus colores resistentes a la decoloraci\u00f3n garantizan que la bandera conserve su significado simb\u00f3lico y su impacto visual con el paso del tiempo.<\/p>","protected":false},"excerpt":{"rendered":"<p>Bandera de 150 x 90 cm con 2 resistentes ojales met\u00e1licos para colgarla con seguridad.<\/p>","protected":false},"featured_media":2460,"comment_status":"open","ping_status":"closed","template":"","meta":{"_gspb_post_css":"","iawp_total_views":56},"product_brand":[],"product_cat":[69],"product_tag":[],"class_list":{"0":"post-2459","1":"product","2":"type-product","3":"status-publish","4":"has-post-thumbnail","6":"product_cat-historical-flags","8":"first","9":"instock","10":"sale","11":"shipping-taxable","12":"purchasable","13":"product-type-simple"},"_links":{"self":[{"href":"https:\/\/cosmoflag.com\/es\/wp-json\/wp\/v2\/product\/2459","targetHints":{"allow":["GET"]}}],"collection":[{"href":"https:\/\/cosmoflag.com\/es\/wp-json\/wp\/v2\/product"}],"about":[{"href":"https:\/\/cosmoflag.com\/es\/wp-json\/wp\/v2\/types\/product"}],"replies":[{"embeddable":true,"href":"https:\/\/cosmoflag.com\/es\/wp-json\/wp\/v2\/comments?post=2459"}],"wp:featuredmedia":[{"embeddable":true,"href":"https:\/\/cosmoflag.com\/es\/wp-json\/wp\/v2\/media\/2460"}],"wp:attachment":[{"href":"https:\/\/cosmoflag.com\/es\/wp-json\/wp\/v2\/media?parent=2459"}],"wp:term":[{"taxonomy":"product_brand","embeddable":true,"href":"https:\/\/cosmoflag.com\/es\/wp-json\/wp\/v2\/product_brand?post=2459"},{"taxonomy":"product_cat","embeddable":true,"href":"https:\/\/cosmoflag.com\/es\/wp-json\/wp\/v2\/product_cat?post=2459"},{"taxonomy":"product_tag","embeddable":true,"href":"https:\/\/cosmoflag.com\/es\/wp-json\/wp\/v2\/product_tag?post=2459"}],"curies":[{"name":"wp","href":"https:\/\/api.w.org\/{rel}","templated":true}]}}