{"id":2456,"date":"2024-12-16T14:35:00","date_gmt":"2024-12-16T12:35:00","guid":{"rendered":"https:\/\/cosmoflag.com\/?post_type=product&#038;p=2456"},"modified":"2025-10-31T17:34:46","modified_gmt":"2025-10-31T15:34:46","slug":"bandera-de-la-union-sovietica","status":"publish","type":"product","link":"https:\/\/cosmoflag.com\/es\/producto\/bandera-de-la-union-sovietica\/","title":{"rendered":"Bandera de la Uni\u00f3n Sovi\u00e9tica"},"content":{"rendered":"<h3><strong>Bandera de la Uni\u00f3n Sovi\u00e9tica Caracter\u00edsticas<\/strong><\/h3>\n<p>Nuestra bandera de la Uni\u00f3n Sovi\u00e9tica est\u00e1 fabricada en poli\u00e9ster de primera calidad, lo que garantiza su durabilidad para un uso prolongado tanto en interiores como en exteriores. Equipada con ojales met\u00e1licos, permite una f\u00e1cil instalaci\u00f3n y garantiza una sujeci\u00f3n segura, incluso en condiciones meteorol\u00f3gicas adversas. Con unas medidas de 90 x 150 cm, esta bandera ofrece una visibilidad excepcional, ya sea colocada en un m\u00e1stil, en la pared o como parte de una colecci\u00f3n.<\/p>\n<h3><strong>Un poderoso s\u00edmbolo de la Historia<\/strong><\/h3>\n<p>La bandera de la Uni\u00f3n Sovi\u00e9tica, con su llamativo fondo rojo y sus ic\u00f3nicos martillo, hoz y estrella dorados, es un s\u00edmbolo de unidad, revoluci\u00f3n y socialismo. Adoptada oficialmente en 1923, representa la cooperaci\u00f3n de obreros (martillo) y campesinos (hoz), mientras que la estrella significa el papel rector del Partido Comunista. Esta bandera encarna un cap\u00edtulo significativo de la historia del siglo XX y se erige en s\u00edmbolo de los movimientos ideol\u00f3gicos de todo el mundo.<\/p>\n<h3><strong>Versatilidad de uso<\/strong><\/h3>\n<p>Ideal para recreaciones hist\u00f3ricas, eventos tem\u00e1ticos, exposiciones educativas o como parte de un coleccionable, la bandera de la Uni\u00f3n Sovi\u00e9tica ofrece un dise\u00f1o robusto y unos colores vibrantes y resistentes a la decoloraci\u00f3n. Conserva su impacto visual y simb\u00f3lico durante a\u00f1os, por lo que es adecuada para cualquier ocasi\u00f3n.<\/p>","protected":false},"excerpt":{"rendered":"<p>Bandera de 150 x 90 cm con 2 resistentes ojales met\u00e1licos para colgarla con seguridad.<\/p>","protected":false},"featured_media":2189,"comment_status":"open","ping_status":"closed","template":"","meta":{"_gspb_post_css":"","iawp_total_views":35},"product_brand":[],"product_cat":[69],"product_tag":[],"class_list":{"0":"post-2456","1":"product","2":"type-product","3":"status-publish","4":"has-post-thumbnail","6":"product_cat-historical-flags","8":"first","9":"instock","10":"sale","11":"shipping-taxable","12":"purchasable","13":"product-type-simple"},"_links":{"self":[{"href":"https:\/\/cosmoflag.com\/es\/wp-json\/wp\/v2\/product\/2456","targetHints":{"allow":["GET"]}}],"collection":[{"href":"https:\/\/cosmoflag.com\/es\/wp-json\/wp\/v2\/product"}],"about":[{"href":"https:\/\/cosmoflag.com\/es\/wp-json\/wp\/v2\/types\/product"}],"replies":[{"embeddable":true,"href":"https:\/\/cosmoflag.com\/es\/wp-json\/wp\/v2\/comments?post=2456"}],"wp:featuredmedia":[{"embeddable":true,"href":"https:\/\/cosmoflag.com\/es\/wp-json\/wp\/v2\/media\/2189"}],"wp:attachment":[{"href":"https:\/\/cosmoflag.com\/es\/wp-json\/wp\/v2\/media?parent=2456"}],"wp:term":[{"taxonomy":"product_brand","embeddable":true,"href":"https:\/\/cosmoflag.com\/es\/wp-json\/wp\/v2\/product_brand?post=2456"},{"taxonomy":"product_cat","embeddable":true,"href":"https:\/\/cosmoflag.com\/es\/wp-json\/wp\/v2\/product_cat?post=2456"},{"taxonomy":"product_tag","embeddable":true,"href":"https:\/\/cosmoflag.com\/es\/wp-json\/wp\/v2\/product_tag?post=2456"}],"curies":[{"name":"wp","href":"https:\/\/api.w.org\/{rel}","templated":true}]}}