{"id":2455,"date":"2024-12-16T14:30:00","date_gmt":"2024-12-16T12:30:00","guid":{"rendered":"https:\/\/cosmoflag.com\/?post_type=product&#038;p=2455"},"modified":"2025-08-12T21:20:49","modified_gmt":"2025-08-12T19:20:49","slug":"bandera-rusa-con-aguila-bicefala","status":"publish","type":"product","link":"https:\/\/cosmoflag.com\/es\/producto\/bandera-rusa-con-aguila-bicefala\/","title":{"rendered":"Bandera rusa con \u00e1guila bic\u00e9fala"},"content":{"rendered":"<h3>Caracter\u00edsticas de la bandera rusa con el \u00e1guila bic\u00e9fala<\/h3>\n<p>Nuestra bandera rusa con \u00e1guila bic\u00e9fala est\u00e1 fabricada en poli\u00e9ster de alta calidad, lo que la hace ideal para un uso duradero, tanto en interiores como en exteriores. Incorpora ojales met\u00e1licos para facilitar su instalaci\u00f3n y una sujeci\u00f3n segura, incluso en condiciones meteorol\u00f3gicas adversas. Disponible en 90 x 150 cm\/35 x 59 pulgadas para una m\u00e1xima visibilidad, nuestra bandera satisface una gran variedad de necesidades, tanto si desea exhibirla en un m\u00e1stil como en una pared.<\/p>\n<h3>Un s\u00edmbolo nacional cargado de historia<\/h3>\n<p>La bandera rusa, con su \u00e1guila bic\u00e9fala negra sobre fondo amarillo, es mucho m\u00e1s que un estandarte nacional. El \u00e1guila bic\u00e9fala, legado de la \u00e9poca bizantina, es un poderoso s\u00edmbolo del imperio y la autoridad rusos, adoptado por primera vez por Iv\u00e1n III tras su matrimonio con la princesa bizantina Sof\u00eda Palaiologina. El fondo amarillo (oro) simboliza la riqueza, el esplendor y la majestuosidad del Estado ruso. Esta bandera no es s\u00f3lo un elemento decorativo; encarna la compleja historia de Rusia y su autoridad imperial.<\/p>\n<h3>Versatilidad de uso<\/h3>\n<p>Ya sea para celebraciones nacionales, exposiciones hist\u00f3ricas o fines educativos, la bandera rusa con el \u00e1guila bic\u00e9fala es adecuada para todas las ocasiones. Su dise\u00f1o robusto y sus colores resistentes a la decoloraci\u00f3n garantizan que la bandera conserve su significado y su impacto visual con el paso del tiempo.<\/p>","protected":false},"excerpt":{"rendered":"<p>Bandera de 150 x 90 cm con 2 resistentes ojales met\u00e1licos para colgarla con seguridad.<\/p>","protected":false},"featured_media":2163,"comment_status":"open","ping_status":"closed","template":"","meta":{"_gspb_post_css":"","iawp_total_views":30},"product_brand":[],"product_cat":[65,58],"product_tag":[],"class_list":{"0":"post-2455","1":"product","2":"type-product","3":"status-publish","4":"has-post-thumbnail","6":"product_cat-europe-flags","7":"product_cat-country-flags","9":"first","10":"instock","11":"sale","12":"shipping-taxable","13":"purchasable","14":"product-type-simple"},"_links":{"self":[{"href":"https:\/\/cosmoflag.com\/es\/wp-json\/wp\/v2\/product\/2455","targetHints":{"allow":["GET"]}}],"collection":[{"href":"https:\/\/cosmoflag.com\/es\/wp-json\/wp\/v2\/product"}],"about":[{"href":"https:\/\/cosmoflag.com\/es\/wp-json\/wp\/v2\/types\/product"}],"replies":[{"embeddable":true,"href":"https:\/\/cosmoflag.com\/es\/wp-json\/wp\/v2\/comments?post=2455"}],"wp:featuredmedia":[{"embeddable":true,"href":"https:\/\/cosmoflag.com\/es\/wp-json\/wp\/v2\/media\/2163"}],"wp:attachment":[{"href":"https:\/\/cosmoflag.com\/es\/wp-json\/wp\/v2\/media?parent=2455"}],"wp:term":[{"taxonomy":"product_brand","embeddable":true,"href":"https:\/\/cosmoflag.com\/es\/wp-json\/wp\/v2\/product_brand?post=2455"},{"taxonomy":"product_cat","embeddable":true,"href":"https:\/\/cosmoflag.com\/es\/wp-json\/wp\/v2\/product_cat?post=2455"},{"taxonomy":"product_tag","embeddable":true,"href":"https:\/\/cosmoflag.com\/es\/wp-json\/wp\/v2\/product_tag?post=2455"}],"curies":[{"name":"wp","href":"https:\/\/api.w.org\/{rel}","templated":true}]}}