{"id":2449,"date":"2024-12-16T14:12:00","date_gmt":"2024-12-16T12:12:00","guid":{"rendered":"https:\/\/cosmoflag.com\/?post_type=product&#038;p=2449"},"modified":"2025-08-12T21:20:51","modified_gmt":"2025-08-12T19:20:51","slug":"bandera-de-belarus","status":"publish","type":"product","link":"https:\/\/cosmoflag.com\/es\/producto\/bandera-de-belarus\/","title":{"rendered":"Bandera de Belar\u00fas"},"content":{"rendered":"<h3>Caracter\u00edsticas de la bandera de Bielorrusia<\/h3>\n<p>Nuestra bandera de Bielorrusia est\u00e1 fabricada en poli\u00e9ster de alta calidad, por lo que es ideal para un uso duradero, tanto en interiores como en exteriores. Incorpora ojales met\u00e1licos para facilitar su instalaci\u00f3n y una sujeci\u00f3n segura, incluso en condiciones meteorol\u00f3gicas adversas. Disponible en 90 x 150 cm\/35 x 59 pulgadas para una m\u00e1xima visibilidad, nuestra bandera satisface una gran variedad de necesidades, tanto si desea exhibirla en un m\u00e1stil como en una pared.<\/p>\n<h3>Un s\u00edmbolo nacional cargado de historia<\/h3>\n<p>La bandera de Bielorrusia es \u00fanica y est\u00e1 llena de simbolismo. La franja roja representa la libertad y el sacrificio revolucionario, mientras que la franja verde simboliza el futuro, la esperanza y la prosperidad de la naturaleza. El caracter\u00edstico friso lateral, inspirado en motivos tradicionales bielorrusos, a\u00f1ade una profunda dimensi\u00f3n cultural, s\u00edmbolo del rico patrimonio art\u00edstico e hist\u00f3rico del pa\u00eds. Adoptada en 1995, esta bandera no es s\u00f3lo un elemento decorativo, sino que encarna la identidad nacional y cultural del pueblo bielorruso.<\/p>\n<h3>Versatilidad de uso<\/h3>\n<p>Ya se utilice para celebraciones nacionales, eventos deportivos o con fines educativos, la bandera de Bielorrusia puede adaptarse a cualquier ocasi\u00f3n. Su dise\u00f1o robusto y sus colores resistentes a la decoloraci\u00f3n garantizan que la bandera conserve su significado y su impacto visual con el paso del tiempo.<\/p>","protected":false},"excerpt":{"rendered":"<p>Bandera de 150 x 90 cm con 2 resistentes ojales met\u00e1licos para colgarla con seguridad.<\/p>","protected":false},"featured_media":1823,"comment_status":"open","ping_status":"closed","template":"","meta":{"_gspb_post_css":"","iawp_total_views":8},"product_brand":[],"product_cat":[65,58],"product_tag":[],"class_list":{"0":"post-2449","1":"product","2":"type-product","3":"status-publish","4":"has-post-thumbnail","6":"product_cat-europe-flags","7":"product_cat-country-flags","9":"first","10":"instock","11":"sale","12":"shipping-taxable","13":"purchasable","14":"product-type-simple"},"_links":{"self":[{"href":"https:\/\/cosmoflag.com\/es\/wp-json\/wp\/v2\/product\/2449","targetHints":{"allow":["GET"]}}],"collection":[{"href":"https:\/\/cosmoflag.com\/es\/wp-json\/wp\/v2\/product"}],"about":[{"href":"https:\/\/cosmoflag.com\/es\/wp-json\/wp\/v2\/types\/product"}],"replies":[{"embeddable":true,"href":"https:\/\/cosmoflag.com\/es\/wp-json\/wp\/v2\/comments?post=2449"}],"wp:featuredmedia":[{"embeddable":true,"href":"https:\/\/cosmoflag.com\/es\/wp-json\/wp\/v2\/media\/1823"}],"wp:attachment":[{"href":"https:\/\/cosmoflag.com\/es\/wp-json\/wp\/v2\/media?parent=2449"}],"wp:term":[{"taxonomy":"product_brand","embeddable":true,"href":"https:\/\/cosmoflag.com\/es\/wp-json\/wp\/v2\/product_brand?post=2449"},{"taxonomy":"product_cat","embeddable":true,"href":"https:\/\/cosmoflag.com\/es\/wp-json\/wp\/v2\/product_cat?post=2449"},{"taxonomy":"product_tag","embeddable":true,"href":"https:\/\/cosmoflag.com\/es\/wp-json\/wp\/v2\/product_tag?post=2449"}],"curies":[{"name":"wp","href":"https:\/\/api.w.org\/{rel}","templated":true}]}}