{"id":2446,"date":"2024-12-16T13:59:00","date_gmt":"2024-12-16T11:59:00","guid":{"rendered":"https:\/\/cosmoflag.com\/?post_type=product&#038;p=2446"},"modified":"2025-08-12T21:20:54","modified_gmt":"2025-08-12T19:20:54","slug":"bandera-de-argelia","status":"publish","type":"product","link":"https:\/\/cosmoflag.com\/es\/producto\/bandera-de-argelia\/","title":{"rendered":"Bandera de Argelia"},"content":{"rendered":"<h3>Caracter\u00edsticas de la bandera de Argelia<\/h3>\n<p>Nuestra bandera de Argelia est\u00e1 fabricada en poli\u00e9ster de alta calidad, por lo que es ideal para un uso duradero en interiores y exteriores. Incorpora ojales met\u00e1licos para facilitar su instalaci\u00f3n y garantizar su sujeci\u00f3n, incluso en condiciones meteorol\u00f3gicas adversas. Disponible en un tama\u00f1o de 90 x 150 cm\/35 x 59 pulgadas para una m\u00e1xima visibilidad, nuestra bandera satisface una gran variedad de necesidades, tanto si desea exhibirla en un m\u00e1stil como en una pared.<\/p>\n<h3>Un s\u00edmbolo nacional cargado de historia<\/h3>\n<p>La bandera de Argelia, con sus dos mitades verticales verde y blanca, una media luna roja y una estrella de cinco puntas en el centro, es mucho m\u00e1s que un estandarte nacional. Adoptada en 1962, tras la independencia de Francia, el verde simboliza el Islam, el blanco representa la pureza y el rojo es signo de libertad. La media luna y la estrella son s\u00edmbolos tradicionales del Islam, pero tambi\u00e9n un recuerdo de la revoluci\u00f3n y la lucha por la independencia. Esta bandera no es s\u00f3lo un elemento decorativo; encarna las aspiraciones, el coraje y la identidad de la naci\u00f3n argelina.<\/p>\n<h3>Versatilidad de uso<\/h3>\n<p>Ya sea para celebraciones nacionales, acontecimientos deportivos o fines educativos, la bandera de Argelia es adecuada para todas las ocasiones. Su dise\u00f1o robusto y sus colores resistentes a la decoloraci\u00f3n garantizan que la bandera conserve su significado y su impacto visual con el paso del tiempo.<\/p>","protected":false},"excerpt":{"rendered":"<p>Bandera de 150 x 90 cm con 2 resistentes ojales met\u00e1licos para colgarla con seguridad.<\/p>","protected":false},"featured_media":1795,"comment_status":"open","ping_status":"closed","template":"","meta":{"_gspb_post_css":"","iawp_total_views":16},"product_brand":[],"product_cat":[60,58],"product_tag":[],"class_list":{"0":"post-2446","1":"product","2":"type-product","3":"status-publish","4":"has-post-thumbnail","6":"product_cat-africa-flags","7":"product_cat-country-flags","9":"first","10":"instock","11":"sale","12":"shipping-taxable","13":"purchasable","14":"product-type-simple"},"_links":{"self":[{"href":"https:\/\/cosmoflag.com\/es\/wp-json\/wp\/v2\/product\/2446","targetHints":{"allow":["GET"]}}],"collection":[{"href":"https:\/\/cosmoflag.com\/es\/wp-json\/wp\/v2\/product"}],"about":[{"href":"https:\/\/cosmoflag.com\/es\/wp-json\/wp\/v2\/types\/product"}],"replies":[{"embeddable":true,"href":"https:\/\/cosmoflag.com\/es\/wp-json\/wp\/v2\/comments?post=2446"}],"wp:featuredmedia":[{"embeddable":true,"href":"https:\/\/cosmoflag.com\/es\/wp-json\/wp\/v2\/media\/1795"}],"wp:attachment":[{"href":"https:\/\/cosmoflag.com\/es\/wp-json\/wp\/v2\/media?parent=2446"}],"wp:term":[{"taxonomy":"product_brand","embeddable":true,"href":"https:\/\/cosmoflag.com\/es\/wp-json\/wp\/v2\/product_brand?post=2446"},{"taxonomy":"product_cat","embeddable":true,"href":"https:\/\/cosmoflag.com\/es\/wp-json\/wp\/v2\/product_cat?post=2446"},{"taxonomy":"product_tag","embeddable":true,"href":"https:\/\/cosmoflag.com\/es\/wp-json\/wp\/v2\/product_tag?post=2446"}],"curies":[{"name":"wp","href":"https:\/\/api.w.org\/{rel}","templated":true}]}}