{"id":2442,"date":"2024-12-16T13:46:00","date_gmt":"2024-12-16T11:46:00","guid":{"rendered":"https:\/\/cosmoflag.com\/?post_type=product&#038;p=2442"},"modified":"2025-08-12T21:20:55","modified_gmt":"2025-08-12T19:20:55","slug":"bandera-de-jamaica","status":"publish","type":"product","link":"https:\/\/cosmoflag.com\/es\/producto\/bandera-de-jamaica\/","title":{"rendered":"Bandera de Jamaica"},"content":{"rendered":"<h3>Caracter\u00edsticas de la bandera de Jamaica<\/h3>\n<p>Nuestra bandera de Jamaica est\u00e1 fabricada en poli\u00e9ster de alta calidad, lo que la hace ideal para un uso duradero, tanto en interiores como en exteriores. Incorpora ojales met\u00e1licos para facilitar su instalaci\u00f3n y garantizar su sujeci\u00f3n, incluso en condiciones meteorol\u00f3gicas adversas. Disponible en 90 x 150 cm\/35 x 59 pulgadas para una m\u00e1xima visibilidad, nuestra bandera satisface una gran variedad de necesidades, tanto si desea exhibirla en un m\u00e1stil como en una pared.<\/p>\n<h3>Un s\u00edmbolo nacional cargado de historia<\/h3>\n<p>La bandera de Jamaica, con su distintivo dise\u00f1o de la cruz de San Andr\u00e9s negra flanqueada por tri\u00e1ngulos verdes y dorados, es mucho m\u00e1s que un estandarte nacional. Adoptada en 1962 en el momento de la independencia del pa\u00eds, el negro representa las dificultades superadas y por superar, el verde simboliza la esperanza y la agricultura, y el dorado evoca la riqueza natural y la belleza del sol. Esta bandera no es s\u00f3lo un elemento decorativo; encarna la historia, la vibrante cultura y las aspiraciones progresistas del pueblo jamaicano.<\/p>\n<h3>Versatilidad de uso<\/h3>\n<p>Ya sea para celebraciones nacionales, festivales de m\u00fasica, eventos deportivos o con fines educativos, la bandera de Jamaica puede utilizarse en cualquier ocasi\u00f3n. Su dise\u00f1o robusto y sus colores resistentes a la decoloraci\u00f3n garantizan que la bandera conserve su significado y su impacto visual con el paso del tiempo.<\/p>","protected":false},"excerpt":{"rendered":"<p>Bandera de 150 x 90 cm con 2 resistentes ojales met\u00e1licos para colgarla con seguridad.<\/p>","protected":false},"featured_media":2012,"comment_status":"open","ping_status":"closed","template":"","meta":{"_gspb_post_css":"","iawp_total_views":8},"product_brand":[],"product_cat":[62,58],"product_tag":[],"class_list":{"0":"post-2442","1":"product","2":"type-product","3":"status-publish","4":"has-post-thumbnail","6":"product_cat-north-america-flags","7":"product_cat-country-flags","9":"first","10":"instock","11":"sale","12":"shipping-taxable","13":"purchasable","14":"product-type-simple"},"_links":{"self":[{"href":"https:\/\/cosmoflag.com\/es\/wp-json\/wp\/v2\/product\/2442","targetHints":{"allow":["GET"]}}],"collection":[{"href":"https:\/\/cosmoflag.com\/es\/wp-json\/wp\/v2\/product"}],"about":[{"href":"https:\/\/cosmoflag.com\/es\/wp-json\/wp\/v2\/types\/product"}],"replies":[{"embeddable":true,"href":"https:\/\/cosmoflag.com\/es\/wp-json\/wp\/v2\/comments?post=2442"}],"wp:featuredmedia":[{"embeddable":true,"href":"https:\/\/cosmoflag.com\/es\/wp-json\/wp\/v2\/media\/2012"}],"wp:attachment":[{"href":"https:\/\/cosmoflag.com\/es\/wp-json\/wp\/v2\/media?parent=2442"}],"wp:term":[{"taxonomy":"product_brand","embeddable":true,"href":"https:\/\/cosmoflag.com\/es\/wp-json\/wp\/v2\/product_brand?post=2442"},{"taxonomy":"product_cat","embeddable":true,"href":"https:\/\/cosmoflag.com\/es\/wp-json\/wp\/v2\/product_cat?post=2442"},{"taxonomy":"product_tag","embeddable":true,"href":"https:\/\/cosmoflag.com\/es\/wp-json\/wp\/v2\/product_tag?post=2442"}],"curies":[{"name":"wp","href":"https:\/\/api.w.org\/{rel}","templated":true}]}}