{"id":2439,"date":"2024-12-16T13:34:00","date_gmt":"2024-12-16T11:34:00","guid":{"rendered":"https:\/\/cosmoflag.com\/?post_type=product&#038;p=2439"},"modified":"2026-02-21T20:35:55","modified_gmt":"2026-02-21T18:35:55","slug":"bandera-de-vietnam","status":"publish","type":"product","link":"https:\/\/cosmoflag.com\/es\/producto\/bandera-de-vietnam\/","title":{"rendered":"Bandera de Vietnam"},"content":{"rendered":"<h3>Caracter\u00edsticas de la bandera de Vietnam<\/h3>\n<p>Nuestra bandera de Vietnam est\u00e1 fabricada en poli\u00e9ster de alta calidad, lo que la hace ideal para un uso duradero, tanto en interiores como en exteriores. Incorpora ojales met\u00e1licos para facilitar su instalaci\u00f3n y garantizar su sujeci\u00f3n, incluso en condiciones meteorol\u00f3gicas adversas. Disponible en 90 x 150 cm\/35 x 59 pulgadas para una m\u00e1xima visibilidad, nuestra bandera satisface una gran variedad de necesidades, tanto si desea exhibirla en un m\u00e1stil como en una pared.<\/p>\n<h3>Un s\u00edmbolo nacional cargado de historia<\/h3>\n<p>La bandera vietnamita, con su fondo rojo brillante y su estrella amarilla de cinco puntas en el centro, es mucho m\u00e1s que un estandarte nacional. Adoptada en 1955 por el Norte y oficialmente para todo el pa\u00eds tras la reunificaci\u00f3n en 1976, el rojo simboliza la sangre derramada por la independencia, mientras que la estrella amarilla representa la luz de la revoluci\u00f3n que gu\u00eda al pueblo hacia la unidad, la libertad y el socialismo. Esta bandera no es s\u00f3lo un elemento decorativo; encarna las aspiraciones, el coraje y el orgullo de la naci\u00f3n vietnamita.<\/p>\n<h3>Versatilidad de uso<\/h3>\n<p>Ya sea para celebraciones nacionales, acontecimientos deportivos o fines educativos, la bandera vietnamita puede adaptarse a cualquier ocasi\u00f3n. Su dise\u00f1o robusto y sus colores resistentes a la decoloraci\u00f3n garantizan que la bandera conserve su significado y su impacto visual con el paso del tiempo.<\/p>","protected":false},"excerpt":{"rendered":"<p>Bandera de 150 x 90 cm con 2 resistentes ojales met\u00e1licos para colgarla con seguridad.<\/p>","protected":false},"featured_media":1761,"comment_status":"open","ping_status":"closed","template":"","meta":{"_gspb_post_css":"","iawp_total_views":5},"product_brand":[],"product_cat":[64,58],"product_tag":[],"class_list":{"0":"post-2439","1":"product","2":"type-product","3":"status-publish","4":"has-post-thumbnail","6":"product_cat-asia-flags","7":"product_cat-country-flags","9":"first","10":"instock","11":"sale","12":"shipping-taxable","13":"purchasable","14":"product-type-simple"},"_links":{"self":[{"href":"https:\/\/cosmoflag.com\/es\/wp-json\/wp\/v2\/product\/2439","targetHints":{"allow":["GET"]}}],"collection":[{"href":"https:\/\/cosmoflag.com\/es\/wp-json\/wp\/v2\/product"}],"about":[{"href":"https:\/\/cosmoflag.com\/es\/wp-json\/wp\/v2\/types\/product"}],"replies":[{"embeddable":true,"href":"https:\/\/cosmoflag.com\/es\/wp-json\/wp\/v2\/comments?post=2439"}],"wp:featuredmedia":[{"embeddable":true,"href":"https:\/\/cosmoflag.com\/es\/wp-json\/wp\/v2\/media\/1761"}],"wp:attachment":[{"href":"https:\/\/cosmoflag.com\/es\/wp-json\/wp\/v2\/media?parent=2439"}],"wp:term":[{"taxonomy":"product_brand","embeddable":true,"href":"https:\/\/cosmoflag.com\/es\/wp-json\/wp\/v2\/product_brand?post=2439"},{"taxonomy":"product_cat","embeddable":true,"href":"https:\/\/cosmoflag.com\/es\/wp-json\/wp\/v2\/product_cat?post=2439"},{"taxonomy":"product_tag","embeddable":true,"href":"https:\/\/cosmoflag.com\/es\/wp-json\/wp\/v2\/product_tag?post=2439"}],"curies":[{"name":"wp","href":"https:\/\/api.w.org\/{rel}","templated":true}]}}