{"id":2425,"date":"2024-12-15T21:59:00","date_gmt":"2024-12-15T19:59:00","guid":{"rendered":"https:\/\/cosmoflag.com\/?post_type=product&#038;p=2425"},"modified":"2026-03-07T03:15:36","modified_gmt":"2026-03-07T01:15:36","slug":"bandera-de-brasil","status":"publish","type":"product","link":"https:\/\/cosmoflag.com\/es\/producto\/bandera-de-brasil\/","title":{"rendered":"Bandera de Brasil"},"content":{"rendered":"<h3>Caracter\u00edsticas de la bandera de Brasil<\/h3>\n<p>Nuestra bandera de Brasil est\u00e1 fabricada en poli\u00e9ster de alta calidad, lo que la hace ideal para un uso duradero en interiores y exteriores. Incorpora ojales met\u00e1licos que facilitan su instalaci\u00f3n y garantizan su sujeci\u00f3n, incluso en condiciones meteorol\u00f3gicas adversas. Disponible en un tama\u00f1o de 90 x 150 cm\/35 x 59 pulgadas para una m\u00e1xima visibilidad, nuestra bandera satisface una gran variedad de necesidades, tanto si desea exhibirla en un m\u00e1stil como en una pared.<\/p>\n<h3>Un s\u00edmbolo nacional cargado de historia<\/h3>\n<p>La bandera de Brasil, adoptada en 1889 tras la proclamaci\u00f3n de la rep\u00fablica, est\u00e1 compuesta por un campo verde que representa los bosques brasile\u00f1os y un rombo amarillo que simboliza la riqueza mineral del pa\u00eds. En el centro del rombo, una esfera azul est\u00e1 adornada con 27 estrellas blancas, cada una de las cuales representa un estado brasile\u00f1o y el distrito federal, dispuestas como el cielo de R\u00edo de Janeiro el 15 de noviembre de 1889. La banda blanca que atraviesa la esfera lleva el lema nacional: \"Ordem e Progresso\" (Orden y Progreso), inspirado en los ideales positivistas.<\/p>\n<h3>Versatilidad de uso<\/h3>\n<p>Ya sea para celebraciones nacionales, eventos deportivos, actos culturales o fines educativos, la bandera de Brasil es adecuada para todas las ocasiones. Su dise\u00f1o robusto y sus colores resistentes a la decoloraci\u00f3n garantizan que la bandera conserve su significado y su impacto visual con el paso del tiempo.<\/p>","protected":false},"excerpt":{"rendered":"<p>Bandera de 150 x 90 cm con 2 resistentes ojales met\u00e1licos para colgarla con seguridad.<\/p>","protected":false},"featured_media":1022,"comment_status":"open","ping_status":"closed","template":"","meta":{"_gspb_post_css":"","iawp_total_views":34},"product_brand":[],"product_cat":[63,58],"product_tag":[],"class_list":{"0":"post-2425","1":"product","2":"type-product","3":"status-publish","4":"has-post-thumbnail","6":"product_cat-south-america-flag","7":"product_cat-country-flags","9":"first","10":"instock","11":"sale","12":"shipping-taxable","13":"purchasable","14":"product-type-simple"},"_links":{"self":[{"href":"https:\/\/cosmoflag.com\/es\/wp-json\/wp\/v2\/product\/2425","targetHints":{"allow":["GET"]}}],"collection":[{"href":"https:\/\/cosmoflag.com\/es\/wp-json\/wp\/v2\/product"}],"about":[{"href":"https:\/\/cosmoflag.com\/es\/wp-json\/wp\/v2\/types\/product"}],"replies":[{"embeddable":true,"href":"https:\/\/cosmoflag.com\/es\/wp-json\/wp\/v2\/comments?post=2425"}],"wp:featuredmedia":[{"embeddable":true,"href":"https:\/\/cosmoflag.com\/es\/wp-json\/wp\/v2\/media\/1022"}],"wp:attachment":[{"href":"https:\/\/cosmoflag.com\/es\/wp-json\/wp\/v2\/media?parent=2425"}],"wp:term":[{"taxonomy":"product_brand","embeddable":true,"href":"https:\/\/cosmoflag.com\/es\/wp-json\/wp\/v2\/product_brand?post=2425"},{"taxonomy":"product_cat","embeddable":true,"href":"https:\/\/cosmoflag.com\/es\/wp-json\/wp\/v2\/product_cat?post=2425"},{"taxonomy":"product_tag","embeddable":true,"href":"https:\/\/cosmoflag.com\/es\/wp-json\/wp\/v2\/product_tag?post=2425"}],"curies":[{"name":"wp","href":"https:\/\/api.w.org\/{rel}","templated":true}]}}