{"id":2402,"date":"2024-12-15T20:41:00","date_gmt":"2024-12-15T18:41:00","guid":{"rendered":"https:\/\/cosmoflag.com\/?post_type=product&#038;p=2402"},"modified":"2025-08-12T21:23:12","modified_gmt":"2025-08-12T19:23:12","slug":"bandera-de-ghana","status":"publish","type":"product","link":"https:\/\/cosmoflag.com\/es\/producto\/bandera-de-ghana\/","title":{"rendered":"Bandera de Ghana"},"content":{"rendered":"<h3>Caracter\u00edsticas de la bandera de Ghana<\/h3>\n<p>Nuestra bandera de Ghana est\u00e1 fabricada en poli\u00e9ster de alta calidad, lo que la hace ideal para un uso duradero, tanto en interiores como en exteriores. Incorpora ojales met\u00e1licos para facilitar su instalaci\u00f3n y garantizar su sujeci\u00f3n, incluso en condiciones meteorol\u00f3gicas adversas. Disponible en 90 x 150 cm\/35 x 59 pulgadas para una m\u00e1xima visibilidad, nuestra bandera satisface una gran variedad de necesidades, tanto si desea exhibirla en un m\u00e1stil como en una pared.<\/p>\n<h3>Un s\u00edmbolo nacional cargado de historia<\/h3>\n<p>La bandera de Ghana, adoptada en 1957 con motivo de la independencia del pa\u00eds, presenta tres franjas horizontales de color rojo, amarillo y verde, con una estrella negra en el centro de la franja amarilla. El rojo simboliza la sangre derramada por la independencia, el amarillo representa la riqueza mineral y natural, el verde simboliza la riqueza de los bosques y la agricultura, y la estrella negra es el emblema de la unidad y la emancipaci\u00f3n africanas.<\/p>\n<h3>Versatilidad de uso<\/h3>\n<p>Ya sea para celebraciones nacionales, eventos deportivos, actos culturales o fines educativos, la bandera de Ghana es adecuada para todas las ocasiones. Su dise\u00f1o robusto y sus colores resistentes a la decoloraci\u00f3n garantizan que la bandera conserve su significado y su impacto visual con el paso del tiempo.<\/p>","protected":false},"excerpt":{"rendered":"<p>Bandera de 150 x 90 cm con 2 resistentes ojales met\u00e1licos para colgarla con seguridad.<\/p>","protected":false},"featured_media":1135,"comment_status":"open","ping_status":"closed","template":"","meta":{"_gspb_post_css":"","iawp_total_views":12},"product_brand":[],"product_cat":[60,58],"product_tag":[],"class_list":{"0":"post-2402","1":"product","2":"type-product","3":"status-publish","4":"has-post-thumbnail","6":"product_cat-africa-flags","7":"product_cat-country-flags","9":"first","10":"instock","11":"sale","12":"shipping-taxable","13":"purchasable","14":"product-type-simple"},"_links":{"self":[{"href":"https:\/\/cosmoflag.com\/es\/wp-json\/wp\/v2\/product\/2402","targetHints":{"allow":["GET"]}}],"collection":[{"href":"https:\/\/cosmoflag.com\/es\/wp-json\/wp\/v2\/product"}],"about":[{"href":"https:\/\/cosmoflag.com\/es\/wp-json\/wp\/v2\/types\/product"}],"replies":[{"embeddable":true,"href":"https:\/\/cosmoflag.com\/es\/wp-json\/wp\/v2\/comments?post=2402"}],"wp:featuredmedia":[{"embeddable":true,"href":"https:\/\/cosmoflag.com\/es\/wp-json\/wp\/v2\/media\/1135"}],"wp:attachment":[{"href":"https:\/\/cosmoflag.com\/es\/wp-json\/wp\/v2\/media?parent=2402"}],"wp:term":[{"taxonomy":"product_brand","embeddable":true,"href":"https:\/\/cosmoflag.com\/es\/wp-json\/wp\/v2\/product_brand?post=2402"},{"taxonomy":"product_cat","embeddable":true,"href":"https:\/\/cosmoflag.com\/es\/wp-json\/wp\/v2\/product_cat?post=2402"},{"taxonomy":"product_tag","embeddable":true,"href":"https:\/\/cosmoflag.com\/es\/wp-json\/wp\/v2\/product_tag?post=2402"}],"curies":[{"name":"wp","href":"https:\/\/api.w.org\/{rel}","templated":true}]}}