{"id":2399,"date":"2024-12-15T20:27:00","date_gmt":"2024-12-15T18:27:00","guid":{"rendered":"https:\/\/cosmoflag.com\/?post_type=product&#038;p=2399"},"modified":"2025-08-12T21:23:13","modified_gmt":"2025-08-12T19:23:13","slug":"bandera-de-las-naciones-unidas","status":"publish","type":"product","link":"https:\/\/cosmoflag.com\/es\/producto\/bandera-de-las-naciones-unidas\/","title":{"rendered":"Bandera de las Naciones Unidas"},"content":{"rendered":"<h3>Caracter\u00edsticas de la bandera de las Naciones Unidas<\/h3>\n<p>Nuestra bandera de las Naciones Unidas est\u00e1 fabricada en poli\u00e9ster de alta calidad, lo que la hace ideal para un uso duradero, tanto en interiores como en exteriores. Incorpora ojales met\u00e1licos para facilitar su instalaci\u00f3n y una sujeci\u00f3n segura, incluso en condiciones meteorol\u00f3gicas adversas. Disponible en 90 x 150 cm\/35 x 59 pulgadas para una m\u00e1xima visibilidad, nuestra bandera satisface una gran variedad de necesidades, tanto si desea exhibirla en un m\u00e1stil como en una pared.<\/p>\n<h3>Un s\u00edmbolo mundial cargado de historia<\/h3>\n<p>La bandera de las Naciones Unidas, adoptada en octubre de 1947, tiene un fondo azul que simboliza la paz y la justicia, con un mapamundi blanco centrado entre los meridianos 40\u00b0 Norte y 100\u00b0 Oeste. Los continentes est\u00e1n rodeados por dos ramas de olivo, que representan la paz. La elecci\u00f3n del dise\u00f1o refleja la aspiraci\u00f3n universal de la organizaci\u00f3n a la paz mundial y su objetivo de promover la cooperaci\u00f3n entre los pa\u00edses y reducir los conflictos.<\/p>\n<h3>Versatilidad de uso<\/h3>\n<p>Ya sea para conferencias internacionales, misiones de mantenimiento de la paz, oficinas institucionales o fines educativos, la bandera de las Naciones Unidas es adecuada para todas las ocasiones. Su dise\u00f1o robusto y sus colores resistentes a la decoloraci\u00f3n garantizan que la bandera conserve su significado y su impacto visual con el paso del tiempo.<\/p>","protected":false},"excerpt":{"rendered":"<p>Bandera de 150 x 90 cm con 2 resistentes ojales met\u00e1licos para colgarla con seguridad.<\/p>","protected":false},"featured_media":1437,"comment_status":"open","ping_status":"closed","template":"","meta":{"_gspb_post_css":"","iawp_total_views":8},"product_brand":[],"product_cat":[68],"product_tag":[],"class_list":{"0":"post-2399","1":"product","2":"type-product","3":"status-publish","4":"has-post-thumbnail","6":"product_cat-official-flags","8":"first","9":"instock","10":"sale","11":"shipping-taxable","12":"purchasable","13":"product-type-simple"},"_links":{"self":[{"href":"https:\/\/cosmoflag.com\/es\/wp-json\/wp\/v2\/product\/2399","targetHints":{"allow":["GET"]}}],"collection":[{"href":"https:\/\/cosmoflag.com\/es\/wp-json\/wp\/v2\/product"}],"about":[{"href":"https:\/\/cosmoflag.com\/es\/wp-json\/wp\/v2\/types\/product"}],"replies":[{"embeddable":true,"href":"https:\/\/cosmoflag.com\/es\/wp-json\/wp\/v2\/comments?post=2399"}],"wp:featuredmedia":[{"embeddable":true,"href":"https:\/\/cosmoflag.com\/es\/wp-json\/wp\/v2\/media\/1437"}],"wp:attachment":[{"href":"https:\/\/cosmoflag.com\/es\/wp-json\/wp\/v2\/media?parent=2399"}],"wp:term":[{"taxonomy":"product_brand","embeddable":true,"href":"https:\/\/cosmoflag.com\/es\/wp-json\/wp\/v2\/product_brand?post=2399"},{"taxonomy":"product_cat","embeddable":true,"href":"https:\/\/cosmoflag.com\/es\/wp-json\/wp\/v2\/product_cat?post=2399"},{"taxonomy":"product_tag","embeddable":true,"href":"https:\/\/cosmoflag.com\/es\/wp-json\/wp\/v2\/product_tag?post=2399"}],"curies":[{"name":"wp","href":"https:\/\/api.w.org\/{rel}","templated":true}]}}