{"id":2397,"date":"2024-12-15T20:18:00","date_gmt":"2024-12-15T18:18:00","guid":{"rendered":"https:\/\/cosmoflag.com\/?post_type=product&#038;p=2397"},"modified":"2026-03-31T00:45:48","modified_gmt":"2026-03-30T22:45:48","slug":"bandera-de-iran","status":"publish","type":"product","link":"https:\/\/cosmoflag.com\/es\/producto\/bandera-de-iran\/","title":{"rendered":"Bandera de Ir\u00e1n"},"content":{"rendered":"<h3>Caracter\u00edsticas de la bandera de Ir\u00e1n<\/h3>\n<p>Nuestra bandera de Ir\u00e1n est\u00e1 fabricada en poli\u00e9ster de alta calidad, lo que la hace ideal para un uso duradero, tanto en interiores como en exteriores. Incorpora ojales met\u00e1licos para facilitar su instalaci\u00f3n y garantizar su sujeci\u00f3n, incluso en condiciones meteorol\u00f3gicas adversas. Disponible en 90 x 150 cm\/35 x 59 pulgadas para una m\u00e1xima visibilidad, nuestra bandera satisface una gran variedad de necesidades, tanto si desea exhibirla en un m\u00e1stil como en una pared.<\/p>\n<h3>Un s\u00edmbolo nacional cargado de historia<\/h3>\n<p>La bandera de Ir\u00e1n, adoptada en 1980, consta de tres franjas horizontales de color verde, blanco y rojo. El verde simboliza el crecimiento y la felicidad, el blanco representa la paz y la amistad, y el rojo evoca el coraje y la valent\u00eda. En el centro de la franja blanca est\u00e1 el \u201cTakbir\u201d (Allahu Akbar) repetido 22 veces en letra c\u00fafica, formando una figura alargada arriba y abajo. La bandera tambi\u00e9n presenta un emblema central rojo estilizado que representa el tulip\u00e1n, s\u00edmbolo del martirio.<\/p>\n<h3>Versatilidad de uso<\/h3>\n<p>Ya sea para celebraciones nacionales, acontecimientos deportivos, manifestaciones pol\u00edticas o fines educativos, la bandera iran\u00ed es adecuada para todas las ocasiones. Su dise\u00f1o robusto y sus colores resistentes a la decoloraci\u00f3n garantizan que la bandera conserve su significado y su impacto visual con el paso del tiempo.<\/p>","protected":false},"excerpt":{"rendered":"<p>Bandera de 150 x 90 cm con 2 resistentes ojales met\u00e1licos para colgarla con seguridad.<\/p>","protected":false},"featured_media":1159,"comment_status":"open","ping_status":"closed","template":"","meta":{"_gspb_post_css":"","iawp_total_views":95},"product_brand":[],"product_cat":[66,58],"product_tag":[],"class_list":{"0":"post-2397","1":"product","2":"type-product","3":"status-publish","4":"has-post-thumbnail","6":"product_cat-middle-east-flags","7":"product_cat-country-flags","9":"first","10":"instock","11":"sale","12":"shipping-taxable","13":"purchasable","14":"product-type-simple"},"_links":{"self":[{"href":"https:\/\/cosmoflag.com\/es\/wp-json\/wp\/v2\/product\/2397","targetHints":{"allow":["GET"]}}],"collection":[{"href":"https:\/\/cosmoflag.com\/es\/wp-json\/wp\/v2\/product"}],"about":[{"href":"https:\/\/cosmoflag.com\/es\/wp-json\/wp\/v2\/types\/product"}],"replies":[{"embeddable":true,"href":"https:\/\/cosmoflag.com\/es\/wp-json\/wp\/v2\/comments?post=2397"}],"wp:featuredmedia":[{"embeddable":true,"href":"https:\/\/cosmoflag.com\/es\/wp-json\/wp\/v2\/media\/1159"}],"wp:attachment":[{"href":"https:\/\/cosmoflag.com\/es\/wp-json\/wp\/v2\/media?parent=2397"}],"wp:term":[{"taxonomy":"product_brand","embeddable":true,"href":"https:\/\/cosmoflag.com\/es\/wp-json\/wp\/v2\/product_brand?post=2397"},{"taxonomy":"product_cat","embeddable":true,"href":"https:\/\/cosmoflag.com\/es\/wp-json\/wp\/v2\/product_cat?post=2397"},{"taxonomy":"product_tag","embeddable":true,"href":"https:\/\/cosmoflag.com\/es\/wp-json\/wp\/v2\/product_tag?post=2397"}],"curies":[{"name":"wp","href":"https:\/\/api.w.org\/{rel}","templated":true}]}}