{"id":2384,"date":"2024-12-15T19:26:00","date_gmt":"2024-12-15T17:26:00","guid":{"rendered":"https:\/\/cosmoflag.com\/?post_type=product&#038;p=2384"},"modified":"2025-08-12T21:23:17","modified_gmt":"2025-08-12T19:23:17","slug":"bandera-de-holanda","status":"publish","type":"product","link":"https:\/\/cosmoflag.com\/es\/producto\/bandera-de-holanda\/","title":{"rendered":"Bandera de los Pa\u00edses Bajos"},"content":{"rendered":"<h3>Caracter\u00edsticas de la bandera de Holanda<\/h3>\n<p>Nuestra bandera de Holanda, tambi\u00e9n conocida como \u201cbandera tricolor holandesa\u201d, est\u00e1 fabricada en poli\u00e9ster de alta calidad, lo que la hace ideal para un uso duradero, tanto en interiores como en exteriores. Incorpora ojales met\u00e1licos para facilitar su instalaci\u00f3n y una sujeci\u00f3n segura, incluso en condiciones meteorol\u00f3gicas adversas. Disponible en tama\u00f1os de 90 x 150 cm\/35 x 59 pulgadas para una m\u00e1xima visibilidad, nuestra bandera satisface una gran variedad de necesidades, tanto si desea exhibirla en un m\u00e1stil como en una pared.<\/p>\n<h3>Un s\u00edmbolo nacional cargado de historia<\/h3>\n<p>La bandera de los Pa\u00edses Bajos consta de tres franjas horizontales de color rojo, blanco y azul. Adoptada originalmente en 1572 como bandera del Pr\u00edncipe de Nassau, se convirti\u00f3 en bandera nacional en 1937. El rojo simboliza al pueblo, el blanco la paz y el honor, y el azul la fidelidad y la verdad. Estos colores reflejan los valores de libertad e independencia que son fundamentales para la identidad nacional holandesa.<\/p>\n<h3>Versatilidad de uso<\/h3>\n<p>Ya sea para celebraciones nacionales, eventos deportivos, actos culturales o fines educativos, la bandera holandesa es adecuada para todas las ocasiones. Su dise\u00f1o robusto y sus colores resistentes a la decoloraci\u00f3n garantizan que la bandera conserve su significado y su impacto visual con el paso del tiempo.<\/p>","protected":false},"excerpt":{"rendered":"<p>Bandera de 150 x 90 cm con 2 resistentes ojales met\u00e1licos para colgarla con seguridad.<\/p>","protected":false},"featured_media":1274,"comment_status":"open","ping_status":"closed","template":"","meta":{"_gspb_post_css":"","iawp_total_views":13},"product_brand":[],"product_cat":[65,58],"product_tag":[],"class_list":{"0":"post-2384","1":"product","2":"type-product","3":"status-publish","4":"has-post-thumbnail","6":"product_cat-europe-flags","7":"product_cat-country-flags","9":"first","10":"instock","11":"sale","12":"shipping-taxable","13":"purchasable","14":"product-type-simple"},"_links":{"self":[{"href":"https:\/\/cosmoflag.com\/es\/wp-json\/wp\/v2\/product\/2384","targetHints":{"allow":["GET"]}}],"collection":[{"href":"https:\/\/cosmoflag.com\/es\/wp-json\/wp\/v2\/product"}],"about":[{"href":"https:\/\/cosmoflag.com\/es\/wp-json\/wp\/v2\/types\/product"}],"replies":[{"embeddable":true,"href":"https:\/\/cosmoflag.com\/es\/wp-json\/wp\/v2\/comments?post=2384"}],"wp:featuredmedia":[{"embeddable":true,"href":"https:\/\/cosmoflag.com\/es\/wp-json\/wp\/v2\/media\/1274"}],"wp:attachment":[{"href":"https:\/\/cosmoflag.com\/es\/wp-json\/wp\/v2\/media?parent=2384"}],"wp:term":[{"taxonomy":"product_brand","embeddable":true,"href":"https:\/\/cosmoflag.com\/es\/wp-json\/wp\/v2\/product_brand?post=2384"},{"taxonomy":"product_cat","embeddable":true,"href":"https:\/\/cosmoflag.com\/es\/wp-json\/wp\/v2\/product_cat?post=2384"},{"taxonomy":"product_tag","embeddable":true,"href":"https:\/\/cosmoflag.com\/es\/wp-json\/wp\/v2\/product_tag?post=2384"}],"curies":[{"name":"wp","href":"https:\/\/api.w.org\/{rel}","templated":true}]}}