{"id":2377,"date":"2024-12-15T15:05:00","date_gmt":"2024-12-15T13:05:00","guid":{"rendered":"https:\/\/cosmoflag.com\/?post_type=product&#038;p=2377"},"modified":"2025-08-12T21:23:22","modified_gmt":"2025-08-12T19:23:22","slug":"bandera-de-benin","status":"publish","type":"product","link":"https:\/\/cosmoflag.com\/es\/producto\/bandera-de-benin\/","title":{"rendered":"Bandera de Ben\u00edn"},"content":{"rendered":"<h3>Caracter\u00edsticas de la bandera de Ben\u00edn<\/h3>\n<p>Nuestra bandera de Ben\u00edn est\u00e1 fabricada en poli\u00e9ster de alta calidad, por lo que es ideal para un uso duradero en interiores y exteriores. Incorpora ojales met\u00e1licos que facilitan su instalaci\u00f3n y garantizan una sujeci\u00f3n segura, incluso en condiciones meteorol\u00f3gicas adversas. Disponible en 90 x 150 cm\/35 x 59 pulgadas para una m\u00e1xima visibilidad, nuestra bandera satisface una amplia gama de necesidades, tanto si desea exhibirla en un m\u00e1stil como en una pared.<\/p>\n<h3>Un s\u00edmbolo nacional cargado de historia<\/h3>\n<p>La bandera de Ben\u00edn, adoptada en 1990, est\u00e1 compuesta por dos bandas horizontales de color amarillo y rojo, con una banda vertical de color verde en el m\u00e1stil. El amarillo simboliza la preservaci\u00f3n y vitalidad de la naci\u00f3n, el rojo representa el coraje de los antepasados, y el verde simboliza la esperanza y la riqueza agr\u00edcola del pa\u00eds. Este dise\u00f1o sencillo pero poderoso refleja las aspiraciones y la resistencia del pueblo benin\u00e9s.<\/p>\n<h3>Uso vers\u00e1til<\/h3>\n<p>Ya sea para celebraciones nacionales, eventos deportivos, manifestaciones pol\u00edticas o fines educativos, la bandera de Ben\u00edn es adecuada para todas las ocasiones. Su dise\u00f1o robusto y sus colores resistentes a la decoloraci\u00f3n garantizan que la bandera conserve su significado y su impacto visual con el paso del tiempo.<\/p>","protected":false},"excerpt":{"rendered":"<p>Bandera de 150 x 90 cm con 2 resistentes ojales met\u00e1licos para colgarla con seguridad.<\/p>","protected":false},"featured_media":1004,"comment_status":"open","ping_status":"closed","template":"","meta":{"_gspb_post_css":"","iawp_total_views":3},"product_brand":[],"product_cat":[60,58],"product_tag":[],"class_list":{"0":"post-2377","1":"product","2":"type-product","3":"status-publish","4":"has-post-thumbnail","6":"product_cat-africa-flags","7":"product_cat-country-flags","9":"first","10":"instock","11":"sale","12":"shipping-taxable","13":"purchasable","14":"product-type-simple"},"_links":{"self":[{"href":"https:\/\/cosmoflag.com\/es\/wp-json\/wp\/v2\/product\/2377","targetHints":{"allow":["GET"]}}],"collection":[{"href":"https:\/\/cosmoflag.com\/es\/wp-json\/wp\/v2\/product"}],"about":[{"href":"https:\/\/cosmoflag.com\/es\/wp-json\/wp\/v2\/types\/product"}],"replies":[{"embeddable":true,"href":"https:\/\/cosmoflag.com\/es\/wp-json\/wp\/v2\/comments?post=2377"}],"wp:featuredmedia":[{"embeddable":true,"href":"https:\/\/cosmoflag.com\/es\/wp-json\/wp\/v2\/media\/1004"}],"wp:attachment":[{"href":"https:\/\/cosmoflag.com\/es\/wp-json\/wp\/v2\/media?parent=2377"}],"wp:term":[{"taxonomy":"product_brand","embeddable":true,"href":"https:\/\/cosmoflag.com\/es\/wp-json\/wp\/v2\/product_brand?post=2377"},{"taxonomy":"product_cat","embeddable":true,"href":"https:\/\/cosmoflag.com\/es\/wp-json\/wp\/v2\/product_cat?post=2377"},{"taxonomy":"product_tag","embeddable":true,"href":"https:\/\/cosmoflag.com\/es\/wp-json\/wp\/v2\/product_tag?post=2377"}],"curies":[{"name":"wp","href":"https:\/\/api.w.org\/{rel}","templated":true}]}}