{"id":2376,"date":"2024-12-15T14:59:00","date_gmt":"2024-12-15T12:59:00","guid":{"rendered":"https:\/\/cosmoflag.com\/?post_type=product&#038;p=2376"},"modified":"2025-08-12T21:23:23","modified_gmt":"2025-08-12T19:23:23","slug":"bandera-de-etiopia-leon-de-juda","status":"publish","type":"product","link":"https:\/\/cosmoflag.com\/es\/producto\/bandera-de-etiopia-leon-de-juda\/","title":{"rendered":"Etiop\u00eda Bandera del Le\u00f3n de Jud\u00e1"},"content":{"rendered":"<h3>Caracter\u00edsticas de la bandera de Etiop\u00eda con el le\u00f3n<\/h3>\n<p>Nuestra bandera de Etiop\u00eda con el Le\u00f3n de Jud\u00e1 est\u00e1 fabricada en poli\u00e9ster de alta calidad, lo que la hace ideal para un uso duradero, tanto en interiores como en exteriores. Incorpora ojales met\u00e1licos para facilitar su instalaci\u00f3n y una sujeci\u00f3n segura, incluso en condiciones meteorol\u00f3gicas adversas. Disponible en 90 x 150 cm\/35 x 59 pulgadas para una m\u00e1xima visibilidad, nuestra bandera satisface una gran variedad de necesidades, tanto si desea exhibirla en un m\u00e1stil como en una pared.<\/p>\n<h3>Un s\u00edmbolo nacional cargado de historia<\/h3>\n<p>Esta bandera hist\u00f3rica de Etiop\u00eda muestra el Le\u00f3n de Jud\u00e1 en el centro, un poderoso s\u00edmbolo que representa al rey Haile Selassie I y pretende subrayar los v\u00ednculos de la dinast\u00eda salom\u00f3nica con el linaje del rey David. Los colores de la bandera, verde, amarillo y rojo, est\u00e1n dispuestos en bandas horizontales y encierran un rico significado: el verde simboliza la tierra y la esperanza, el amarillo la paz y la armon\u00eda, y el rojo el sacrificio por la independencia. El Le\u00f3n de Jud\u00e1 se representa a menudo sosteniendo un estandarte y una cruz, s\u00edmbolo de la victoria y de la fe cristiana ortodoxa.<\/p>\n<h3>Versatilidad de uso<\/h3>\n<p>Esta bandera se utiliza a menudo en celebraciones culturales, acontecimientos hist\u00f3ricos y por la comunidad rastafari, que la venera como s\u00edmbolo de resistencia contra la opresi\u00f3n. Su dise\u00f1o robusto y sus colores resistentes a la decoloraci\u00f3n garantizan que la bandera conserve su significado y su impacto visual con el paso del tiempo.<\/p>","protected":false},"excerpt":{"rendered":"<p>Bandera de 150 x 90 cm con 2 resistentes ojales met\u00e1licos para colgarla con seguridad.<\/p>","protected":false},"featured_media":1103,"comment_status":"open","ping_status":"closed","template":"","meta":{"_gspb_post_css":"","iawp_total_views":28},"product_brand":[],"product_cat":[60,58],"product_tag":[],"class_list":{"0":"post-2376","1":"product","2":"type-product","3":"status-publish","4":"has-post-thumbnail","6":"product_cat-africa-flags","7":"product_cat-country-flags","9":"first","10":"instock","11":"sale","12":"shipping-taxable","13":"purchasable","14":"product-type-simple"},"_links":{"self":[{"href":"https:\/\/cosmoflag.com\/es\/wp-json\/wp\/v2\/product\/2376","targetHints":{"allow":["GET"]}}],"collection":[{"href":"https:\/\/cosmoflag.com\/es\/wp-json\/wp\/v2\/product"}],"about":[{"href":"https:\/\/cosmoflag.com\/es\/wp-json\/wp\/v2\/types\/product"}],"replies":[{"embeddable":true,"href":"https:\/\/cosmoflag.com\/es\/wp-json\/wp\/v2\/comments?post=2376"}],"wp:featuredmedia":[{"embeddable":true,"href":"https:\/\/cosmoflag.com\/es\/wp-json\/wp\/v2\/media\/1103"}],"wp:attachment":[{"href":"https:\/\/cosmoflag.com\/es\/wp-json\/wp\/v2\/media?parent=2376"}],"wp:term":[{"taxonomy":"product_brand","embeddable":true,"href":"https:\/\/cosmoflag.com\/es\/wp-json\/wp\/v2\/product_brand?post=2376"},{"taxonomy":"product_cat","embeddable":true,"href":"https:\/\/cosmoflag.com\/es\/wp-json\/wp\/v2\/product_cat?post=2376"},{"taxonomy":"product_tag","embeddable":true,"href":"https:\/\/cosmoflag.com\/es\/wp-json\/wp\/v2\/product_tag?post=2376"}],"curies":[{"name":"wp","href":"https:\/\/api.w.org\/{rel}","templated":true}]}}