{"id":2362,"date":"2024-12-14T23:34:00","date_gmt":"2024-12-14T21:34:00","guid":{"rendered":"https:\/\/cosmoflag.com\/?post_type=product&#038;p=2362"},"modified":"2025-08-12T21:23:27","modified_gmt":"2025-08-12T19:23:27","slug":"bandera-de-australia","status":"publish","type":"product","link":"https:\/\/cosmoflag.com\/es\/producto\/bandera-de-australia\/","title":{"rendered":"Bandera de Australia"},"content":{"rendered":"<h3>Caracter\u00edsticas de la bandera australiana<\/h3>\n<p>Nuestra bandera de Australia est\u00e1 fabricada en poli\u00e9ster de alta calidad, lo que la hace ideal para un uso duradero, tanto en interiores como en exteriores. Incorpora ojales met\u00e1licos para facilitar su instalaci\u00f3n y garantizar su sujeci\u00f3n, incluso en condiciones meteorol\u00f3gicas adversas. Disponible en un tama\u00f1o de 90 x 150 cm\/35 x 59 pulgadas para una m\u00e1xima visibilidad, nuestra bandera satisface una gran variedad de necesidades, tanto si desea exhibirla en un m\u00e1stil como en una pared.<\/p>\n<h3>Un s\u00edmbolo nacional cargado de historia<\/h3>\n<p>La bandera de Australia, adoptada por primera vez en 1901, presenta un fondo azul oscuro con la Union Jack en el cant\u00f3n superior izquierdo, que indica la historia del pa\u00eds como colonia brit\u00e1nica. En el lado derecho aparece una gran estrella de la Federaci\u00f3n de siete puntas debajo de la Union Jack, que representa a los seis estados y territorios federales de Australia, y un conjunto de estrellas m\u00e1s peque\u00f1as que forman la constelaci\u00f3n de la Cruz del Sur, un importante rasgo visible en el cielo nocturno australiano y s\u00edmbolo de la identidad australiana.<\/p>\n<h3>Uso vers\u00e1til<\/h3>\n<p>Ya sea para celebraciones nacionales, eventos deportivos, actos culturales o fines educativos, la bandera de Australia es adecuada para todas las ocasiones. Su dise\u00f1o robusto y sus colores resistentes a la decoloraci\u00f3n garantizan que la bandera conserve su significado y su impacto visual con el paso del tiempo.<\/p>","protected":false},"excerpt":{"rendered":"<p>Bandera de 150 x 90 cm con 2 resistentes ojales met\u00e1licos para colgarla con seguridad.<\/p>","protected":false},"featured_media":985,"comment_status":"open","ping_status":"closed","template":"","meta":{"_gspb_post_css":"","iawp_total_views":22},"product_brand":[],"product_cat":[67,58],"product_tag":[],"class_list":{"0":"post-2362","1":"product","2":"type-product","3":"status-publish","4":"has-post-thumbnail","6":"product_cat-oceania-flag","7":"product_cat-country-flags","9":"first","10":"instock","11":"sale","12":"shipping-taxable","13":"purchasable","14":"product-type-simple"},"_links":{"self":[{"href":"https:\/\/cosmoflag.com\/es\/wp-json\/wp\/v2\/product\/2362","targetHints":{"allow":["GET"]}}],"collection":[{"href":"https:\/\/cosmoflag.com\/es\/wp-json\/wp\/v2\/product"}],"about":[{"href":"https:\/\/cosmoflag.com\/es\/wp-json\/wp\/v2\/types\/product"}],"replies":[{"embeddable":true,"href":"https:\/\/cosmoflag.com\/es\/wp-json\/wp\/v2\/comments?post=2362"}],"wp:featuredmedia":[{"embeddable":true,"href":"https:\/\/cosmoflag.com\/es\/wp-json\/wp\/v2\/media\/985"}],"wp:attachment":[{"href":"https:\/\/cosmoflag.com\/es\/wp-json\/wp\/v2\/media?parent=2362"}],"wp:term":[{"taxonomy":"product_brand","embeddable":true,"href":"https:\/\/cosmoflag.com\/es\/wp-json\/wp\/v2\/product_brand?post=2362"},{"taxonomy":"product_cat","embeddable":true,"href":"https:\/\/cosmoflag.com\/es\/wp-json\/wp\/v2\/product_cat?post=2362"},{"taxonomy":"product_tag","embeddable":true,"href":"https:\/\/cosmoflag.com\/es\/wp-json\/wp\/v2\/product_tag?post=2362"}],"curies":[{"name":"wp","href":"https:\/\/api.w.org\/{rel}","templated":true}]}}