{"id":2358,"date":"2024-12-14T23:13:00","date_gmt":"2024-12-14T21:13:00","guid":{"rendered":"https:\/\/cosmoflag.com\/?post_type=product&#038;p=2358"},"modified":"2025-08-12T21:23:28","modified_gmt":"2025-08-12T19:23:28","slug":"bandera-de-la-otan","status":"publish","type":"product","link":"https:\/\/cosmoflag.com\/es\/producto\/bandera-de-la-otan\/","title":{"rendered":"Bandera de la OTAN"},"content":{"rendered":"<h3>Caracter\u00edsticas de la bandera de la OTAN<\/h3>\n<p>Nuestra bandera de la OTAN est\u00e1 fabricada en poli\u00e9ster de alta calidad, lo que la hace ideal para un uso duradero, tanto en interiores como en exteriores. Incorpora ojales met\u00e1licos para facilitar su instalaci\u00f3n, lo que garantiza que se mantenga en su sitio incluso en condiciones meteorol\u00f3gicas adversas. Disponible en un tama\u00f1o de 90 x 150 cm\/35 x 59 pulgadas para una m\u00e1xima visibilidad, nuestra bandera satisface una gran variedad de necesidades, tanto si desea exhibirla en un m\u00e1stil como en una pared.<\/p>\n<h3>Un s\u00edmbolo internacional de importancia<\/h3>\n<p>Adoptada en 1953, la bandera de la OTAN presenta un fondo azul con una br\u00fajula blanca en forma de estrella de cuatro puntas que apunta a los cuatro puntos cardinales. El azul simboliza el Atl\u00e1ntico Norte, que une a las naciones miembros, mientras que la br\u00fajula representa la direcci\u00f3n com\u00fan de estas naciones hacia la paz y la seguridad compartidas. La bandera es ampliamente reconocida como s\u00edmbolo de cooperaci\u00f3n internacional y defensa colectiva.<\/p>\n<h3>Versatilidad de uso<\/h3>\n<p>La bandera de la OTAN se utiliza en contextos oficiales, ceremonias y misiones internacionales para representar la unidad y el compromiso de los pa\u00edses miembros con la seguridad mutua. Su dise\u00f1o robusto y sus colores resistentes a la decoloraci\u00f3n garantizan que la bandera conserve su significado y su impacto visual con el paso del tiempo.<\/p>","protected":false},"excerpt":{"rendered":"<p>Bandera de 150 x 90 cm con 2 resistentes ojales met\u00e1licos para colgarla con seguridad.<\/p>","protected":false},"featured_media":1268,"comment_status":"open","ping_status":"closed","template":"","meta":{"_gspb_post_css":"","iawp_total_views":21},"product_brand":[],"product_cat":[68],"product_tag":[],"class_list":{"0":"post-2358","1":"product","2":"type-product","3":"status-publish","4":"has-post-thumbnail","6":"product_cat-official-flags","8":"first","9":"instock","10":"sale","11":"shipping-taxable","12":"purchasable","13":"product-type-simple"},"_links":{"self":[{"href":"https:\/\/cosmoflag.com\/es\/wp-json\/wp\/v2\/product\/2358","targetHints":{"allow":["GET"]}}],"collection":[{"href":"https:\/\/cosmoflag.com\/es\/wp-json\/wp\/v2\/product"}],"about":[{"href":"https:\/\/cosmoflag.com\/es\/wp-json\/wp\/v2\/types\/product"}],"replies":[{"embeddable":true,"href":"https:\/\/cosmoflag.com\/es\/wp-json\/wp\/v2\/comments?post=2358"}],"wp:featuredmedia":[{"embeddable":true,"href":"https:\/\/cosmoflag.com\/es\/wp-json\/wp\/v2\/media\/1268"}],"wp:attachment":[{"href":"https:\/\/cosmoflag.com\/es\/wp-json\/wp\/v2\/media?parent=2358"}],"wp:term":[{"taxonomy":"product_brand","embeddable":true,"href":"https:\/\/cosmoflag.com\/es\/wp-json\/wp\/v2\/product_brand?post=2358"},{"taxonomy":"product_cat","embeddable":true,"href":"https:\/\/cosmoflag.com\/es\/wp-json\/wp\/v2\/product_cat?post=2358"},{"taxonomy":"product_tag","embeddable":true,"href":"https:\/\/cosmoflag.com\/es\/wp-json\/wp\/v2\/product_tag?post=2358"}],"curies":[{"name":"wp","href":"https:\/\/api.w.org\/{rel}","templated":true}]}}