{"id":2356,"date":"2024-12-14T23:06:00","date_gmt":"2024-12-14T21:06:00","guid":{"rendered":"https:\/\/cosmoflag.com\/?post_type=product&#038;p=2356"},"modified":"2026-05-12T01:58:53","modified_gmt":"2026-05-11T23:58:53","slug":"bandera-de-portugal","status":"publish","type":"product","link":"https:\/\/cosmoflag.com\/es\/producto\/bandera-de-portugal\/","title":{"rendered":"Bandera de Portugal"},"content":{"rendered":"<h3>Caracter\u00edsticas de la bandera portuguesa<\/h3>\n<p>Nuestra bandera de Portugal est\u00e1 fabricada en poli\u00e9ster de alta calidad, lo que la hace ideal para un uso duradero en interiores y exteriores. Incorpora ojales met\u00e1licos para facilitar su instalaci\u00f3n y una sujeci\u00f3n segura, incluso en condiciones meteorol\u00f3gicas adversas. Disponible en 90 x 150 cm para una m\u00e1xima visibilidad y en 60 x 90 cm para espacios m\u00e1s peque\u00f1os, nuestra bandera satisface una gran variedad de necesidades, tanto si desea exhibirla en un m\u00e1stil como en una pared.<\/p>\n<h3>Un s\u00edmbolo nacional cargado de historia<\/h3>\n<p>La bandera de Portugal, adoptada en 1911 tras la instauraci\u00f3n de la Rep\u00fablica, se compone de dos campos verticales: verde a un lado del asta y rojo al otro. El verde simboliza la esperanza y la renovaci\u00f3n, mientras que el rojo representa el coraje y la sangre derramada por quienes defendieron la naci\u00f3n. En el centro de la bandera se encuentra el emblema nacional, consistente en un escudo que contiene cinco peque\u00f1os escudos azules en forma de cruz dispuestos a su vez en cruz, rodeados por siete peque\u00f1as torres y coronados por una esfera armilar, s\u00edmbolo de los descubrimientos mar\u00edtimos portugueses.<\/p>\n<h3>Versatilidad de uso<\/h3>\n<p>Ya sea para celebraciones nacionales, eventos deportivos, actos culturales o fines educativos, la bandera portuguesa es adecuada para todas las ocasiones. Su dise\u00f1o robusto y sus colores resistentes a la decoloraci\u00f3n garantizan que la bandera conserve su significado y su impacto visual con el paso del tiempo.<\/p>","protected":false},"excerpt":{"rendered":"<p>Bandera de 150 x 90 cm con 2 resistentes ojales met\u00e1licos para colgarla con seguridad.<\/p>","protected":false},"featured_media":2154,"comment_status":"open","ping_status":"closed","template":"","meta":{"_gspb_post_css":"","iawp_total_views":52},"product_brand":[],"product_cat":[65,58],"product_tag":[],"class_list":{"0":"post-2356","1":"product","2":"type-product","3":"status-publish","4":"has-post-thumbnail","6":"product_cat-europe-flags","7":"product_cat-country-flags","9":"first","10":"instock","11":"sale","12":"shipping-taxable","13":"purchasable","14":"product-type-simple"},"_links":{"self":[{"href":"https:\/\/cosmoflag.com\/es\/wp-json\/wp\/v2\/product\/2356","targetHints":{"allow":["GET"]}}],"collection":[{"href":"https:\/\/cosmoflag.com\/es\/wp-json\/wp\/v2\/product"}],"about":[{"href":"https:\/\/cosmoflag.com\/es\/wp-json\/wp\/v2\/types\/product"}],"replies":[{"embeddable":true,"href":"https:\/\/cosmoflag.com\/es\/wp-json\/wp\/v2\/comments?post=2356"}],"wp:featuredmedia":[{"embeddable":true,"href":"https:\/\/cosmoflag.com\/es\/wp-json\/wp\/v2\/media\/2154"}],"wp:attachment":[{"href":"https:\/\/cosmoflag.com\/es\/wp-json\/wp\/v2\/media?parent=2356"}],"wp:term":[{"taxonomy":"product_brand","embeddable":true,"href":"https:\/\/cosmoflag.com\/es\/wp-json\/wp\/v2\/product_brand?post=2356"},{"taxonomy":"product_cat","embeddable":true,"href":"https:\/\/cosmoflag.com\/es\/wp-json\/wp\/v2\/product_cat?post=2356"},{"taxonomy":"product_tag","embeddable":true,"href":"https:\/\/cosmoflag.com\/es\/wp-json\/wp\/v2\/product_tag?post=2356"}],"curies":[{"name":"wp","href":"https:\/\/api.w.org\/{rel}","templated":true}]}}