{"id":2352,"date":"2024-12-14T22:49:00","date_gmt":"2024-12-14T20:49:00","guid":{"rendered":"https:\/\/cosmoflag.com\/?post_type=product&#038;p=2352"},"modified":"2025-08-12T21:23:33","modified_gmt":"2025-08-12T19:23:33","slug":"bandera-de-gales","status":"publish","type":"product","link":"https:\/\/cosmoflag.com\/es\/producto\/bandera-de-gales\/","title":{"rendered":"Bandera de Gales"},"content":{"rendered":"<h3>Caracter\u00edsticas de la bandera galesa<\/h3>\n<p>Nuestra bandera de Gales est\u00e1 fabricada en poli\u00e9ster de alta calidad, lo que la hace ideal para un uso duradero, tanto en interiores como en exteriores. Incorpora ojales met\u00e1licos para facilitar su instalaci\u00f3n y una sujeci\u00f3n segura, incluso en condiciones meteorol\u00f3gicas adversas. Disponible en tama\u00f1os de 90 x 150 cm\/35 x 59 pulgadas para una m\u00e1xima visibilidad, nuestra bandera satisface una gran variedad de necesidades, tanto si desea exhibirla en un m\u00e1stil como en una pared.<\/p>\n<h3>Un s\u00edmbolo nacional cargado de historia<\/h3>\n<p>La bandera de Gales, conocida como \"Y Ddraig Goch\" (el drag\u00f3n rojo), presenta un drag\u00f3n rojo que pasa sobre un fondo compuesto por una mitad superior blanca y una mitad inferior verde. Esta bandera es una de las m\u00e1s distintivas y simb\u00f3licas, ya que el drag\u00f3n rojo representa la valent\u00eda y la lucha por la soberan\u00eda galesa a lo largo de los siglos. Los colores verde y blanco simbolizan la tierra y la pureza. La bandera se adopt\u00f3 oficialmente en 1959, pero el drag\u00f3n rojo ha sido un s\u00edmbolo gal\u00e9s durante siglos, apareciendo en muchos cuentos y leyendas.<\/p>\n<h3>Versatilidad de uso<\/h3>\n<p>Ya sea para celebraciones nacionales, festivales culturales, eventos deportivos o fines educativos, la bandera de Gales es adecuada para todas las ocasiones. Su dise\u00f1o robusto y sus colores resistentes a la decoloraci\u00f3n garantizan que la bandera conserve su significado y su impacto visual con el paso del tiempo.<\/p>","protected":false},"excerpt":{"rendered":"<p>Bandera de 150 x 90 cm con 2 resistentes ojales met\u00e1licos para colgarla con seguridad.<\/p>","protected":false},"featured_media":1911,"comment_status":"open","ping_status":"closed","template":"","meta":{"_gspb_post_css":"","iawp_total_views":7},"product_brand":[],"product_cat":[71,70],"product_tag":[],"class_list":{"0":"post-2352","1":"product","2":"type-product","3":"status-publish","4":"has-post-thumbnail","6":"product_cat-united-kingdom-regions-flags","7":"product_cat-regional-flags","9":"first","10":"instock","11":"sale","12":"shipping-taxable","13":"purchasable","14":"product-type-simple"},"_links":{"self":[{"href":"https:\/\/cosmoflag.com\/es\/wp-json\/wp\/v2\/product\/2352","targetHints":{"allow":["GET"]}}],"collection":[{"href":"https:\/\/cosmoflag.com\/es\/wp-json\/wp\/v2\/product"}],"about":[{"href":"https:\/\/cosmoflag.com\/es\/wp-json\/wp\/v2\/types\/product"}],"replies":[{"embeddable":true,"href":"https:\/\/cosmoflag.com\/es\/wp-json\/wp\/v2\/comments?post=2352"}],"wp:featuredmedia":[{"embeddable":true,"href":"https:\/\/cosmoflag.com\/es\/wp-json\/wp\/v2\/media\/1911"}],"wp:attachment":[{"href":"https:\/\/cosmoflag.com\/es\/wp-json\/wp\/v2\/media?parent=2352"}],"wp:term":[{"taxonomy":"product_brand","embeddable":true,"href":"https:\/\/cosmoflag.com\/es\/wp-json\/wp\/v2\/product_brand?post=2352"},{"taxonomy":"product_cat","embeddable":true,"href":"https:\/\/cosmoflag.com\/es\/wp-json\/wp\/v2\/product_cat?post=2352"},{"taxonomy":"product_tag","embeddable":true,"href":"https:\/\/cosmoflag.com\/es\/wp-json\/wp\/v2\/product_tag?post=2352"}],"curies":[{"name":"wp","href":"https:\/\/api.w.org\/{rel}","templated":true}]}}