{"id":2351,"date":"2024-12-14T22:47:00","date_gmt":"2024-12-14T20:47:00","guid":{"rendered":"https:\/\/cosmoflag.com\/?post_type=product&#038;p=2351"},"modified":"2025-08-12T21:23:33","modified_gmt":"2025-08-12T19:23:33","slug":"bandera-de-los-emiratos-arabes-unidos","status":"publish","type":"product","link":"https:\/\/cosmoflag.com\/es\/producto\/bandera-de-los-emiratos-arabes-unidos\/","title":{"rendered":"Bandera de los Emiratos \u00c1rabes Unidos"},"content":{"rendered":"<h3>Caracter\u00edsticas de la bandera de los Emiratos \u00c1rabes Unidos<\/h3>\n<p>Nuestra bandera de los Emiratos \u00c1rabes Unidos est\u00e1 fabricada en poli\u00e9ster de alta calidad, por lo que es ideal para un uso duradero, tanto en interiores como en exteriores. Incorpora ojales met\u00e1licos para facilitar su instalaci\u00f3n y una sujeci\u00f3n segura, incluso en condiciones meteorol\u00f3gicas adversas. Disponible en tama\u00f1os de 90 x 150 cm\/35 x 59 pulgadas para una m\u00e1xima visibilidad, nuestra bandera satisface una gran variedad de necesidades, tanto si desea exhibirla en un m\u00e1stil como en una pared.<\/p>\n<h3>Un s\u00edmbolo nacional cargado de historia<\/h3>\n<p>La bandera de los Emiratos \u00c1rabes Unidos, adoptada en 1971 cuando se form\u00f3 la federaci\u00f3n, presenta tres franjas horizontales de color verde, blanco y negro, con una franja vertical roja en el asta. Cada color tiene un profundo significado asociado a rasgos culturales e hist\u00f3ricos \u00e1rabes: el verde simboliza la fertilidad, el blanco la neutralidad y la paz, el negro la riqueza petrol\u00edfera y el rojo el valor y la fuerza. La bandera representa no s\u00f3lo la unidad y soberan\u00eda de los siete emiratos, sino tambi\u00e9n su identidad \u00e1rabe com\u00fan.<\/p>\n<h3>Versatilidad de uso<\/h3>\n<p>Ya sea para celebraciones nacionales, acontecimientos deportivos, manifestaciones pol\u00edticas o fines educativos, la bandera de los EAU es adecuada para todas las ocasiones. Su dise\u00f1o robusto y sus colores resistentes a la decoloraci\u00f3n garantizan que la bandera conserve su significado y su impacto visual con el paso del tiempo.<\/p>","protected":false},"excerpt":{"rendered":"<p>Bandera de 150 x 90 cm con 2 resistentes ojales met\u00e1licos para colgarla con seguridad.<\/p>","protected":false},"featured_media":2227,"comment_status":"open","ping_status":"closed","template":"","meta":{"_gspb_post_css":"","iawp_total_views":19},"product_brand":[],"product_cat":[66,58],"product_tag":[],"class_list":{"0":"post-2351","1":"product","2":"type-product","3":"status-publish","4":"has-post-thumbnail","6":"product_cat-middle-east-flags","7":"product_cat-country-flags","9":"first","10":"instock","11":"sale","12":"shipping-taxable","13":"purchasable","14":"product-type-simple"},"_links":{"self":[{"href":"https:\/\/cosmoflag.com\/es\/wp-json\/wp\/v2\/product\/2351","targetHints":{"allow":["GET"]}}],"collection":[{"href":"https:\/\/cosmoflag.com\/es\/wp-json\/wp\/v2\/product"}],"about":[{"href":"https:\/\/cosmoflag.com\/es\/wp-json\/wp\/v2\/types\/product"}],"replies":[{"embeddable":true,"href":"https:\/\/cosmoflag.com\/es\/wp-json\/wp\/v2\/comments?post=2351"}],"wp:featuredmedia":[{"embeddable":true,"href":"https:\/\/cosmoflag.com\/es\/wp-json\/wp\/v2\/media\/2227"}],"wp:attachment":[{"href":"https:\/\/cosmoflag.com\/es\/wp-json\/wp\/v2\/media?parent=2351"}],"wp:term":[{"taxonomy":"product_brand","embeddable":true,"href":"https:\/\/cosmoflag.com\/es\/wp-json\/wp\/v2\/product_brand?post=2351"},{"taxonomy":"product_cat","embeddable":true,"href":"https:\/\/cosmoflag.com\/es\/wp-json\/wp\/v2\/product_cat?post=2351"},{"taxonomy":"product_tag","embeddable":true,"href":"https:\/\/cosmoflag.com\/es\/wp-json\/wp\/v2\/product_tag?post=2351"}],"curies":[{"name":"wp","href":"https:\/\/api.w.org\/{rel}","templated":true}]}}