{"id":2350,"date":"2024-12-13T14:38:00","date_gmt":"2024-12-13T12:38:00","guid":{"rendered":"https:\/\/cosmoflag.com\/?post_type=product&#038;p=2350"},"modified":"2025-08-12T21:23:34","modified_gmt":"2025-08-12T19:23:34","slug":"bandera-de-filipinas","status":"publish","type":"product","link":"https:\/\/cosmoflag.com\/es\/producto\/bandera-de-filipinas\/","title":{"rendered":"Bandera de Filipinas"},"content":{"rendered":"<h3><strong>Caracter\u00edsticas de la bandera filipina<\/strong><\/h3>\n<p>Nuestra bandera de Filipinas est\u00e1 fabricada en poli\u00e9ster de alta calidad, lo que la hace ideal para un uso duradero tanto en interiores como en exteriores. Est\u00e1 equipada con ojales met\u00e1licos que facilitan su instalaci\u00f3n y garantizan que se mantenga segura, incluso en condiciones clim\u00e1ticas adversas. Disponible en tama\u00f1o 90 x 150 cm\/35 x 59 pulgadas para una m\u00e1xima visibilidad, nuestra bandera satisface diversas necesidades, tanto si desea exhibirla en un m\u00e1stil como en una pared.<\/p>\n<h3><strong>Un s\u00edmbolo nacional cargado de historia<\/strong><\/h3>\n<p>La bandera de Filipinas es \u00fanica con sus dos franjas horizontales azul y roja, y un tri\u00e1ngulo equil\u00e1tero blanco en el asta que contiene un sol dorado de ocho rayos con tres estrellas doradas en cada punta del tri\u00e1ngulo. El azul representa la paz y la justicia, el rojo simboliza el valor y el sacrificio, y el blanco la igualdad y la fraternidad. Los ocho rayos del sol representan las ocho provincias que iniciaron la revoluci\u00f3n contra Espa\u00f1a, y las tres estrellas simbolizan las tres islas principales de Filipinas: Luz\u00f3n, Visayas y Mindanao. Esta bandera, adoptada en 1898, est\u00e1 profundamente arraigada en la lucha del pa\u00eds por la independencia.<\/p>\n<h3><strong>Versatilidad de uso<\/strong><\/h3>\n<p>Ya sea para celebraciones nacionales, acontecimientos deportivos, manifestaciones pol\u00edticas o fines educativos, la bandera de Filipinas es adecuada para todas las ocasiones. Su dise\u00f1o robusto y sus colores resistentes a la decoloraci\u00f3n garantizan que la bandera conserve su significado y su impacto visual con el paso del tiempo.<\/p>","protected":false},"excerpt":{"rendered":"<p>Bandera de 150 x 90 cm con 2 resistentes ojales met\u00e1licos para colgarla con seguridad.<\/p>","protected":false},"featured_media":2139,"comment_status":"open","ping_status":"closed","template":"","meta":{"_gspb_post_css":"","iawp_total_views":18},"product_brand":[],"product_cat":[64,58],"product_tag":[],"class_list":{"0":"post-2350","1":"product","2":"type-product","3":"status-publish","4":"has-post-thumbnail","6":"product_cat-asia-flags","7":"product_cat-country-flags","9":"first","10":"instock","11":"sale","12":"shipping-taxable","13":"purchasable","14":"product-type-simple"},"_links":{"self":[{"href":"https:\/\/cosmoflag.com\/es\/wp-json\/wp\/v2\/product\/2350","targetHints":{"allow":["GET"]}}],"collection":[{"href":"https:\/\/cosmoflag.com\/es\/wp-json\/wp\/v2\/product"}],"about":[{"href":"https:\/\/cosmoflag.com\/es\/wp-json\/wp\/v2\/types\/product"}],"replies":[{"embeddable":true,"href":"https:\/\/cosmoflag.com\/es\/wp-json\/wp\/v2\/comments?post=2350"}],"wp:featuredmedia":[{"embeddable":true,"href":"https:\/\/cosmoflag.com\/es\/wp-json\/wp\/v2\/media\/2139"}],"wp:attachment":[{"href":"https:\/\/cosmoflag.com\/es\/wp-json\/wp\/v2\/media?parent=2350"}],"wp:term":[{"taxonomy":"product_brand","embeddable":true,"href":"https:\/\/cosmoflag.com\/es\/wp-json\/wp\/v2\/product_brand?post=2350"},{"taxonomy":"product_cat","embeddable":true,"href":"https:\/\/cosmoflag.com\/es\/wp-json\/wp\/v2\/product_cat?post=2350"},{"taxonomy":"product_tag","embeddable":true,"href":"https:\/\/cosmoflag.com\/es\/wp-json\/wp\/v2\/product_tag?post=2350"}],"curies":[{"name":"wp","href":"https:\/\/api.w.org\/{rel}","templated":true}]}}