{"id":2347,"date":"2024-12-13T14:18:00","date_gmt":"2024-12-13T12:18:00","guid":{"rendered":"https:\/\/cosmoflag.com\/?post_type=product&#038;p=2347"},"modified":"2025-08-12T21:23:35","modified_gmt":"2025-08-12T19:23:35","slug":"cruz-de-burdeos-bandera","status":"publish","type":"product","link":"https:\/\/cosmoflag.com\/es\/producto\/cruz-de-burdeos-bandera\/","title":{"rendered":"Cruz de Borgo\u00f1a Bandera"},"content":{"rendered":"<h3>Caracter\u00edsticas de la bandera de la Cruz de Borgo\u00f1a<\/h3>\n<p>Nuestra bandera Cruz de Borgo\u00f1a est\u00e1 fabricada en poli\u00e9ster de alta calidad, por lo que es ideal para un uso duradero, tanto en interiores como en exteriores. Incorpora ojales met\u00e1licos para facilitar su instalaci\u00f3n, garantizando que se mantenga en su sitio, incluso en condiciones meteorol\u00f3gicas adversas. Disponible en 90 x 150 cm para una m\u00e1xima visibilidad, nuestra bandera satisface una gran variedad de necesidades, tanto si desea exhibirla en un m\u00e1stil como en una pared.<\/p>\n<h3>Un s\u00edmbolo hist\u00f3rico de gran importancia<\/h3>\n<p>La Cruz de Borgo\u00f1a, emblema utilizado a partir del siglo XV por los duques de Borgo\u00f1a, alcanz\u00f3 gran notoriedad cuando fue adoptada por los reinos espa\u00f1oles, incluido el periodo del Imperio espa\u00f1ol, en el que figuraba en banderas y estandartes militares. El dise\u00f1o consiste en una cruz de San Andr\u00e9s roja, a menudo con llamas, sobre fondo blanco. La cruz recuerda el martirio de San Andr\u00e9s, del que se dice que fue crucificado en una cruz en forma de X. Simboliza la lucha hist\u00f3rica y el sacrificio. Simboliza la lucha hist\u00f3rica y el sacrificio.<\/p>\n<h3>Versatilidad de uso<\/h3>\n<p>Esta bandera se utiliza a menudo en contextos hist\u00f3ricos, recreaciones o como s\u00edmbolo her\u00e1ldico. Su dise\u00f1o robusto y sus colores resistentes a la decoloraci\u00f3n garantizan que la bandera conserve su significado y su impacto visual con el paso del tiempo.<\/p>","protected":false},"excerpt":{"rendered":"<p>Bandera de 150 x 90 cm con 2 resistentes ojales met\u00e1licos para colgarla con seguridad.<\/p>","protected":false},"featured_media":1056,"comment_status":"open","ping_status":"closed","template":"","meta":{"_gspb_post_css":"","iawp_total_views":8},"product_brand":[],"product_cat":[15,69],"product_tag":[],"class_list":{"0":"post-2347","1":"product","2":"type-product","3":"status-publish","4":"has-post-thumbnail","6":"product_cat-other","7":"product_cat-historical-flags","9":"first","10":"instock","11":"sale","12":"shipping-taxable","13":"purchasable","14":"product-type-simple"},"_links":{"self":[{"href":"https:\/\/cosmoflag.com\/es\/wp-json\/wp\/v2\/product\/2347","targetHints":{"allow":["GET"]}}],"collection":[{"href":"https:\/\/cosmoflag.com\/es\/wp-json\/wp\/v2\/product"}],"about":[{"href":"https:\/\/cosmoflag.com\/es\/wp-json\/wp\/v2\/types\/product"}],"replies":[{"embeddable":true,"href":"https:\/\/cosmoflag.com\/es\/wp-json\/wp\/v2\/comments?post=2347"}],"wp:featuredmedia":[{"embeddable":true,"href":"https:\/\/cosmoflag.com\/es\/wp-json\/wp\/v2\/media\/1056"}],"wp:attachment":[{"href":"https:\/\/cosmoflag.com\/es\/wp-json\/wp\/v2\/media?parent=2347"}],"wp:term":[{"taxonomy":"product_brand","embeddable":true,"href":"https:\/\/cosmoflag.com\/es\/wp-json\/wp\/v2\/product_brand?post=2347"},{"taxonomy":"product_cat","embeddable":true,"href":"https:\/\/cosmoflag.com\/es\/wp-json\/wp\/v2\/product_cat?post=2347"},{"taxonomy":"product_tag","embeddable":true,"href":"https:\/\/cosmoflag.com\/es\/wp-json\/wp\/v2\/product_tag?post=2347"}],"curies":[{"name":"wp","href":"https:\/\/api.w.org\/{rel}","templated":true}]}}