{"id":2346,"date":"2024-12-13T14:13:00","date_gmt":"2024-12-13T12:13:00","guid":{"rendered":"https:\/\/cosmoflag.com\/?post_type=product&#038;p=2346"},"modified":"2025-08-12T21:23:35","modified_gmt":"2025-08-12T19:23:35","slug":"bandera-de-honduras","status":"publish","type":"product","link":"https:\/\/cosmoflag.com\/es\/producto\/bandera-de-honduras\/","title":{"rendered":"Bandera de Honduras"},"content":{"rendered":"<h3>Caracter\u00edsticas de la bandera de Honduras<\/h3>\n<p>Nuestra bandera de Honduras est\u00e1 fabricada en poli\u00e9ster de alta calidad, por lo que es ideal para un uso duradero, tanto en interiores como en exteriores. Incorpora ojales met\u00e1licos para facilitar su instalaci\u00f3n y garantizar su sujeci\u00f3n, incluso en condiciones meteorol\u00f3gicas adversas. Disponible en 90 x 150 cm\/35 x 59 pulgadas para una m\u00e1xima visibilidad, nuestra bandera satisface una gran variedad de necesidades, tanto si desea exhibirla en un m\u00e1stil como en una pared.<\/p>\n<h3>Un s\u00edmbolo nacional cargado de historia<\/h3>\n<p>La bandera de Honduras, adoptada en 1949, est\u00e1 compuesta por tres franjas horizontales, con dos franjas azules en la parte superior e inferior y una franja blanca en el centro. En el centro de la franja blanca hay cinco estrellas azules dispuestas en forma de X. Las franjas azules representan los dos oc\u00e9anos que Honduras esperaba tocar alg\u00fan d\u00eda, el Pac\u00edfico y el Atl\u00e1ntico, mientras que las estrellas simbolizan las cinco naciones originarias de la Federaci\u00f3n Centroamericana, ilustrando las aspiraciones de unidad y solidaridad entre los pa\u00edses de la regi\u00f3n.<\/p>\n<h3>Versatilidad de uso<\/h3>\n<p>Ya sea para celebraciones nacionales, eventos deportivos, manifestaciones pol\u00edticas o fines educativos, la bandera de Honduras es adecuada para todas las ocasiones. Su dise\u00f1o robusto y sus colores resistentes a la decoloraci\u00f3n garantizan que la bandera conserve su significado y su impacto visual con el paso del tiempo.<\/p>","protected":false},"excerpt":{"rendered":"<p>Bandera de 150 x 90 cm con 2 resistentes ojales met\u00e1licos para colgarla con seguridad.<\/p>","protected":false},"featured_media":1985,"comment_status":"open","ping_status":"closed","template":"","meta":{"_gspb_post_css":"","iawp_total_views":2},"product_brand":[],"product_cat":[61,58],"product_tag":[],"class_list":{"0":"post-2346","1":"product","2":"type-product","3":"status-publish","4":"has-post-thumbnail","6":"product_cat-central-america-flags","7":"product_cat-country-flags","9":"first","10":"instock","11":"sale","12":"shipping-taxable","13":"purchasable","14":"product-type-simple"},"_links":{"self":[{"href":"https:\/\/cosmoflag.com\/es\/wp-json\/wp\/v2\/product\/2346","targetHints":{"allow":["GET"]}}],"collection":[{"href":"https:\/\/cosmoflag.com\/es\/wp-json\/wp\/v2\/product"}],"about":[{"href":"https:\/\/cosmoflag.com\/es\/wp-json\/wp\/v2\/types\/product"}],"replies":[{"embeddable":true,"href":"https:\/\/cosmoflag.com\/es\/wp-json\/wp\/v2\/comments?post=2346"}],"wp:featuredmedia":[{"embeddable":true,"href":"https:\/\/cosmoflag.com\/es\/wp-json\/wp\/v2\/media\/1985"}],"wp:attachment":[{"href":"https:\/\/cosmoflag.com\/es\/wp-json\/wp\/v2\/media?parent=2346"}],"wp:term":[{"taxonomy":"product_brand","embeddable":true,"href":"https:\/\/cosmoflag.com\/es\/wp-json\/wp\/v2\/product_brand?post=2346"},{"taxonomy":"product_cat","embeddable":true,"href":"https:\/\/cosmoflag.com\/es\/wp-json\/wp\/v2\/product_cat?post=2346"},{"taxonomy":"product_tag","embeddable":true,"href":"https:\/\/cosmoflag.com\/es\/wp-json\/wp\/v2\/product_tag?post=2346"}],"curies":[{"name":"wp","href":"https:\/\/api.w.org\/{rel}","templated":true}]}}