{"id":2332,"date":"2024-12-12T23:18:00","date_gmt":"2024-12-12T21:18:00","guid":{"rendered":"https:\/\/cosmoflag.com\/?post_type=product&#038;p=2332"},"modified":"2025-08-12T21:23:41","modified_gmt":"2025-08-12T19:23:41","slug":"bandera-lesbiana-feminista","status":"publish","type":"product","link":"https:\/\/cosmoflag.com\/es\/producto\/bandera-lesbiana-feminista\/","title":{"rendered":"Bandera l\u00e9sbica feminista"},"content":{"rendered":"<h3><strong>Caracter\u00edsticas de la bandera l\u00e9sbica feminista<\/strong><\/h3>\n<p>Nuestra bandera l\u00e9sbica feminista est\u00e1 fabricada en poli\u00e9ster de alta calidad, lo que la hace ideal para un uso duradero tanto en interiores como en exteriores. Est\u00e1 equipada con ojales met\u00e1licos que facilitan su instalaci\u00f3n y garantizan que se mantenga segura, incluso en condiciones meteorol\u00f3gicas adversas. Disponible en tama\u00f1os de 90 x 150 cm\/35 x 59 pulgadas para una visibilidad m\u00e1xima, nuestra bandera satisface diversas necesidades, tanto si desea exhibirla en un m\u00e1stil como en una pared.<\/p>\n<h3><strong>Un s\u00edmbolo nacional rico en historia<\/strong><\/h3>\n<p>El s\u00edmbolo central de la bandera es un labrys negro sobre fondo morado. El labrys es un s\u00edmbolo hist\u00f3rico de la comunidad feminista y lesbiana, que evoca fuerza, independencia y solidaridad. El fondo morado evoca los colores del movimiento feminista, reforzando la identidad y la unidad de la comunidad.<\/p>\n<h3><strong>Uso vers\u00e1til<\/strong><\/h3>\n<p>Ya sea para celebraciones del orgullo, reuniones feministas, actos culturales o fines educativos, la bandera feminista de lesbianas labrys se adapta a todas las ocasiones. Su dise\u00f1o robusto y sus colores resistentes a la decoloraci\u00f3n garantizan que la bandera mantenga su significado y su impacto visual con el paso del tiempo.<\/p>","protected":false},"excerpt":{"rendered":"<p>Bandera de 150 x 90 cm con 2 resistentes ojales met\u00e1licos para colgarla con seguridad.<\/p>","protected":false},"featured_media":1200,"comment_status":"open","ping_status":"closed","template":"","meta":{"_gspb_post_css":"","iawp_total_views":14},"product_brand":[],"product_cat":[57],"product_tag":[],"class_list":{"0":"post-2332","1":"product","2":"type-product","3":"status-publish","4":"has-post-thumbnail","6":"product_cat-lgbt-flags","8":"first","9":"instock","10":"sale","11":"shipping-taxable","12":"purchasable","13":"product-type-simple"},"_links":{"self":[{"href":"https:\/\/cosmoflag.com\/es\/wp-json\/wp\/v2\/product\/2332","targetHints":{"allow":["GET"]}}],"collection":[{"href":"https:\/\/cosmoflag.com\/es\/wp-json\/wp\/v2\/product"}],"about":[{"href":"https:\/\/cosmoflag.com\/es\/wp-json\/wp\/v2\/types\/product"}],"replies":[{"embeddable":true,"href":"https:\/\/cosmoflag.com\/es\/wp-json\/wp\/v2\/comments?post=2332"}],"wp:featuredmedia":[{"embeddable":true,"href":"https:\/\/cosmoflag.com\/es\/wp-json\/wp\/v2\/media\/1200"}],"wp:attachment":[{"href":"https:\/\/cosmoflag.com\/es\/wp-json\/wp\/v2\/media?parent=2332"}],"wp:term":[{"taxonomy":"product_brand","embeddable":true,"href":"https:\/\/cosmoflag.com\/es\/wp-json\/wp\/v2\/product_brand?post=2332"},{"taxonomy":"product_cat","embeddable":true,"href":"https:\/\/cosmoflag.com\/es\/wp-json\/wp\/v2\/product_cat?post=2332"},{"taxonomy":"product_tag","embeddable":true,"href":"https:\/\/cosmoflag.com\/es\/wp-json\/wp\/v2\/product_tag?post=2332"}],"curies":[{"name":"wp","href":"https:\/\/api.w.org\/{rel}","templated":true}]}}