{"id":2325,"date":"2024-12-12T14:41:00","date_gmt":"2024-12-12T12:41:00","guid":{"rendered":"https:\/\/cosmoflag.com\/?post_type=product&#038;p=2325"},"modified":"2025-08-12T21:23:43","modified_gmt":"2025-08-12T19:23:43","slug":"bandera-aromatica","status":"publish","type":"product","link":"https:\/\/cosmoflag.com\/es\/producto\/bandera-aromatica\/","title":{"rendered":"Bandera arom\u00e1tica"},"content":{"rendered":"<h3>Caracter\u00edsticas de la bandera arom\u00e1tica<\/h3>\n<p>Nuestra bandera arom\u00e1tica est\u00e1 fabricada en poli\u00e9ster de alta calidad, por lo que es ideal para un uso duradero, tanto en interiores como en exteriores. Incorpora ojales met\u00e1licos para facilitar su instalaci\u00f3n y garantizar su sujeci\u00f3n, incluso en condiciones meteorol\u00f3gicas adversas. Disponible en 90 x 150 cm\/35 x 59 pulgadas para una visibilidad m\u00e1xima, nuestra bandera satisface una gran variedad de necesidades, tanto si desea exhibirla en un m\u00e1stil como en una pared.<\/p>\n<h3>Un s\u00edmbolo cargado de historia<\/h3>\n<p>La bandera arom\u00e1ntica presenta cinco franjas horizontales en los colores verde, gris claro, blanco, gris y negro, de arriba abajo. El verde representa el aromanticismo, el gris claro la zona entre el aromanticismo y el romanticismo, el blanco simboliza las relaciones plat\u00f3nicas y la estima entre parejas arom\u00e1ticas, el gris oscuro representa la zona gris arom\u00e1tica y el negro la asexualidad.<\/p>\n<h3>Uso vers\u00e1til<\/h3>\n<p>Ideal para actos del Orgullo, reuniones comunitarias, eventos culturales o como herramienta educativa, la bandera arom\u00e1ntica es una forma significativa de representar a la comunidad arom\u00e1ntica y concienciar sobre esta orientaci\u00f3n. Su dise\u00f1o robusto y sus colores resistentes a la decoloraci\u00f3n garantizan que la bandera mantendr\u00e1 su vitalidad y significado.<\/p>","protected":false},"excerpt":{"rendered":"<p>Bandera de 150 x 90 cm con 2 resistentes ojales met\u00e1licos para colgarla con seguridad.<\/p>","protected":false},"featured_media":971,"comment_status":"open","ping_status":"closed","template":"","meta":{"_gspb_post_css":"","iawp_total_views":6},"product_brand":[],"product_cat":[57],"product_tag":[],"class_list":{"0":"post-2325","1":"product","2":"type-product","3":"status-publish","4":"has-post-thumbnail","6":"product_cat-lgbt-flags","8":"first","9":"instock","10":"sale","11":"shipping-taxable","12":"purchasable","13":"product-type-simple"},"_links":{"self":[{"href":"https:\/\/cosmoflag.com\/es\/wp-json\/wp\/v2\/product\/2325","targetHints":{"allow":["GET"]}}],"collection":[{"href":"https:\/\/cosmoflag.com\/es\/wp-json\/wp\/v2\/product"}],"about":[{"href":"https:\/\/cosmoflag.com\/es\/wp-json\/wp\/v2\/types\/product"}],"replies":[{"embeddable":true,"href":"https:\/\/cosmoflag.com\/es\/wp-json\/wp\/v2\/comments?post=2325"}],"wp:featuredmedia":[{"embeddable":true,"href":"https:\/\/cosmoflag.com\/es\/wp-json\/wp\/v2\/media\/971"}],"wp:attachment":[{"href":"https:\/\/cosmoflag.com\/es\/wp-json\/wp\/v2\/media?parent=2325"}],"wp:term":[{"taxonomy":"product_brand","embeddable":true,"href":"https:\/\/cosmoflag.com\/es\/wp-json\/wp\/v2\/product_brand?post=2325"},{"taxonomy":"product_cat","embeddable":true,"href":"https:\/\/cosmoflag.com\/es\/wp-json\/wp\/v2\/product_cat?post=2325"},{"taxonomy":"product_tag","embeddable":true,"href":"https:\/\/cosmoflag.com\/es\/wp-json\/wp\/v2\/product_tag?post=2325"}],"curies":[{"name":"wp","href":"https:\/\/api.w.org\/{rel}","templated":true}]}}