{"id":2321,"date":"2024-12-12T14:22:00","date_gmt":"2024-12-12T12:22:00","guid":{"rendered":"https:\/\/cosmoflag.com\/?post_type=product&#038;p=2321"},"modified":"2025-08-12T21:23:44","modified_gmt":"2025-08-12T19:23:44","slug":"bandera-lgbt-progresista","status":"publish","type":"product","link":"https:\/\/cosmoflag.com\/es\/producto\/bandera-lgbt-progresista\/","title":{"rendered":"Bandera Progresista LGBT"},"content":{"rendered":"<h3>Caracter\u00edsticas de la Bandera Progresista LGBT<\/h3>\n<p>Nuestra bandera LGBT Progresista est\u00e1 fabricada en poli\u00e9ster de alta calidad, lo que la hace ideal para un uso duradero, tanto en interiores como en exteriores. Incorpora ojales met\u00e1licos para facilitar su instalaci\u00f3n y garantizar su sujeci\u00f3n, incluso en condiciones meteorol\u00f3gicas adversas. Disponible en 90\u00d7150 cm\/35\u00d759 pulgadas para una visibilidad m\u00e1xima, nuestra bandera satisface una gran variedad de necesidades, tanto si desea exhibirla en un m\u00e1stil como en una pared.<\/p>\n<h3>Un s\u00edmbolo nacional cargado de historia<\/h3>\n<p>La bandera LGBT progresista ampl\u00eda el dise\u00f1o tradicional de la bandera arco iris incorporando colores adicionales como el negro, el marr\u00f3n, el azul, el rosa y el blanco. Estos colores se incluyen para representar espec\u00edficamente a las comunidades trans, negra y marr\u00f3n, destacando la importancia de la inclusi\u00f3n y la visibilidad de todos los miembros de la comunidad LGBT. Esta bandera subraya el compromiso permanente con el progreso y la igualdad.<\/p>\n<h3>Versatilidad de uso<\/h3>\n<p>Ideal para desfiles del orgullo, manifestaciones, actos culturales o como medio para educar sobre la diversidad y la inclusi\u00f3n, la bandera progresista LGBT es adecuada para todas las ocasiones. Su dise\u00f1o robusto y sus colores resistentes a la decoloraci\u00f3n garantizan que la bandera conserve su significado y su impacto visual con el paso del tiempo.<\/p>","protected":false},"excerpt":{"rendered":"<p>Bandera de 150 x 90 cm con 2 resistentes ojales met\u00e1licos para colgarla con seguridad.<\/p>","protected":false},"featured_media":1212,"comment_status":"open","ping_status":"closed","template":"","meta":{"_gspb_post_css":"","iawp_total_views":51},"product_brand":[],"product_cat":[57],"product_tag":[],"class_list":{"0":"post-2321","1":"product","2":"type-product","3":"status-publish","4":"has-post-thumbnail","6":"product_cat-lgbt-flags","8":"first","9":"instock","10":"sale","11":"shipping-taxable","12":"purchasable","13":"product-type-simple"},"_links":{"self":[{"href":"https:\/\/cosmoflag.com\/es\/wp-json\/wp\/v2\/product\/2321","targetHints":{"allow":["GET"]}}],"collection":[{"href":"https:\/\/cosmoflag.com\/es\/wp-json\/wp\/v2\/product"}],"about":[{"href":"https:\/\/cosmoflag.com\/es\/wp-json\/wp\/v2\/types\/product"}],"replies":[{"embeddable":true,"href":"https:\/\/cosmoflag.com\/es\/wp-json\/wp\/v2\/comments?post=2321"}],"wp:featuredmedia":[{"embeddable":true,"href":"https:\/\/cosmoflag.com\/es\/wp-json\/wp\/v2\/media\/1212"}],"wp:attachment":[{"href":"https:\/\/cosmoflag.com\/es\/wp-json\/wp\/v2\/media?parent=2321"}],"wp:term":[{"taxonomy":"product_brand","embeddable":true,"href":"https:\/\/cosmoflag.com\/es\/wp-json\/wp\/v2\/product_brand?post=2321"},{"taxonomy":"product_cat","embeddable":true,"href":"https:\/\/cosmoflag.com\/es\/wp-json\/wp\/v2\/product_cat?post=2321"},{"taxonomy":"product_tag","embeddable":true,"href":"https:\/\/cosmoflag.com\/es\/wp-json\/wp\/v2\/product_tag?post=2321"}],"curies":[{"name":"wp","href":"https:\/\/api.w.org\/{rel}","templated":true}]}}