{"id":2320,"date":"2024-12-12T14:17:00","date_gmt":"2024-12-12T12:17:00","guid":{"rendered":"https:\/\/cosmoflag.com\/?post_type=product&#038;p=2320"},"modified":"2025-08-12T21:23:45","modified_gmt":"2025-08-12T19:23:45","slug":"bandera-lgbt-arco-iris","status":"publish","type":"product","link":"https:\/\/cosmoflag.com\/es\/producto\/bandera-lgbt-arco-iris\/","title":{"rendered":"Bandera Arco Iris LGBT"},"content":{"rendered":"<h3>Caracter\u00edsticas de la bandera arco iris LGBT<\/h3>\n<p>Nuestra bandera arco iris LGBT est\u00e1 fabricada en poli\u00e9ster de alta calidad, por lo que es ideal para un uso duradero, tanto en interiores como en exteriores. Incorpora ojales met\u00e1licos para facilitar su instalaci\u00f3n y garantizar su sujeci\u00f3n, incluso en condiciones meteorol\u00f3gicas adversas. Disponible en 90\u00d7150 cm\/35\u00d759 pulgadas para una m\u00e1xima visibilidad, nuestra bandera satisface una gran variedad de necesidades, tanto si desea exhibirla en un m\u00e1stil como en una pared.<\/p>\n<h3>Un s\u00edmbolo cargado de historia<\/h3>\n<p>La bandera arco iris es el s\u00edmbolo universal de la comunidad LGBTQ+. Creada por Gilbert Baker en 1978, presenta varias bandas de distintos colores, cada una con su propio significado: rojo para la vida, naranja para la curaci\u00f3n, amarillo para el sol, verde para la naturaleza, azul para la armon\u00eda y morado para el esp\u00edritu. Esta bandera celebra la diversidad y la unidad dentro de la comunidad.<\/p>\n<h3>Uso vers\u00e1til<\/h3>\n<p>Ya sea para desfiles del orgullo, actos comunitarios, manifestaciones culturales o como herramienta educativa sobre diversidad e inclusi\u00f3n, la bandera arco iris LGBT es adecuada para todas las ocasiones. Su dise\u00f1o robusto y sus colores resistentes a la decoloraci\u00f3n garantizan que la bandera conserve su significado y su impacto visual con el paso del tiempo.<\/p>","protected":false},"excerpt":{"rendered":"<p>Bandera de 150 x 90 cm con 2 resistentes ojales met\u00e1licos para colgarla con seguridad.<\/p>","protected":false},"featured_media":1219,"comment_status":"open","ping_status":"closed","template":"","meta":{"_gspb_post_css":"","iawp_total_views":79},"product_brand":[],"product_cat":[57],"product_tag":[],"class_list":{"0":"post-2320","1":"product","2":"type-product","3":"status-publish","4":"has-post-thumbnail","6":"product_cat-lgbt-flags","8":"first","9":"instock","10":"sale","11":"shipping-taxable","12":"purchasable","13":"product-type-simple"},"_links":{"self":[{"href":"https:\/\/cosmoflag.com\/es\/wp-json\/wp\/v2\/product\/2320","targetHints":{"allow":["GET"]}}],"collection":[{"href":"https:\/\/cosmoflag.com\/es\/wp-json\/wp\/v2\/product"}],"about":[{"href":"https:\/\/cosmoflag.com\/es\/wp-json\/wp\/v2\/types\/product"}],"replies":[{"embeddable":true,"href":"https:\/\/cosmoflag.com\/es\/wp-json\/wp\/v2\/comments?post=2320"}],"wp:featuredmedia":[{"embeddable":true,"href":"https:\/\/cosmoflag.com\/es\/wp-json\/wp\/v2\/media\/1219"}],"wp:attachment":[{"href":"https:\/\/cosmoflag.com\/es\/wp-json\/wp\/v2\/media?parent=2320"}],"wp:term":[{"taxonomy":"product_brand","embeddable":true,"href":"https:\/\/cosmoflag.com\/es\/wp-json\/wp\/v2\/product_brand?post=2320"},{"taxonomy":"product_cat","embeddable":true,"href":"https:\/\/cosmoflag.com\/es\/wp-json\/wp\/v2\/product_cat?post=2320"},{"taxonomy":"product_tag","embeddable":true,"href":"https:\/\/cosmoflag.com\/es\/wp-json\/wp\/v2\/product_tag?post=2320"}],"curies":[{"name":"wp","href":"https:\/\/api.w.org\/{rel}","templated":true}]}}