{"id":2318,"date":"2024-12-12T14:12:00","date_gmt":"2024-12-12T12:12:00","guid":{"rendered":"https:\/\/cosmoflag.com\/?post_type=product&#038;p=2318"},"modified":"2025-08-12T21:23:45","modified_gmt":"2025-08-12T19:23:45","slug":"bandera-del-orgullo-lgbt-de-filadelfia-2","status":"publish","type":"product","link":"https:\/\/cosmoflag.com\/es\/producto\/bandera-del-orgullo-lgbt-de-filadelfia-2\/","title":{"rendered":"Bandera del Orgullo LGBT de Filadelfia"},"content":{"rendered":"<h3>Caracter\u00edsticas de la bandera del Orgullo LGBT de Filadelfia<\/h3>\n<p>Nuestra bandera LGBT Philadelphia Pride est\u00e1 fabricada en poli\u00e9ster de alta calidad, lo que la hace ideal para un uso duradero, tanto en interiores como en exteriores. Incorpora ojales met\u00e1licos para facilitar su instalaci\u00f3n y garantizar su sujeci\u00f3n, incluso en condiciones meteorol\u00f3gicas adversas. Disponible en 90\u00d7150 cm\/35\u00d759 pulgadas para una m\u00e1xima visibilidad, nuestra bandera satisface una gran variedad de necesidades, tanto si desea exhibirla en un m\u00e1stil como en una pared.<\/p>\n<p><strong>Un s\u00edmbolo nacional cargado de historia<\/strong><\/p>\n<p>La bandera del Orgullo LGBT de Filadelfia a\u00f1ade dos franjas, una negra y otra marr\u00f3n, por encima de los seis colores tradicionales del arco iris de la bandera del Orgullo LGBTQ+. Estas adiciones se hicieron para enfatizar la diversidad y la inclusi\u00f3n, espec\u00edficamente en lo que se refiere a las personas de color dentro de la comunidad LGBTQ+. Esta versi\u00f3n de la bandera se introdujo en 2017 para reforzar la visibilidad de las personas LGBTQ+ negras y morenas, afirmando el compromiso con todas las voces de la comunidad.<\/p>\n<p><strong>Versatilidad de uso<\/strong><\/p>\n<p>Ideal para desfiles del orgullo, manifestaciones, actos culturales o como herramienta educativa, la bandera del Orgullo Filadelfia es un poderoso s\u00edmbolo de inclusi\u00f3n. Su dise\u00f1o robusto y sus colores resistentes a la decoloraci\u00f3n garantizan que la bandera mantenga su impacto visual y su significado con el paso del tiempo.<\/p>","protected":false},"excerpt":{"rendered":"<p>Bandera de 150 x 90 cm con 2 resistentes ojales met\u00e1licos para colgarla con seguridad.<\/p>","protected":false},"featured_media":1206,"comment_status":"open","ping_status":"closed","template":"","meta":{"_gspb_post_css":"","iawp_total_views":12},"product_brand":[],"product_cat":[57],"product_tag":[],"class_list":{"0":"post-2318","1":"product","2":"type-product","3":"status-publish","4":"has-post-thumbnail","6":"product_cat-lgbt-flags","8":"first","9":"instock","10":"sale","11":"shipping-taxable","12":"purchasable","13":"product-type-simple"},"_links":{"self":[{"href":"https:\/\/cosmoflag.com\/es\/wp-json\/wp\/v2\/product\/2318","targetHints":{"allow":["GET"]}}],"collection":[{"href":"https:\/\/cosmoflag.com\/es\/wp-json\/wp\/v2\/product"}],"about":[{"href":"https:\/\/cosmoflag.com\/es\/wp-json\/wp\/v2\/types\/product"}],"replies":[{"embeddable":true,"href":"https:\/\/cosmoflag.com\/es\/wp-json\/wp\/v2\/comments?post=2318"}],"wp:featuredmedia":[{"embeddable":true,"href":"https:\/\/cosmoflag.com\/es\/wp-json\/wp\/v2\/media\/1206"}],"wp:attachment":[{"href":"https:\/\/cosmoflag.com\/es\/wp-json\/wp\/v2\/media?parent=2318"}],"wp:term":[{"taxonomy":"product_brand","embeddable":true,"href":"https:\/\/cosmoflag.com\/es\/wp-json\/wp\/v2\/product_brand?post=2318"},{"taxonomy":"product_cat","embeddable":true,"href":"https:\/\/cosmoflag.com\/es\/wp-json\/wp\/v2\/product_cat?post=2318"},{"taxonomy":"product_tag","embeddable":true,"href":"https:\/\/cosmoflag.com\/es\/wp-json\/wp\/v2\/product_tag?post=2318"}],"curies":[{"name":"wp","href":"https:\/\/api.w.org\/{rel}","templated":true}]}}