{"id":2313,"date":"2024-12-12T13:49:00","date_gmt":"2024-12-12T11:49:00","guid":{"rendered":"https:\/\/cosmoflag.com\/?post_type=product&#038;p=2313"},"modified":"2026-01-12T00:18:30","modified_gmt":"2026-01-11T22:18:30","slug":"bandera-transgenero","status":"publish","type":"product","link":"https:\/\/cosmoflag.com\/es\/producto\/bandera-transgenero\/","title":{"rendered":"Bandera transg\u00e9nero"},"content":{"rendered":"<h3>Caracter\u00edsticas de la bandera transg\u00e9nero<\/h3>\n<p>Nuestra bandera transexual est\u00e1 fabricada en poli\u00e9ster de alta calidad, lo que la hace ideal para un uso duradero, tanto en interiores como en exteriores. Incorpora ojales met\u00e1licos para facilitar su instalaci\u00f3n y garantizar su sujeci\u00f3n, incluso en condiciones meteorol\u00f3gicas adversas. Disponible en 90\u00d7150 cm\/35\u00d759 pulg, para una visibilidad m\u00e1xima, nuestra bandera satisface una gran variedad de necesidades, tanto si desea exhibirla en un m\u00e1stil como en una pared.<\/p>\n<h3>Un s\u00edmbolo nacional cargado de historia<\/h3>\n<p>La bandera transg\u00e9nero, dise\u00f1ada por Monica Helms en 1999, consta de cinco franjas horizontales: dos azules, dos rosas y una blanca en el centro. Los colores azul y rosa representan tradicionalmente a ni\u00f1os y ni\u00f1as, mientras que el blanco simboliza a las personas no binarias, reflejando la diversidad de las identidades transg\u00e9nero.<\/p>\n<h3>Versatilidad de uso<\/h3>\n<p>Ya sea para desfiles del orgullo, actos comunitarios, eventos culturales o como herramienta educativa, la bandera transg\u00e9nero es un poderoso s\u00edmbolo de visibilidad y orgullo. Su dise\u00f1o robusto y sus colores resistentes a la decoloraci\u00f3n garantizan que la bandera conserve su significado y su impacto visual con el paso del tiempo.<\/p>","protected":false},"excerpt":{"rendered":"<p>Bandera de 150 x 90 cm con 2 resistentes ojales met\u00e1licos para colgarla con seguridad.<\/p>","protected":false},"featured_media":1430,"comment_status":"open","ping_status":"closed","template":"","meta":{"_gspb_post_css":"","iawp_total_views":41},"product_brand":[],"product_cat":[57],"product_tag":[],"class_list":{"0":"post-2313","1":"product","2":"type-product","3":"status-publish","4":"has-post-thumbnail","6":"product_cat-lgbt-flags","8":"first","9":"instock","10":"sale","11":"shipping-taxable","12":"purchasable","13":"product-type-simple"},"_links":{"self":[{"href":"https:\/\/cosmoflag.com\/es\/wp-json\/wp\/v2\/product\/2313","targetHints":{"allow":["GET"]}}],"collection":[{"href":"https:\/\/cosmoflag.com\/es\/wp-json\/wp\/v2\/product"}],"about":[{"href":"https:\/\/cosmoflag.com\/es\/wp-json\/wp\/v2\/types\/product"}],"replies":[{"embeddable":true,"href":"https:\/\/cosmoflag.com\/es\/wp-json\/wp\/v2\/comments?post=2313"}],"wp:featuredmedia":[{"embeddable":true,"href":"https:\/\/cosmoflag.com\/es\/wp-json\/wp\/v2\/media\/1430"}],"wp:attachment":[{"href":"https:\/\/cosmoflag.com\/es\/wp-json\/wp\/v2\/media?parent=2313"}],"wp:term":[{"taxonomy":"product_brand","embeddable":true,"href":"https:\/\/cosmoflag.com\/es\/wp-json\/wp\/v2\/product_brand?post=2313"},{"taxonomy":"product_cat","embeddable":true,"href":"https:\/\/cosmoflag.com\/es\/wp-json\/wp\/v2\/product_cat?post=2313"},{"taxonomy":"product_tag","embeddable":true,"href":"https:\/\/cosmoflag.com\/es\/wp-json\/wp\/v2\/product_tag?post=2313"}],"curies":[{"name":"wp","href":"https:\/\/api.w.org\/{rel}","templated":true}]}}