{"id":2312,"date":"2024-12-12T13:43:00","date_gmt":"2024-12-12T11:43:00","guid":{"rendered":"https:\/\/cosmoflag.com\/?post_type=product&#038;p=2312"},"modified":"2026-04-04T13:27:14","modified_gmt":"2026-04-04T11:27:14","slug":"intersex-progress-pride-flag","status":"publish","type":"product","link":"https:\/\/cosmoflag.com\/es\/producto\/intersex-progress-pride-flag\/","title":{"rendered":"Intersex Progress Bandera del Orgullo"},"content":{"rendered":"<h3>Caracter\u00edsticas de la Bandera del Orgullo Intersex Progress<\/h3>\n<p>Nuestra bandera Intersex Progress Pride est\u00e1 fabricada en poli\u00e9ster de alta calidad, por lo que es ideal para un uso duradero, tanto en interiores como en exteriores. Incorpora ojales met\u00e1licos para facilitar su instalaci\u00f3n y garantizar su sujeci\u00f3n, incluso en condiciones meteorol\u00f3gicas adversas. Disponible en 90 x 150 cm para una visibilidad m\u00e1xima, nuestra bandera satisface una gran variedad de necesidades, tanto si quieres exhibirla en un m\u00e1stil como en una pared.<\/p>\n<h3>Un s\u00edmbolo nacional cargado de historia<\/h3>\n<p>La bandera intersexual del Orgullo Progress incorpora el dise\u00f1o de la bandera tradicional del Orgullo Progress con la adici\u00f3n de un c\u00edrculo morado sobre fondo amarillo en la franja de la flecha que apunta a la derecha, que simboliza a la comunidad intersexual. Este dise\u00f1o innovador destaca la importancia de la inclusi\u00f3n y la visibilidad de los intersexuales dentro de la comunidad LGBTQ+. La bandera tambi\u00e9n celebra las contribuciones y la resistencia de las personas transexuales, de color e intersexuales.<\/p>\n<h3>Versatilidad de uso<\/h3>\n<p>Perfecta para desfiles del orgullo, actos comunitarios, manifestaciones culturales o como herramienta educativa, esta bandera es un poderoso s\u00edmbolo de inclusi\u00f3n. Su dise\u00f1o robusto y sus colores resistentes a la decoloraci\u00f3n garantizan que la bandera mantenga su impacto visual y su significado con el paso del tiempo.<\/p>","protected":false},"excerpt":{"rendered":"<p>Bandera de 150 x 90 cm con 2 resistentes ojales met\u00e1licos para colgarla con seguridad.<\/p>","protected":false},"featured_media":1151,"comment_status":"open","ping_status":"closed","template":"","meta":{"_gspb_post_css":"","iawp_total_views":43},"product_brand":[],"product_cat":[57],"product_tag":[],"class_list":{"0":"post-2312","1":"product","2":"type-product","3":"status-publish","4":"has-post-thumbnail","6":"product_cat-lgbt-flags","8":"first","9":"instock","10":"sale","11":"shipping-taxable","12":"purchasable","13":"product-type-simple"},"_links":{"self":[{"href":"https:\/\/cosmoflag.com\/es\/wp-json\/wp\/v2\/product\/2312","targetHints":{"allow":["GET"]}}],"collection":[{"href":"https:\/\/cosmoflag.com\/es\/wp-json\/wp\/v2\/product"}],"about":[{"href":"https:\/\/cosmoflag.com\/es\/wp-json\/wp\/v2\/types\/product"}],"replies":[{"embeddable":true,"href":"https:\/\/cosmoflag.com\/es\/wp-json\/wp\/v2\/comments?post=2312"}],"wp:featuredmedia":[{"embeddable":true,"href":"https:\/\/cosmoflag.com\/es\/wp-json\/wp\/v2\/media\/1151"}],"wp:attachment":[{"href":"https:\/\/cosmoflag.com\/es\/wp-json\/wp\/v2\/media?parent=2312"}],"wp:term":[{"taxonomy":"product_brand","embeddable":true,"href":"https:\/\/cosmoflag.com\/es\/wp-json\/wp\/v2\/product_brand?post=2312"},{"taxonomy":"product_cat","embeddable":true,"href":"https:\/\/cosmoflag.com\/es\/wp-json\/wp\/v2\/product_cat?post=2312"},{"taxonomy":"product_tag","embeddable":true,"href":"https:\/\/cosmoflag.com\/es\/wp-json\/wp\/v2\/product_tag?post=2312"}],"curies":[{"name":"wp","href":"https:\/\/api.w.org\/{rel}","templated":true}]}}