{"id":2559,"date":"2025-01-01T18:44:57","date_gmt":"2025-01-01T18:44:57","guid":{"rendered":"https:\/\/cosmoflag.com\/?page_id=2559"},"modified":"2025-01-05T14:19:20","modified_gmt":"2025-01-05T14:19:20","slug":"politica-de-privacidad","status":"publish","type":"page","link":"https:\/\/cosmoflag.com\/es\/politica-de-privacidad\/","title":{"rendered":"Pol\u00edtica de privacidad"},"content":{"rendered":"<h3 class=\"wp-block-heading\" id=\"introduction-to-cosmoflag-s-privacy-statement\">Introducci\u00f3n a la declaraci\u00f3n de privacidad de Cosmoflag<\/h3>\n\n\n\n<p>En <strong>Cosmobandera<\/strong>Entendemos que la protecci\u00f3n de su privacidad es esencial y nos comprometemos a respetarla. Como tienda online dedicada a la venta de banderas de alta calidad, recopilamos cierta informaci\u00f3n para mejorar su experiencia de compra, al tiempo que garantizamos la seguridad y confidencialidad de sus datos personales.<\/p>\n\n\n\n<p>Nuestra Declaraci\u00f3n de privacidad explica c\u00f3mo y por qu\u00e9 recogemos sus datos personales, c\u00f3mo se utilizan y c\u00f3mo los protegemos. Su confianza es importante para nosotros, por eso tomamos todas las medidas necesarias para asegurar su informaci\u00f3n y permitirle controlar su uso.<\/p>\n\n\n\n<p>Le recomendamos que lea atentamente esta declaraci\u00f3n para comprender nuestras pr\u00e1cticas en relaci\u00f3n con su informaci\u00f3n personal y c\u00f3mo la tratamos. Si tiene alguna pregunta o duda, no dude en ponerse en contacto con nosotros. Proteger su privacidad es fundamental para nuestra misi\u00f3n, y nos comprometemos a salvaguardarla rigurosamente.<\/p>\n\n\n\n<hr class=\"wp-block-separator has-alpha-channel-opacity\"\/>\n\n\n\n<h3 class=\"wp-block-heading\" id=\"article-1-personal-information-collected\">Art\u00edculo 1 - Informaci\u00f3n personal recogida<\/h3>\n\n\n\n<p><strong>Informaci\u00f3n recogida durante las compras<\/strong><br>Cuando realiza una compra en nuestra tienda Cosmoflag, recopilamos la informaci\u00f3n personal que nos proporciona. Esto incluye su nombre, direcci\u00f3n postal y direcci\u00f3n de correo electr\u00f3nico, informaci\u00f3n necesaria para completar su transacci\u00f3n. Estos datos nos permiten procesar sus pedidos, gestionar la entrega de productos y ponernos en contacto con usted en caso necesario en relaci\u00f3n con su compra.<\/p>\n\n\n\n<p><strong>Informaci\u00f3n recopilada durante la navegaci\u00f3n<\/strong><br>Adem\u00e1s de la informaci\u00f3n proporcionada expl\u00edcitamente, recogemos autom\u00e1ticamente ciertos datos cuando usted navega por nuestro sitio. Entre ellos se incluye la direcci\u00f3n de protocolo de Internet (IP) de su ordenador, que nos ayuda a diagnosticar problemas del servidor, gestionar nuestro sitio web e identificar mejoras basadas en c\u00f3mo navegan los visitantes por nuestro sitio. Tambi\u00e9n recogemos datos sobre su tipo de navegador y sistema operativo, que nos ayudan a optimizar el sitio para todos los usuarios.<\/p>\n\n\n\n<p><strong>Marketing por correo electr\u00f3nico<\/strong><br>Con su permiso, podemos enviarle correos electr\u00f3nicos sobre nuestra tienda, nuevos productos y actualizaciones que consideremos de su inter\u00e9s. Estas comunicaciones est\u00e1n dise\u00f1adas para mejorar su experiencia manteni\u00e9ndole informado sobre las \u00faltimas noticias y ofertas de Cosmoflag. Puede darse de baja en cualquier momento si no desea seguir recibiendo estas actualizaciones.<\/p>\n\n\n\n<p>La protecci\u00f3n de su informaci\u00f3n personal es primordial para nosotros, y nos comprometemos a gestionarla con cuidado y responsabilidad. Toda la informaci\u00f3n se gestiona de conformidad con la legislaci\u00f3n aplicable en materia de protecci\u00f3n de datos y con nuestra pol\u00edtica interna de privacidad.<\/p>\n\n\n\n<hr class=\"wp-block-separator has-alpha-channel-opacity\"\/>\n\n\n\n<h3 class=\"wp-block-heading\" id=\"article-2-consent\">Art\u00edculo 2 - Consentimiento<\/h3>\n\n\n\n<p><strong>Obtener su consentimiento<\/strong><br>Cuando usted nos proporciona su informaci\u00f3n personal para completar una transacci\u00f3n, verificar su tarjeta de cr\u00e9dito, hacer un pedido, organizar la entrega o devolver una compra, deducimos que usted consiente que recopilemos y utilicemos su informaci\u00f3n s\u00f3lo para estos fines espec\u00edficos.<\/p>\n\n\n\n<p>Para cualquier otro uso de su informaci\u00f3n personal, como campa\u00f1as de marketing directo, le pediremos expl\u00edcitamente su consentimiento o le daremos la oportunidad de excluirse.<\/p>\n\n\n\n<p><strong>C\u00f3mo retirar su consentimiento<\/strong><br>Si, despu\u00e9s de dar su consentimiento, cambia de opini\u00f3n, tiene derecho a retirar en cualquier momento su consentimiento para que nos pongamos en contacto con usted, recopilemos, utilicemos o divulguemos su informaci\u00f3n. Para retirar su consentimiento, puede ponerse en contacto con nosotros en <strong><a>info@cosmoflag.com<\/a><\/strong> o env\u00ede una carta a nuestra direcci\u00f3n postal, facilitando o confirmando los datos necesarios para que podamos identificar y responder a su solicitud.<\/p>\n\n\n\n<p><strong>Gesti\u00f3n de su consentimiento<\/strong><br>Nos comprometemos a respetar las decisiones que tome en relaci\u00f3n con sus datos personales. Esto incluye no s\u00f3lo el derecho a retirar su consentimiento en cualquier momento, sino tambi\u00e9n la posibilidad de solicitar acceso a los datos personales que tenemos sobre usted y solicitar correcciones si los datos son inexactos o incompletos.<\/p>\n\n\n\n<p>Su confianza es la base de nuestro compromiso con la privacidad. Al ofrecer opciones de consentimiento claras y respetar sus elecciones, nos aseguramos de que sus datos se traten de forma transparente y respetuosa.<\/p>\n\n\n\n<hr class=\"wp-block-separator has-alpha-channel-opacity\"\/>\n\n\n\n<h3 class=\"wp-block-heading\" id=\"article-3-disclosure\">Art\u00edculo 3 - Divulgaci\u00f3n<\/h3>\n\n\n\n<p><strong>Condiciones de divulgaci\u00f3n de sus datos personales<\/strong><br>Nos comprometemos a no vender, comerciar o transferir indebidamente su informaci\u00f3n personal a terceros sin su consentimiento, excepto en las siguientes circunstancias:<\/p>\n\n\n\n<ul class=\"wp-block-list\">\n<li><strong>Requisitos legales<\/strong>: Podemos revelar su informaci\u00f3n personal si as\u00ed lo exige la ley o si usted infringe nuestros T\u00e9rminos y Condiciones. Esto incluye cooperar con las autoridades legales y reguladoras para abordar investigaciones o cumplir con obligaciones legales.<\/li>\n\n\n\n<li><strong>Proveedores de servicios<\/strong>: Su informaci\u00f3n personal puede ser compartida con terceros que presten servicios en nuestro nombre, como procesamiento de pagos, gesti\u00f3n de env\u00edos o an\u00e1lisis de datos. Estos proveedores de servicios se seleccionan cuidadosamente y solo est\u00e1n autorizados a utilizar sus datos para prestar los servicios que les solicitamos, de conformidad con nuestra pol\u00edtica de privacidad.<\/li>\n\n\n\n<li><strong>Operaciones comerciales<\/strong>: En caso de fusi\u00f3n, adquisici\u00f3n o venta de la totalidad o parte de nuestros activos, su informaci\u00f3n personal puede ser transferida. Le notificaremos por correo electr\u00f3nico y\/o mediante un aviso destacado en nuestro sitio web cualquier cambio de propiedad o de uso relativo a sus datos personales, as\u00ed como sus opciones en relaci\u00f3n con estos datos.<\/li>\n\n\n\n<li><strong>Protecci\u00f3n de Cosmoflag y otros<\/strong>: Nos reservamos el derecho a revelar su informaci\u00f3n personal para proteger nuestros derechos, nuestra seguridad, la de nuestros clientes o la de terceros, como en casos de prevenci\u00f3n del fraude y reducci\u00f3n del riesgo de cr\u00e9dito.<\/li>\n<\/ul>\n\n\n\n<p><strong>Seguridad y confidencialidad<\/strong><br>En todos los casos de divulgaci\u00f3n, tomamos medidas para garantizar que sus datos personales permanezcan protegidos de conformidad con esta pol\u00edtica de privacidad y la legislaci\u00f3n aplicable. Los acuerdos con terceros incluyen cl\u00e1usulas que exigen la protecci\u00f3n de su informaci\u00f3n personal y garantizan que estas partes mantengan la confidencialidad y seguridad de los datos.<\/p>\n\n\n\n<p>Nos comprometemos a utilizar sus datos personales de forma responsable y segura, y a ser transparentes sobre los casos en los que esta informaci\u00f3n puede ser compartida. Si tiene alguna pregunta o duda sobre el tratamiento de sus datos personales, p\u00f3ngase en contacto con nosotros.<\/p>\n\n\n\n<hr class=\"wp-block-separator has-alpha-channel-opacity\"\/>\n\n\n\n<h3 class=\"wp-block-heading\" id=\"article-4-wordpress-and-data-security\">Art\u00edculo 4 - WordPress y la seguridad de los datos<\/h3>\n\n\n\n<p><strong>Alojamiento y gesti\u00f3n de datos<\/strong><br>Nuestra tienda est\u00e1 alojada en WordPress, utilizando la plataforma de comercio electr\u00f3nico WooCommerce. WooCommerce proporciona la plataforma online que nos permite vender nuestros productos y servicios. Sus datos se almacenan en los sistemas de almacenamiento de datos de WooCommerce, bases de datos y la aplicaci\u00f3n general de WordPress. Sus datos se guardan en servidores seguros detr\u00e1s de un cortafuegos.<\/p>\n\n\n\n<p><strong>Pago<\/strong><br>Las transacciones en nuestro sitio se procesan a trav\u00e9s de pasarelas de pago externas, que utilizan protocolos de seguridad para cifrar datos confidenciales, como la informaci\u00f3n de las tarjetas de cr\u00e9dito. Aunque WooCommerce facilita estas transacciones, no almacena los datos de tu tarjeta de cr\u00e9dito una vez finalizada la transacci\u00f3n.<\/p>\n\n\n\n<p>Todas las pasarelas de pago utilizadas en nuestro sitio se adhieren a <strong>Normas PCI-DSS<\/strong> gestionado por el <strong>Consejo de Normas de Seguridad de la PCI<\/strong>que es un esfuerzo conjunto de marcas como Visa, MasterCard, American Express y Discover. Estas normas ayudan a garantizar el procesamiento seguro de la informaci\u00f3n de las tarjetas de cr\u00e9dito por parte de nuestra tienda y nuestros proveedores de servicios.<\/p>\n\n\n\n<p><strong>Acceso y gesti\u00f3n de datos personales<\/strong><br>A trav\u00e9s de WordPress y WooCommerce, puede crear una cuenta de usuario para gestionar su informaci\u00f3n personal, realizar un seguimiento de los pedidos y ver los historiales de pago. Puede acceder a esta informaci\u00f3n en cualquier momento iniciando sesi\u00f3n en su cuenta en nuestro sitio.<\/p>\n\n\n\n<p><strong>Seguridad de los datos<\/strong><br>Nos tomamos muy en serio la seguridad de los datos y nos comprometemos a proteger su informaci\u00f3n personal. Se utilizan medidas t\u00e9cnicas de seguridad, como el cifrado SSL\/TLS, para salvaguardar sus datos personales transmitidos a trav\u00e9s de nuestro sitio. Adem\u00e1s, las pr\u00e1cticas de seguridad internas limitan el acceso a sus datos al personal autorizado que los necesita para desempe\u00f1ar sus funciones.<\/p>\n\n\n\n<p>Si WooCommerce o WordPress dejan de cumplir nuestros requisitos operativos o de seguridad, nos reservamos el derecho a cambiar de plataforma. La continuidad y la seguridad de sus datos seguir\u00e1n siendo nuestra prioridad, y se le informar\u00e1 de cualquier cambio significativo que afecte a la forma en que se gestionan sus datos personales.<\/p>\n\n\n\n<p>Si tiene preguntas sobre la seguridad de su informaci\u00f3n personal, p\u00f3ngase en contacto con nosotros.<\/p>\n\n\n\n<h3 class=\"wp-block-heading\" id=\"article-6-security\">Art\u00edculo 6 - Seguridad<\/h3>\n\n\n\n<p><strong>Medidas de seguridad<\/strong><br>En <strong>Cosmobandera<\/strong>la seguridad de sus datos personales es una prioridad absoluta. Aplicamos estrictas medidas de seguridad para proteger su informaci\u00f3n contra el acceso no autorizado, alteraci\u00f3n, divulgaci\u00f3n o destrucci\u00f3n. Estas medidas incluyen protocolos tecnol\u00f3gicos avanzados como el cifrado SSL (Secure Socket Layer) para la transmisi\u00f3n segura de datos en nuestro sitio y el almacenamiento seguro de informaci\u00f3n sensible.<\/p>\n\n\n\n<p><strong>Cifrado de datos<\/strong><br>Cuando usted facilita informaci\u00f3n sobre su tarjeta de cr\u00e9dito, \u00e9sta se transmite de forma segura a nuestros servidores mediante tecnolog\u00eda de encriptaci\u00f3n. A continuaci\u00f3n, los datos se encriptan en nuestra base de datos y s\u00f3lo pueden acceder a ellos las personas autorizadas con derechos de acceso especiales que est\u00e1n obligadas a mantener la confidencialidad de esta informaci\u00f3n. Adem\u00e1s de SSL, utilizamos el cifrado AES-256 para proteger los datos almacenados.<\/p>\n\n\n\n<p><strong>Normas del sector<\/strong><br>Cumplimos las normas del sector para la protecci\u00f3n de datos personales, incluidas las establecidas por la Norma de Seguridad de Datos del Sector de Tarjetas de Pago (PCI-DSS). Nuestras pr\u00e1cticas de seguridad se revisan y actualizan peri\u00f3dicamente para reflejar los avances tecnol\u00f3gicos y las mejores pr\u00e1cticas operativas.<\/p>\n\n\n\n<p><strong>Seguimiento y evaluaci\u00f3n<\/strong><br>Supervisamos continuamente nuestros sistemas para detectar vulnerabilidades de seguridad y posibles ataques. Sin embargo, ning\u00fan sistema de transmisi\u00f3n o almacenamiento electr\u00f3nico es 100% seguro. Aunque nos esforzamos por proteger sus datos personales, no podemos garantizar su seguridad absoluta.<\/p>\n\n\n\n<p><strong>Tratamiento de las violaciones de la seguridad<\/strong><br>En caso de que se produzca una violaci\u00f3n de la seguridad que afecte a su informaci\u00f3n personal, actuaremos con prontitud para identificar la causa, tomar medidas correctivas y notific\u00e1rselo de conformidad con la legislaci\u00f3n aplicable. Nos comprometemos a cooperar con las autoridades pertinentes y a informarle de las medidas que puede tomar para minimizar el impacto.<\/p>\n\n\n\n<p><strong>Responsabilidades del usuario<\/strong><br>Le aconsejamos que tome medidas para proteger su informaci\u00f3n personal en Internet. Esto incluye el uso de contrase\u00f1as seguras, la actualizaci\u00f3n peri\u00f3dica del software y evitar redes Wi-Fi no seguras para las transacciones. La seguridad de su informaci\u00f3n tambi\u00e9n depende de sus medidas proactivas.<\/p>\n\n\n\n<p>Si tiene preguntas sobre la seguridad de sus datos personales o preocupaciones espec\u00edficas, no dude en ponerse en contacto con nuestro equipo de atenci\u00f3n al cliente. Estamos aqu\u00ed para ayudarle a navegar y comprender la seguridad de los datos en Cosmoflag.<\/p>\n\n\n\n<hr class=\"wp-block-separator has-alpha-channel-opacity\"\/>\n\n\n\n<h3 class=\"wp-block-heading\" id=\"article-7-cookies\">Art\u00edculo 7 - Cookies<\/h3>\n\n\n\n<p><strong>Uso de cookies<\/strong><br>En <strong>Cosmobandera<\/strong>, utilizamos cookies para mejorar la experiencia del usuario en nuestro sitio web. Las cookies son peque\u00f1os archivos de datos que se almacenan en su ordenador o dispositivo m\u00f3vil cuando visita nuestro sitio web. Nos permiten reconocer su dispositivo y recordar ciertas preferencias o acciones de visitas anteriores.<\/p>\n\n\n\n<p><strong>Tipos de cookies utilizadas<\/strong><\/p>\n\n\n\n<ul class=\"wp-block-list\">\n<li><strong>Cookies de sesi\u00f3n<\/strong>: Estas cookies almacenan informaci\u00f3n sobre su sesi\u00f3n (referencia, p\u00e1gina de destino, etc.) y expiran cuando cierra el navegador.<\/li>\n\n\n\n<li><strong>Cookies persistentes<\/strong>: Estas cookies permanecen en su dispositivo durante un periodo determinado o hasta que usted las borra. Se utilizan para recordar sus preferencias (por ejemplo, sus datos de acceso) y reconocer su dispositivo a su regreso.<\/li>\n\n\n\n<li><strong>Cookies de rendimiento y an\u00e1lisis<\/strong>: Estas cookies nos ayudan a entender c\u00f3mo interact\u00faan los visitantes con nuestro sitio, proporcionando informaci\u00f3n sobre las \u00e1reas visitadas, el tiempo de permanencia en el sitio y cualquier problema encontrado, como mensajes de error.<\/li>\n<\/ul>\n\n\n\n<p><strong>Gesti\u00f3n de cookies<\/strong><br>Puede controlar y gestionar las cookies de varias maneras. Tenga en cuenta que eliminar o bloquear las cookies puede afectar a su experiencia de usuario, y es posible que algunas funciones dejen de estar disponibles. La mayor\u00eda de los navegadores aceptan cookies por defecto, pero puede modificar la configuraci\u00f3n de su navegador para rechazarlas. Para m\u00e1s informaci\u00f3n sobre la gesti\u00f3n y eliminaci\u00f3n de cookies, visite <a href=\"https:\/\/aboutcookies.org\" target=\"_blank\" rel=\"noopener\">aboutcookies.org<\/a>.<\/p>\n\n\n\n<p><strong>Consentimiento para el uso de cookies<\/strong><br>El uso de nuestro sitio implica su consentimiento para que utilicemos cookies. En su primera visita, un banner le informa sobre el uso de cookies, y usted tiene la opci\u00f3n de aceptarlas o rechazarlas. Seguir utilizando nuestro sitio despu\u00e9s de esta notificaci\u00f3n indica su aceptaci\u00f3n.<\/p>\n\n\n\n<p><strong>Seguridad y privacidad<\/strong><br>Por lo general, las cookies no contienen informaci\u00f3n personal identificable. Sin embargo, la informaci\u00f3n que almacenamos sobre usted puede estar vinculada a los datos obtenidos de las cookies. Aplicamos medidas de seguridad para evitar el acceso no autorizado o el uso indebido de sus datos almacenados.<\/p>\n\n\n\n<p>Si tiene preguntas sobre el uso que hacemos de las cookies o desea m\u00e1s informaci\u00f3n sobre nuestra pol\u00edtica de cookies, p\u00f3ngase en contacto con nosotros. Estamos comprometidos con la transparencia en el tratamiento de sus datos y el respeto a su privacidad.<\/p>\n\n\n\n<hr class=\"wp-block-separator has-alpha-channel-opacity\"\/>\n\n\n\n<h3 class=\"wp-block-heading\" id=\"article-8-age-of-consent\">Art\u00edculo 8 - Edad de consentimiento<\/h3>\n\n\n\n<p><strong>Requisitos de edad para el consentimiento<\/strong><br>Al utilizar este sitio, usted confirma que es mayor de edad en su estado o provincia de residencia y que ha dado su consentimiento para que los menores a su cargo puedan utilizar este sitio. La edad legal viene definida por la legislaci\u00f3n local y suele ser de 18 o 21 a\u00f1os, dependiendo de la jurisdicci\u00f3n.<\/p>\n\n\n\n<p><strong>Uso del sitio por menores<\/strong><br>Si usted es padre o tutor y tiene conocimiento de que su hijo ha facilitado datos personales sin su consentimiento, p\u00f3ngase en contacto con nosotros. Si descubrimos que un menor ha proporcionado datos personales sin el consentimiento de sus padres, tomaremos medidas para eliminar los datos de nuestros servidores.<\/p>\n\n\n\n<p><strong>Responsabilidades de los padres<\/strong><br>Animamos a los padres y tutores a que supervisen la actividad en l\u00ednea de sus hijos y les gu\u00eden en la navegaci\u00f3n segura por Internet. Cosmoflag no recopila conscientemente datos personales de menores sin el consentimiento de sus padres o tutores. Si sospecha que su hijo ha compartido datos personales con nosotros, p\u00f3ngase en contacto con nosotros inmediatamente.<\/p>\n\n\n\n<p><strong>Consentimiento paterno para los servicios en l\u00ednea<\/strong><br>En cumplimiento de la legislaci\u00f3n aplicable, es posible que los padres o tutores deban dar su consentimiento para que los menores accedan a determinados servicios en l\u00ednea. Cosmoflag aplicar\u00e1 procedimientos para validar la edad de los usuarios y obtener el consentimiento paterno antes de recopilar datos personales, de conformidad con la legislaci\u00f3n local e internacional sobre privacidad infantil.<\/p>\n\n\n\n<p><strong>Compromiso de Cosmoflag<\/strong><br>Cosmoflag se dedica a proteger la privacidad y la seguridad de todos los usuarios, especialmente de los ni\u00f1os. Tomamos medidas estrictas para garantizar que el acceso a nuestro sitio y la informaci\u00f3n que recopilamos sean apropiados para la edad del usuario, siguiendo las leyes aplicables.<\/p>\n\n\n\n<p>Para m\u00e1s informaci\u00f3n o preguntas sobre c\u00f3mo tratamos los datos de los menores y su consentimiento, p\u00f3ngase en contacto con nosotros. Nos comprometemos a colaborar con los padres para crear un entorno seguro para los j\u00f3venes usuarios de nuestro sitio.<\/p>\n\n\n\n<hr class=\"wp-block-separator has-alpha-channel-opacity\"\/>\n\n\n\n<h3 class=\"wp-block-heading\" id=\"article-9-changes-to-this-privacy-policy\">Art\u00edculo 9 - Modificaciones de la presente Pol\u00edtica de Privacidad<\/h3>\n\n\n\n<p><strong>Cambios y actualizaciones<\/strong><br>Cosmoflag se reserva el derecho de actualizar o modificar esta pol\u00edtica de privacidad en cualquier momento y sin previo aviso. Los cambios entrar\u00e1n en vigor inmediatamente despu\u00e9s de su publicaci\u00f3n en nuestro sitio web. Le animamos a revisar esta p\u00e1gina con regularidad para mantenerse informado sobre las actualizaciones.<\/p>\n\n\n\n<p><strong>Notificaci\u00f3n de cambios<\/strong><br>En caso de cambios significativos en esta pol\u00edtica de privacidad, nos esforzaremos por notific\u00e1rselo a trav\u00e9s de un aviso destacado en nuestro sitio web o por correo electr\u00f3nico si est\u00e1 suscrito a nuestro bolet\u00edn. De este modo nos aseguramos de que siempre conozca los datos que recopilamos, c\u00f3mo los utilizamos y en qu\u00e9 circunstancias (si las hubiera) los compartimos.<\/p>\n\n\n\n<p><strong>Impacto de los cambios<\/strong><br>Los cambios en nuestra pol\u00edtica de privacidad pueden afectar a la forma en que tratamos los datos personales facilitados antes de la fecha de modificaci\u00f3n. En caso de cambios sustanciales, podemos solicitar la renovaci\u00f3n del consentimiento a los t\u00e9rminos actualizados, dependiendo de la naturaleza de las modificaciones.<\/p>\n\n\n\n<p><strong>Derechos y obligaciones<\/strong><br>Nuestro derecho a modificar la pol\u00edtica de privacidad est\u00e1 vinculado a nuestro compromiso de cumplir las leyes y las normas \u00e9ticas en materia de privacidad y protecci\u00f3n de datos. Los cambios se ajustar\u00e1n siempre a la legislaci\u00f3n aplicable y no reducir\u00e1n sus derechos sin su consentimiento expl\u00edcito.<\/p>\n\n\n\n<p><strong>Historial de cambios<\/strong><br>Para una mayor transparencia, podemos proporcionar un historial de cambios de esta pol\u00edtica de privacidad para ayudarle a realizar un seguimiento de las actualizaciones a lo largo del tiempo. Esto le ayuda a comprender mejor c\u00f3mo procesamos los datos personales y nuestras continuas mejoras en las pr\u00e1cticas de privacidad.<\/p>\n\n\n\n<p><strong>P\u00f3ngase en contacto con<\/strong><br>Si tiene preguntas o dudas sobre esta pol\u00edtica de privacidad o sus cambios, p\u00f3ngase en contacto con nosotros en <strong><a>info@cosmoflag.com<\/a><\/strong>. Nos comprometemos a atender sus consultas y a proporcionarle las aclaraciones necesarias sobre sus derechos y los datos personales que gestionamos.<\/p>\n\n\n\n<hr class=\"wp-block-separator has-alpha-channel-opacity\"\/>\n\n\n\n<h3 class=\"wp-block-heading\" id=\"contact-information\">Informaci\u00f3n de contacto<\/h3>\n\n\n\n<p>Si tiene alguna pregunta, necesita m\u00e1s informaci\u00f3n sobre nuestras pr\u00e1cticas de privacidad o necesita ayuda en relaci\u00f3n con sus datos personales, p\u00f3ngase en contacto con nuestro equipo de atenci\u00f3n al cliente:<\/p>\n\n\n\n<ul class=\"wp-block-list\">\n<li><strong>Correo electr\u00f3nico<\/strong>: P\u00f3ngase en contacto con nosotros en <strong><a>info@cosmoflag.com<\/a><\/strong> con cualquier pregunta o duda.<\/li>\n\n\n\n<li><strong>Direcci\u00f3n postal<\/strong>: Tambi\u00e9n puede escribirnos a la direcci\u00f3n que figura en la secci\u00f3n \"Contacto\" de nuestro sitio web.<\/li>\n\n\n\n<li><strong>Formulario de contacto<\/strong>: Visite nuestro sitio web y utilice el formulario de contacto disponible para enviar directamente sus consultas a nuestro equipo.<\/li>\n<\/ul>\n\n\n\n<p>Nos comprometemos a atender con prontitud todas las solicitudes y a prestar el apoyo necesario para garantizar su satisfacci\u00f3n y la protecci\u00f3n de sus datos personales.<\/p>","protected":false},"excerpt":{"rendered":"<p>Introduction to Cosmoflag&#8217;s Privacy Statement At Cosmoflag, we understand that protecting your privacy is essential, and we are committed to respecting it. As an online store dedicated to selling high-quality flags, we collect certain information to enhance your shopping experience while ensuring the security and confidentiality of your personal data. Our Privacy Statement explains how [&hellip;]<\/p>\n","protected":false},"author":1,"featured_media":0,"parent":0,"menu_order":0,"comment_status":"closed","ping_status":"closed","template":"","meta":{"_gspb_post_css":"","iawp_total_views":5,"footnotes":""},"class_list":["post-2559","page","type-page","status-publish","hentry"],"blocksy_meta":[],"_links":{"self":[{"href":"https:\/\/cosmoflag.com\/es\/wp-json\/wp\/v2\/pages\/2559","targetHints":{"allow":["GET"]}}],"collection":[{"href":"https:\/\/cosmoflag.com\/es\/wp-json\/wp\/v2\/pages"}],"about":[{"href":"https:\/\/cosmoflag.com\/es\/wp-json\/wp\/v2\/types\/page"}],"author":[{"embeddable":true,"href":"https:\/\/cosmoflag.com\/es\/wp-json\/wp\/v2\/users\/1"}],"replies":[{"embeddable":true,"href":"https:\/\/cosmoflag.com\/es\/wp-json\/wp\/v2\/comments?post=2559"}],"version-history":[{"count":0,"href":"https:\/\/cosmoflag.com\/es\/wp-json\/wp\/v2\/pages\/2559\/revisions"}],"wp:attachment":[{"href":"https:\/\/cosmoflag.com\/es\/wp-json\/wp\/v2\/media?parent=2559"}],"curies":[{"name":"wp","href":"https:\/\/api.w.org\/{rel}","templated":true}]}}