{"id":2557,"date":"2025-01-01T18:37:03","date_gmt":"2025-01-01T18:37:03","guid":{"rendered":"https:\/\/cosmoflag.com\/?page_id=2557"},"modified":"2025-01-01T20:53:53","modified_gmt":"2025-01-01T20:53:53","slug":"aviso-legal","status":"publish","type":"page","link":"https:\/\/cosmoflag.com\/es\/aviso-legal\/","title":{"rendered":"Aviso legal"},"content":{"rendered":"<h3 class=\"wp-block-heading\" id=\"identification\">Identificaci\u00f3n<\/h3>\n\n\n\n<p>Este sitio est\u00e1 gestionado por <strong>Cosmobandera<\/strong>.<\/p>\n\n\n\n<p><strong>Direcci\u00f3n<\/strong>:<br>2 rue des Jardins de Cl\u00e9op\u00e2tre, 34170 Castelnau-le-Lez, Francia.<\/p>\n\n\n\n<p><strong>Director de publicaciones<\/strong>:<br>Sr. Koessler, Cosmoflag.<\/p>\n\n\n\n<p>Para cualquier consulta sobre el funcionamiento del sitio, dir\u00edjase a: <strong><a>info@cosmoflag.com<\/a><\/strong>.<\/p>\n\n\n\n<hr class=\"wp-block-separator has-alpha-channel-opacity\"\/>\n\n\n\n<h3 class=\"wp-block-heading\" id=\"terms-of-use\">Condiciones de uso<\/h3>\n\n\n\n<p>Al utilizar este sitio, el visitante reconoce que ha tenido la oportunidad de revisar estas Condiciones de Uso, as\u00ed como las Condiciones Generales de Venta (CGV). Cosmoflag se esfuerza, en la medida de sus posibilidades, por garantizar la exactitud y la actualizaci\u00f3n oportuna de la informaci\u00f3n proporcionada en este sitio, y se reserva el derecho de modificar su contenido en cualquier momento sin previo aviso. No obstante, Cosmoflag no puede garantizar la exactitud, precisi\u00f3n o exhaustividad de la informaci\u00f3n disponible en este sitio.<\/p>\n\n\n\n<p>Como tal, Cosmoflag declina toda responsabilidad por:<\/p>\n\n\n\n<ul class=\"wp-block-list\">\n<li>Cualquier interrupci\u00f3n del sitio o aparici\u00f3n de errores;<\/li>\n\n\n\n<li>Cualquier inexactitud u omisi\u00f3n en la informaci\u00f3n disponible en el sitio;<\/li>\n\n\n\n<li>Cualquier da\u00f1o resultante de la intrusi\u00f3n no autorizada de un tercero que provoque cambios en la informaci\u00f3n facilitada en el sitio;<\/li>\n\n\n\n<li>Y m\u00e1s en general, cualquier da\u00f1o directo o indirecto, independientemente de su causa, origen, naturaleza o consecuencias.<\/li>\n<\/ul>\n\n\n\n<hr class=\"wp-block-separator has-alpha-channel-opacity\"\/>\n\n\n\n<h3 class=\"wp-block-heading\" id=\"links\">Enlaces<\/h3>\n\n\n\n<p>El sitio puede incluir enlaces a otros sitios web o fuentes externas de Internet. Dado que Cosmoflag no puede controlar estos sitios y fuentes externas, Cosmoflag no se hace responsable de la disponibilidad de dichos sitios y fuentes externas y no asume ninguna responsabilidad por el contenido, anuncios, productos, servicios u otros materiales disponibles en o desde estos sitios o fuentes externas.<\/p>\n\n\n\n<hr class=\"wp-block-separator has-alpha-channel-opacity\"\/>\n\n\n\n<h3 class=\"wp-block-heading\" id=\"intellectual-property\">Propiedad intelectual<\/h3>\n\n\n\n<p>El sitio y cualquier software utilizado en relaci\u00f3n con \u00e9l pueden contener informaci\u00f3n confidencial protegida por derechos de propiedad intelectual u otras leyes. Salvo indicaci\u00f3n contraria, los derechos de propiedad intelectual sobre los documentos contenidos en el sitio y cada uno de los elementos creados para este sitio son propiedad exclusiva de Cosmoflag. No se concede ninguna licencia ni derecho que no sea el de consultar el sitio.<\/p>\n\n\n\n<hr class=\"wp-block-separator has-alpha-channel-opacity\"\/>\n\n\n\n<h3 class=\"wp-block-heading\" id=\"photo-credits-and-sources\">Cr\u00e9ditos y fuentes de las fotos<\/h3>\n\n\n\n<p>Las actualizaciones de esta p\u00e1gina no est\u00e1n automatizadas junto con las actualizaciones de las fotos mostradas en el sitio. El sitio puede mostrar fotos de varios fot\u00f3grafos seg\u00fan la temporada.<\/p>\n\n\n\n<hr class=\"wp-block-separator has-alpha-channel-opacity\"\/>\n\n\n\n<h3 class=\"wp-block-heading\" id=\"data-privacy\">Protecci\u00f3n de datos<\/h3>\n\n\n\n<p>Cualquier informaci\u00f3n personal que el usuario pueda transmitir a Cosmoflag para determinados servicios est\u00e1 sujeta a las disposiciones de la Ley francesa de protecci\u00f3n de datos. <strong>Ley n\u00ba 78-17 sobre Inform\u00e1tica, Ficheros y Libertades<\/strong> del 6 de enero de 1978.<\/p>\n\n\n\n<p>Por ello, los usuarios tienen derecho a acceder, rectificar y suprimir la informaci\u00f3n personal que les concierna. Pueden ejercerlo en cualquier momento enviando un correo electr\u00f3nico a: <strong><a>info@cosmoflag.com<\/a><\/strong>.<\/p>\n\n\n\n<hr class=\"wp-block-separator has-alpha-channel-opacity\"\/>\n\n\n\n<h3 class=\"wp-block-heading\" id=\"cookies\">Cookies<\/h3>\n\n\n\n<p>Cosmoflag utiliza cookies para mejorar el servicio personalizado ofrecido a los clientes y medir el tr\u00e1fico del sitio. En su primera visita, los usuarios son informados del uso de estos rastreadores, y la continuaci\u00f3n de la navegaci\u00f3n implica la aceptaci\u00f3n de su uso. La configuraci\u00f3n del dispositivo permite a los usuarios rechazar su uso.<\/p>\n\n\n\n<hr class=\"wp-block-separator has-alpha-channel-opacity\"\/>\n\n\n\n<h3 class=\"wp-block-heading\" id=\"newsletters\">Boletines<\/h3>\n\n\n\n<p>Nuestros boletines se env\u00edan por correo electr\u00f3nico a los usuarios que optan por recibirlos. Puede darse de baja en cualquier momento haciendo clic en el enlace incluido en la parte inferior de cada bolet\u00edn.<\/p>\n\n\n\n<hr class=\"wp-block-separator has-alpha-channel-opacity\"\/>\n\n\n\n<h3 class=\"wp-block-heading\" id=\"for-further-assistance\">Para m\u00e1s asistencia<\/h3>\n\n\n\n<p>Para cualquier otra consulta o informaci\u00f3n adicional, p\u00f3ngase en contacto con nosotros a trav\u00e9s de los medios indicados en nuestro sitio web.<\/p>","protected":false},"excerpt":{"rendered":"<p>Identification This site is operated by Cosmoflag. Address:2 rue des Jardins de Cl\u00e9op\u00e2tre, 34170 Castelnau-le-Lez, France. Publishing Manager:Mr. Koessler, Cosmoflag. For any inquiries regarding the site&#8217;s operation, please contact: info@cosmoflag.com. Terms of Use By using this site, the visitor acknowledges that they have had the opportunity to review these Terms of Use as well as [&hellip;]<\/p>\n","protected":false},"author":1,"featured_media":0,"parent":0,"menu_order":0,"comment_status":"closed","ping_status":"closed","template":"","meta":{"_gspb_post_css":"","iawp_total_views":1,"footnotes":""},"class_list":["post-2557","page","type-page","status-publish","hentry"],"blocksy_meta":[],"_links":{"self":[{"href":"https:\/\/cosmoflag.com\/es\/wp-json\/wp\/v2\/pages\/2557","targetHints":{"allow":["GET"]}}],"collection":[{"href":"https:\/\/cosmoflag.com\/es\/wp-json\/wp\/v2\/pages"}],"about":[{"href":"https:\/\/cosmoflag.com\/es\/wp-json\/wp\/v2\/types\/page"}],"author":[{"embeddable":true,"href":"https:\/\/cosmoflag.com\/es\/wp-json\/wp\/v2\/users\/1"}],"replies":[{"embeddable":true,"href":"https:\/\/cosmoflag.com\/es\/wp-json\/wp\/v2\/comments?post=2557"}],"version-history":[{"count":0,"href":"https:\/\/cosmoflag.com\/es\/wp-json\/wp\/v2\/pages\/2557\/revisions"}],"wp:attachment":[{"href":"https:\/\/cosmoflag.com\/es\/wp-json\/wp\/v2\/media?parent=2557"}],"curies":[{"name":"wp","href":"https:\/\/api.w.org\/{rel}","templated":true}]}}