{"id":2531,"date":"2024-12-20T12:37:00","date_gmt":"2024-12-20T10:37:00","guid":{"rendered":"https:\/\/cosmoflag.com\/?post_type=product&#038;p=2531"},"modified":"2025-08-12T21:18:45","modified_gmt":"2025-08-12T19:18:45","slug":"mosambik-fahne","status":"publish","type":"product","link":"https:\/\/cosmoflag.com\/de\/produkt\/mosambik-fahne\/","title":{"rendered":"Mosambik Flagge"},"content":{"rendered":"<h3><strong>Mosambik Flagge Merkmale<\/strong><\/h3>\n<p>Unsere Mosambik-Flagge ist aus hochwertigem Polyester gefertigt, das f\u00fcr eine lange Lebensdauer im Innen- und Au\u00dfenbereich sorgt. Sie verf\u00fcgt \u00fcber Metall\u00f6sen f\u00fcr eine einfache Montage und sicheren Halt, auch bei schwierigen Wetterbedingungen. Mit einer Gr\u00f6\u00dfe von 90 x 150 cm bietet diese Fahne eine hervorragende Sichtbarkeit an Masten, W\u00e4nden oder bei nationalen Feierlichkeiten und Veranstaltungen.<\/p>\n<h3><strong>Ein Symbol f\u00fcr Einheit und Widerstandsf\u00e4higkeit<\/strong><\/h3>\n<p>Die Flagge von Mosambik, die 1983 offiziell angenommen wurde, zeigt horizontale Streifen in Gr\u00fcn, Schwarz und Gelb, die durch d\u00fcnne wei\u00dfe Linien getrennt sind. Ein rotes Dreieck auf der Hissflagge steht f\u00fcr den Kampf des Landes um seine Unabh\u00e4ngigkeit. Innerhalb des Dreiecks befindet sich ein gelber Stern, der von einem Buch, einer Hacke und einer AK-47 \u00fcberlagert wird und Bildung, Landwirtschaft und Verteidigung symbolisiert. Dieses einzigartige Design verk\u00f6rpert Mosambiks Engagement f\u00fcr Fortschritt und Einheit.<\/p>\n<h3><strong>Vielseitigkeit der Nutzung<\/strong><\/h3>\n<p>Die Flagge von Mosambik eignet sich hervorragend f\u00fcr nationale Feiern, kulturelle Veranstaltungen, Ausstellungen im Bildungsbereich oder pers\u00f6nliche Sammlungen und ist eine aussagekr\u00e4ftige Darstellung der Identit\u00e4t und Werte des Landes. Die verblassungsresistenten Farben und das robuste Design sorgen daf\u00fcr, dass die Fahne lange Zeit lebendig und eindrucksvoll bleibt.<\/p>","protected":false},"excerpt":{"rendered":"<p>150 x 90 cm gro\u00dfe Flagge mit 2 stabilen Metall\u00f6sen zum sicheren Aufh\u00e4ngen.<\/p>","protected":false},"featured_media":1255,"comment_status":"open","ping_status":"closed","template":"","meta":{"_gspb_post_css":"","iawp_total_views":11},"product_brand":[],"product_cat":[60,58],"product_tag":[],"class_list":{"0":"post-2531","1":"product","2":"type-product","3":"status-publish","4":"has-post-thumbnail","6":"product_cat-africa-flags","7":"product_cat-country-flags","9":"first","10":"instock","11":"sale","12":"shipping-taxable","13":"purchasable","14":"product-type-simple"},"_links":{"self":[{"href":"https:\/\/cosmoflag.com\/de\/wp-json\/wp\/v2\/product\/2531","targetHints":{"allow":["GET"]}}],"collection":[{"href":"https:\/\/cosmoflag.com\/de\/wp-json\/wp\/v2\/product"}],"about":[{"href":"https:\/\/cosmoflag.com\/de\/wp-json\/wp\/v2\/types\/product"}],"replies":[{"embeddable":true,"href":"https:\/\/cosmoflag.com\/de\/wp-json\/wp\/v2\/comments?post=2531"}],"wp:featuredmedia":[{"embeddable":true,"href":"https:\/\/cosmoflag.com\/de\/wp-json\/wp\/v2\/media\/1255"}],"wp:attachment":[{"href":"https:\/\/cosmoflag.com\/de\/wp-json\/wp\/v2\/media?parent=2531"}],"wp:term":[{"taxonomy":"product_brand","embeddable":true,"href":"https:\/\/cosmoflag.com\/de\/wp-json\/wp\/v2\/product_brand?post=2531"},{"taxonomy":"product_cat","embeddable":true,"href":"https:\/\/cosmoflag.com\/de\/wp-json\/wp\/v2\/product_cat?post=2531"},{"taxonomy":"product_tag","embeddable":true,"href":"https:\/\/cosmoflag.com\/de\/wp-json\/wp\/v2\/product_tag?post=2531"}],"curies":[{"name":"wp","href":"https:\/\/api.w.org\/{rel}","templated":true}]}}