{"id":2463,"date":"2024-12-17T13:35:00","date_gmt":"2024-12-17T11:35:00","guid":{"rendered":"https:\/\/cosmoflag.com\/?post_type=product&#038;p=2463"},"modified":"2025-10-29T20:26:47","modified_gmt":"2025-10-29T18:26:47","slug":"untere-normandie-flagge","status":"publish","type":"product","link":"https:\/\/cosmoflag.com\/de\/produkt\/untere-normandie-flagge\/","title":{"rendered":"Flagge der Basse-Normandie"},"content":{"rendered":"<h3>Merkmale der Flagge der Basse-Normandie<\/h3>\n<p>Unsere Flagge der Basse-Normandie ist aus hochwertigem Polyester gefertigt und eignet sich daher f\u00fcr den dauerhaften Einsatz im Innen- und Au\u00dfenbereich. Die Fahne ist mit Metall\u00f6sen versehen, damit sie auch bei schlechtem Wetter an ihrem Platz bleibt. Die Fahne ist in den Ma\u00dfen 90 x 150 cm erh\u00e4ltlich und eignet sich f\u00fcr den Einsatz an einem Mast oder an einer Wand.<\/p>\n<h3>Ein geschichtstr\u00e4chtiges regionales Symbol<\/h3>\n<p>Die Flagge der Basse-Normandie mit ihren zwei vorbeiziehenden roten Leoparden auf gelbem Grund ist weit mehr als nur eine regionale Fahne. Inspiriert vom historischen Wappen der Normandie, das auf das Herzogtum Normandie zur Zeit Richards des L\u00f6wenherzens zur\u00fcckgeht, symbolisiert dieses Motiv St\u00e4rke und K\u00fchnheit. Die Leoparden, die in der englischen Heraldik oft als L\u00f6wen interpretiert werden, zeugen von der tiefen historischen Verbundenheit zwischen der Normandie und England.<\/p>\n<h3>Vielseitigkeit der Nutzung<\/h3>\n<p>Ob f\u00fcr regionale Feiern, historische Nachstellungen oder Bildungszwecke, die Flagge der Basse-Normandie eignet sich f\u00fcr alle Anl\u00e4sse. Das robuste Design und die verblassungsresistenten Farben sorgen daf\u00fcr, dass die Fahne ihre Bedeutung und visuelle Wirkung \u00fcber lange Zeit beh\u00e4lt.<\/p>","protected":false},"excerpt":{"rendered":"<p>150 x 90 cm gro\u00dfe Flagge mit 2 stabilen Metall\u00f6sen zum sicheren Aufh\u00e4ngen.<\/p>","protected":false},"featured_media":1233,"comment_status":"open","ping_status":"closed","template":"","meta":{"_gspb_post_css":"","iawp_total_views":8},"product_brand":[],"product_cat":[75,70],"product_tag":[],"class_list":{"0":"post-2463","1":"product","2":"type-product","3":"status-publish","4":"has-post-thumbnail","6":"product_cat-france-regional-flags","7":"product_cat-regional-flags","9":"first","10":"instock","11":"sale","12":"shipping-taxable","13":"purchasable","14":"product-type-simple"},"_links":{"self":[{"href":"https:\/\/cosmoflag.com\/de\/wp-json\/wp\/v2\/product\/2463","targetHints":{"allow":["GET"]}}],"collection":[{"href":"https:\/\/cosmoflag.com\/de\/wp-json\/wp\/v2\/product"}],"about":[{"href":"https:\/\/cosmoflag.com\/de\/wp-json\/wp\/v2\/types\/product"}],"replies":[{"embeddable":true,"href":"https:\/\/cosmoflag.com\/de\/wp-json\/wp\/v2\/comments?post=2463"}],"wp:featuredmedia":[{"embeddable":true,"href":"https:\/\/cosmoflag.com\/de\/wp-json\/wp\/v2\/media\/1233"}],"wp:attachment":[{"href":"https:\/\/cosmoflag.com\/de\/wp-json\/wp\/v2\/media?parent=2463"}],"wp:term":[{"taxonomy":"product_brand","embeddable":true,"href":"https:\/\/cosmoflag.com\/de\/wp-json\/wp\/v2\/product_brand?post=2463"},{"taxonomy":"product_cat","embeddable":true,"href":"https:\/\/cosmoflag.com\/de\/wp-json\/wp\/v2\/product_cat?post=2463"},{"taxonomy":"product_tag","embeddable":true,"href":"https:\/\/cosmoflag.com\/de\/wp-json\/wp\/v2\/product_tag?post=2463"}],"curies":[{"name":"wp","href":"https:\/\/api.w.org\/{rel}","templated":true}]}}